{"id":24448,"date":"2022-11-10T11:51:40","date_gmt":"2022-11-10T11:51:40","guid":{"rendered":"http:\/\/www.sakababeauty.com\/?post_type=product&#038;p=24448"},"modified":"2022-11-10T11:51:40","modified_gmt":"2022-11-10T11:51:40","slug":"e-l-f-brush-total-face","status":"publish","type":"product","link":"https:\/\/sakaba.mghosteur.com\/en\/product\/e-l-f-brush-total-face\/","title":{"rendered":"E.L.F BRUSH TOTAL FACE"},"content":{"rendered":"","protected":false},"excerpt":{"rendered":"","protected":false},"featured_media":0,"comment_status":"closed","ping_status":"closed","template":"","meta":[],"product_brand":[],"product_cat":[322],"product_tag":[],"class_list":{"0":"post-24448","1":"product","2":"type-product","3":"status-publish","5":"product_cat-outils-pinceaux","7":"first","8":"instock","9":"shipping-taxable","10":"product-type-simple"},"jetpack-related-posts":[{"id":29854,"url":"https:\/\/sakaba.mghosteur.com\/en\/product\/kojie-san-exfoliating-face-brush-for-perfect-skin\/","url_meta":{"origin":24448,"position":0},"title":"Kojie San Exfoliating Face Brush for Perfect Skin","author":"admin","date":"April 26, 2023","format":false,"excerpt":"D\u00e9couvrez la nouvelle brosse exfoliante pour le visage de Kojie San pour obtenir une peau parfaite. Fabriqu\u00e9e \u00e0 partir de silicone de qualit\u00e9 alimentaire et respectueuse de l'environnement, cette brosse exfoliante pour le visage est ultra-douce et efficace pour exfolier votre peau sans l'ab\u00eemer. Cette brosse nettoie, \u00e9limine l'apparence des\u2026","rel":"","context":"Similar post","block_context":{"text":"Similar post","link":""},"img":{"alt_text":"","src":"","width":0,"height":0},"classes":[]},{"id":25338,"url":"https:\/\/sakaba.mghosteur.com\/en\/product\/e-l-f-day-to-night-lipstick-duo\/","url_meta":{"origin":24448,"position":1},"title":"e.l.f Day To Night Lipstick Duo","author":"admin","date":"November 14, 2022","format":false,"excerpt":"","rel":"","context":"Similar post","block_context":{"text":"Similar post","link":""},"img":{"alt_text":"","src":"","width":0,"height":0},"classes":[]},{"id":28151,"url":"https:\/\/sakaba.mghosteur.com\/en\/product\/boar-wave-brush\/","url_meta":{"origin":24448,"position":2},"title":"BOAR WAVE BRUSH","author":"admin","date":"November 30, 2022","format":false,"excerpt":"","rel":"","context":"Similar post","block_context":{"text":"Similar post","link":""},"img":{"alt_text":"","src":"","width":0,"height":0},"classes":[]},{"id":33715,"url":"https:\/\/sakaba.mghosteur.com\/en\/product\/mac-brush-140s\/","url_meta":{"origin":24448,"position":3},"title":"MAC BRUSH 140S","author":"admin","date":"May 22, 2024","format":false,"excerpt":"","rel":"","context":"Similar post","block_context":{"text":"Similar post","link":""},"img":{"alt_text":"","src":"","width":0,"height":0},"classes":[]},{"id":33718,"url":"https:\/\/sakaba.mghosteur.com\/en\/product\/mac-brush-196\/","url_meta":{"origin":24448,"position":4},"title":"MAC BRUSH 196","author":"admin","date":"May 22, 2024","format":false,"excerpt":"","rel":"","context":"Similar post","block_context":{"text":"Similar post","link":""},"img":{"alt_text":"","src":"","width":0,"height":0},"classes":[]},{"id":24097,"url":"https:\/\/sakaba.mghosteur.com\/en\/product\/olay-regenerist-facial-cleansing-brush\/","url_meta":{"origin":24448,"position":5},"title":"Olay Regenerist Facial Cleansing Brush","author":"admin","date":"November 9, 2022","format":false,"excerpt":"","rel":"","context":"Similar post","block_context":{"text":"Similar post","link":""},"img":{"alt_text":"","src":"","width":0,"height":0},"classes":[]}],"_links":{"self":[{"href":"https:\/\/sakaba.mghosteur.com\/en\/wp-json\/wp\/v2\/product\/24448","targetHints":{"allow":["GET"]}}],"collection":[{"href":"https:\/\/sakaba.mghosteur.com\/en\/wp-json\/wp\/v2\/product"}],"about":[{"href":"https:\/\/sakaba.mghosteur.com\/en\/wp-json\/wp\/v2\/types\/product"}],"replies":[{"embeddable":true,"href":"https:\/\/sakaba.mghosteur.com\/en\/wp-json\/wp\/v2\/comments?post=24448"}],"version-history":[{"count":0,"href":"https:\/\/sakaba.mghosteur.com\/en\/wp-json\/wp\/v2\/product\/24448\/revisions"}],"wp:attachment":[{"href":"https:\/\/sakaba.mghosteur.com\/en\/wp-json\/wp\/v2\/media?parent=24448"}],"wp:term":[{"taxonomy":"product_brand","embeddable":true,"href":"https:\/\/sakaba.mghosteur.com\/en\/wp-json\/wp\/v2\/product_brand?post=24448"},{"taxonomy":"product_cat","embeddable":true,"href":"https:\/\/sakaba.mghosteur.com\/en\/wp-json\/wp\/v2\/product_cat?post=24448"},{"taxonomy":"product_tag","embeddable":true,"href":"https:\/\/sakaba.mghosteur.com\/en\/wp-json\/wp\/v2\/product_tag?post=24448"}],"curies":[{"name":"wp","href":"https:\/\/api.w.org\/{rel}","templated":true}]}}