{"id":24463,"date":"2022-11-10T11:53:52","date_gmt":"2022-11-10T11:53:52","guid":{"rendered":"http:\/\/www.sakababeauty.com\/?post_type=product&#038;p=24463"},"modified":"2022-11-10T11:53:52","modified_gmt":"2022-11-10T11:53:52","slug":"ambi-complexion-cleansing-bar","status":"publish","type":"product","link":"https:\/\/sakaba.mghosteur.com\/en\/product\/ambi-complexion-cleansing-bar\/","title":{"rendered":"AMBI COMPLEXION CLEANSING BAR"},"content":{"rendered":"","protected":false},"excerpt":{"rendered":"","protected":false},"featured_media":0,"comment_status":"closed","ping_status":"closed","template":"","meta":[],"product_brand":[],"product_cat":[446],"product_tag":[],"class_list":{"0":"post-24463","1":"product","2":"type-product","3":"status-publish","5":"product_cat-nettoyant","7":"first","8":"instock","9":"shipping-taxable","10":"product-type-simple"},"jetpack-related-posts":[{"id":26489,"url":"https:\/\/sakaba.mghosteur.com\/en\/product\/palmers-skin-sucess-complexion-bar\/","url_meta":{"origin":24463,"position":0},"title":"PALMERS SKIN SUCESS COMPLEXION BAR","author":"admin","date":"November 25, 2022","format":false,"excerpt":"Le Pain de Teint Anti-Taches de la marque Palmer's est un produit de nettoyage doux pour la peau, con\u00e7u pour \u00e9claircir et uniformiser le teint. Ce produit est sp\u00e9cialement formul\u00e9 pour fonctionner en harmonie avec les produits anti-taches de Palmer's pour obtenir un teint plus uniforme et plus \u00e9clatant. La\u2026","rel":"","context":"Similar post","block_context":{"text":"Similar post","link":""},"img":{"alt_text":"","src":"","width":0,"height":0},"classes":[]},{"id":26472,"url":"https:\/\/sakaba.mghosteur.com\/en\/product\/miracles-cleansing-bar\/","url_meta":{"origin":24463,"position":1},"title":"MIRACLES CLEANSING BAR","author":"admin","date":"November 25, 2022","format":false,"excerpt":"","rel":"","context":"Similar post","block_context":{"text":"Similar post","link":""},"img":{"alt_text":"","src":"","width":0,"height":0},"classes":[]},{"id":26267,"url":"https:\/\/sakaba.mghosteur.com\/en\/product\/medicated-cleansing-bar-soap\/","url_meta":{"origin":24463,"position":2},"title":"MEDICATED CLEANSING BAR SOAP","author":"admin","date":"November 24, 2022","format":false,"excerpt":"","rel":"","context":"Similar post","block_context":{"text":"Similar post","link":""},"img":{"alt_text":"","src":"","width":0,"height":0},"classes":[]},{"id":27029,"url":"https:\/\/sakaba.mghosteur.com\/en\/product\/urban-skin-rx-cleansing-bar-blanc-100g\/","url_meta":{"origin":24463,"position":3},"title":"URBAN SKIN RX CLEANSING BAR BLANC 100G","author":"admin","date":"November 28, 2022","format":false,"excerpt":"","rel":"","context":"Similar post","block_context":{"text":"Similar post","link":""},"img":{"alt_text":"","src":"","width":0,"height":0},"classes":[]},{"id":26995,"url":"https:\/\/sakaba.mghosteur.com\/en\/product\/urban-skin-rx-even-tone-cleansing-bar-100g\/","url_meta":{"origin":24463,"position":4},"title":"URBAN SKIN RX EVEN TONE CLEANSING BAR 100G","author":"admin","date":"November 28, 2022","format":false,"excerpt":"","rel":"","context":"Similar post","block_context":{"text":"Similar post","link":""},"img":{"alt_text":"","src":"","width":0,"height":0},"classes":[]},{"id":26281,"url":"https:\/\/sakaba.mghosteur.com\/en\/product\/some-by-me-multi-vita-cleansing-bar-v10-pure-vitamin-c\/","url_meta":{"origin":24463,"position":5},"title":"SOME BY ME MULTI VITA CLEANSING BAR V10 PURE VITAMIN C","author":"admin","date":"November 24, 2022","format":false,"excerpt":"","rel":"","context":"Similar post","block_context":{"text":"Similar post","link":""},"img":{"alt_text":"","src":"","width":0,"height":0},"classes":[]}],"_links":{"self":[{"href":"https:\/\/sakaba.mghosteur.com\/en\/wp-json\/wp\/v2\/product\/24463","targetHints":{"allow":["GET"]}}],"collection":[{"href":"https:\/\/sakaba.mghosteur.com\/en\/wp-json\/wp\/v2\/product"}],"about":[{"href":"https:\/\/sakaba.mghosteur.com\/en\/wp-json\/wp\/v2\/types\/product"}],"replies":[{"embeddable":true,"href":"https:\/\/sakaba.mghosteur.com\/en\/wp-json\/wp\/v2\/comments?post=24463"}],"version-history":[{"count":0,"href":"https:\/\/sakaba.mghosteur.com\/en\/wp-json\/wp\/v2\/product\/24463\/revisions"}],"wp:attachment":[{"href":"https:\/\/sakaba.mghosteur.com\/en\/wp-json\/wp\/v2\/media?parent=24463"}],"wp:term":[{"taxonomy":"product_brand","embeddable":true,"href":"https:\/\/sakaba.mghosteur.com\/en\/wp-json\/wp\/v2\/product_brand?post=24463"},{"taxonomy":"product_cat","embeddable":true,"href":"https:\/\/sakaba.mghosteur.com\/en\/wp-json\/wp\/v2\/product_cat?post=24463"},{"taxonomy":"product_tag","embeddable":true,"href":"https:\/\/sakaba.mghosteur.com\/en\/wp-json\/wp\/v2\/product_tag?post=24463"}],"curies":[{"name":"wp","href":"https:\/\/api.w.org\/{rel}","templated":true}]}}