{"id":24471,"date":"2022-11-10T11:56:57","date_gmt":"2022-11-10T11:56:57","guid":{"rendered":"http:\/\/www.sakababeauty.com\/?post_type=product&#038;p=24471"},"modified":"2022-11-10T11:58:56","modified_gmt":"2022-11-10T11:58:56","slug":"bioderma-atoderm-creme","status":"publish","type":"product","link":"https:\/\/sakaba.mghosteur.com\/en\/product\/bioderma-atoderm-creme\/","title":{"rendered":"BIODERMA ATODERM CREME"},"content":{"rendered":"","protected":false},"excerpt":{"rendered":"","protected":false},"featured_media":0,"comment_status":"closed","ping_status":"closed","template":"","meta":[],"product_brand":[],"product_cat":[355,450],"product_tag":[],"class_list":{"0":"post-24471","1":"product","2":"type-product","3":"status-publish","5":"product_cat-hydratant-corps","6":"product_cat-soin-de-la-peau","8":"first","9":"instock","10":"shipping-taxable","11":"product-type-simple"},"jetpack-related-posts":[{"id":24476,"url":"https:\/\/sakaba.mghosteur.com\/en\/product\/bioderma-atoderm-intensive-baume\/","url_meta":{"origin":24471,"position":0},"title":"BIODERMA ATODERM INTENSIVE BAUME","author":"admin","date":"November 10, 2022","format":false,"excerpt":"","rel":"","context":"Similar post","block_context":{"text":"Similar post","link":""},"img":{"alt_text":"","src":"","width":0,"height":0},"classes":[]},{"id":24468,"url":"https:\/\/sakaba.mghosteur.com\/en\/product\/bioderma-atoderm-huile-de-douche\/","url_meta":{"origin":24471,"position":1},"title":"BIODERMA ATODERM HUILE DE DOUCHE","author":"admin","date":"November 10, 2022","format":false,"excerpt":"","rel":"","context":"Similar post","block_context":{"text":"Similar post","link":""},"img":{"alt_text":"","src":"","width":0,"height":0},"classes":[]},{"id":24480,"url":"https:\/\/sakaba.mghosteur.com\/en\/product\/bioderma-atoderm-gel-douche\/","url_meta":{"origin":24471,"position":2},"title":"ATODERM GEL DOUCHE 500ML","author":"admin","date":"November 10, 2022","format":false,"excerpt":"D\u00e9couvrez Atoderm Gel douche de la marque BIODERMA, un produit doux et protecteur pour toute la famille (sauf nourrissons pr\u00e9matur\u00e9s). Gr\u00e2ce \u00e0 sa formule sans savon et \u00e0 sa texture gel moussant onctueuse, il nettoie en douceur tout en adoucissant et prot\u00e9geant la peau. Sa couleur bleut\u00e9e naturelle et son\u2026","rel":"","context":"Similar post","block_context":{"text":"Similar post","link":""},"img":{"alt_text":"","src":"","width":0,"height":0},"classes":[]},{"id":30306,"url":"https:\/\/sakaba.mghosteur.com\/en\/product\/atoderm-gel-douche-1l\/","url_meta":{"origin":24471,"position":3},"title":"ATODERM GEL DOUCHE 1L","author":"admin","date":"May 8, 2023","format":false,"excerpt":"D\u00e9couvrez Atoderm Gel douche de la marque BIODERMA, un produit doux et protecteur pour toute la famille (sauf nourrissons pr\u00e9matur\u00e9s). Gr\u00e2ce \u00e0 sa formule sans savon et \u00e0 sa texture gel moussant onctueuse, il nettoie en douceur tout en adoucissant et prot\u00e9geant la peau. Sa couleur bleut\u00e9e naturelle et son\u2026","rel":"","context":"Similar post","block_context":{"text":"Similar post","link":""},"img":{"alt_text":"","src":"","width":0,"height":0},"classes":[]},{"id":24486,"url":"https:\/\/sakaba.mghosteur.com\/en\/product\/bioderma-sebium-gel-moussant\/","url_meta":{"origin":24471,"position":4},"title":"BIODERMA SEBIUM GEL MOUSSANT","author":"admin","date":"November 10, 2022","format":false,"excerpt":"","rel":"","context":"Similar post","block_context":{"text":"Similar post","link":""},"img":{"alt_text":"","src":"","width":0,"height":0},"classes":[]},{"id":24488,"url":"https:\/\/sakaba.mghosteur.com\/en\/product\/bioderma-sebium-pore-refiner\/","url_meta":{"origin":24471,"position":5},"title":"BIODERMA SEBIUM PORE REFINER","author":"admin","date":"November 10, 2022","format":false,"excerpt":"","rel":"","context":"Similar post","block_context":{"text":"Similar post","link":""},"img":{"alt_text":"","src":"","width":0,"height":0},"classes":[]}],"_links":{"self":[{"href":"https:\/\/sakaba.mghosteur.com\/en\/wp-json\/wp\/v2\/product\/24471","targetHints":{"allow":["GET"]}}],"collection":[{"href":"https:\/\/sakaba.mghosteur.com\/en\/wp-json\/wp\/v2\/product"}],"about":[{"href":"https:\/\/sakaba.mghosteur.com\/en\/wp-json\/wp\/v2\/types\/product"}],"replies":[{"embeddable":true,"href":"https:\/\/sakaba.mghosteur.com\/en\/wp-json\/wp\/v2\/comments?post=24471"}],"version-history":[{"count":0,"href":"https:\/\/sakaba.mghosteur.com\/en\/wp-json\/wp\/v2\/product\/24471\/revisions"}],"wp:attachment":[{"href":"https:\/\/sakaba.mghosteur.com\/en\/wp-json\/wp\/v2\/media?parent=24471"}],"wp:term":[{"taxonomy":"product_brand","embeddable":true,"href":"https:\/\/sakaba.mghosteur.com\/en\/wp-json\/wp\/v2\/product_brand?post=24471"},{"taxonomy":"product_cat","embeddable":true,"href":"https:\/\/sakaba.mghosteur.com\/en\/wp-json\/wp\/v2\/product_cat?post=24471"},{"taxonomy":"product_tag","embeddable":true,"href":"https:\/\/sakaba.mghosteur.com\/en\/wp-json\/wp\/v2\/product_tag?post=24471"}],"curies":[{"name":"wp","href":"https:\/\/api.w.org\/{rel}","templated":true}]}}