{"id":24479,"date":"2022-11-10T11:59:50","date_gmt":"2022-11-10T11:59:50","guid":{"rendered":"http:\/\/www.sakababeauty.com\/?post_type=product&#038;p=24479"},"modified":"2022-11-10T11:59:51","modified_gmt":"2022-11-10T11:59:51","slug":"juvias-place-loose-highlighter-the-royalty","status":"publish","type":"product","link":"https:\/\/sakaba.mghosteur.com\/en\/product\/juvias-place-loose-highlighter-the-royalty\/","title":{"rendered":"JUVIA&#8217;S PLACE Loose Highlighter The Royalty"},"content":{"rendered":"","protected":false},"excerpt":{"rendered":"","protected":false},"featured_media":0,"comment_status":"closed","ping_status":"closed","template":"","meta":[],"product_brand":[],"product_cat":[377],"product_tag":[],"class_list":{"0":"post-24479","1":"product","2":"type-product","3":"status-publish","5":"product_cat-bath-body-works","7":"first","8":"instock","9":"shipping-taxable","10":"product-type-simple"},"jetpack-related-posts":[{"id":24472,"url":"https:\/\/sakaba.mghosteur.com\/en\/product\/juvias-place-loose-highlighter\/","url_meta":{"origin":24479,"position":0},"title":"JUVIA&#8217;S PLACE Loose Highlighter","author":"admin","date":"November 10, 2022","format":false,"excerpt":"","rel":"","context":"Similar post","block_context":{"text":"Similar post","link":""},"img":{"alt_text":"","src":"","width":0,"height":0},"classes":[]},{"id":33805,"url":"https:\/\/sakaba.mghosteur.com\/en\/product\/juvia-s-place-bronzed-sunkissed\/","url_meta":{"origin":24479,"position":1},"title":"JUVIA S PLACE BRONZED SUNKISSED","author":"admin","date":"May 23, 2024","format":false,"excerpt":"Cr\u00e8me bronzante JUVIA'S PLACE Bronzed Cream Bronzer, votre ticket ultime pour un teint ensoleill\u00e9 et radieux toute l'ann\u00e9e. Am\u00e9liorez votre routine de maquillage avec cette luxueuse cr\u00e8me bronzante qui offre sans effort un \u00e9clat naturel et illumin\u00e9 de l'int\u00e9rieur.","rel":"","context":"Similar post","block_context":{"text":"Similar post","link":""},"img":{"alt_text":"","src":"","width":0,"height":0},"classes":[]},{"id":33799,"url":"https:\/\/sakaba.mghosteur.com\/en\/product\/juvia-s-place-bronzed-amber\/","url_meta":{"origin":24479,"position":2},"title":"JUVIA S PLACE BRONZED AMBER","author":"admin","date":"May 23, 2024","format":false,"excerpt":"","rel":"","context":"Similar post","block_context":{"text":"Similar post","link":""},"img":{"alt_text":"","src":"","width":0,"height":0},"classes":[]},{"id":33802,"url":"https:\/\/sakaba.mghosteur.com\/en\/product\/juvia-s-place-bronzed-nutmeg\/","url_meta":{"origin":24479,"position":3},"title":"JUVIA S PLACE BRONZED NUTMEG","author":"admin","date":"May 23, 2024","format":false,"excerpt":"","rel":"","context":"Similar post","block_context":{"text":"Similar post","link":""},"img":{"alt_text":"","src":"","width":0,"height":0},"classes":[]},{"id":23129,"url":"https:\/\/sakaba.mghosteur.com\/en\/product\/juvias-place-velvety-matte-foundation\/","url_meta":{"origin":24479,"position":4},"title":"JUVIA&#8217;S PLACE Velvety Matte Foundation","author":"admin","date":"October 25, 2022","format":false,"excerpt":"","rel":"","context":"Similar post","block_context":{"text":"Similar post","link":""},"img":{"alt_text":"","src":"","width":0,"height":0},"classes":[]},{"id":33790,"url":"https:\/\/sakaba.mghosteur.com\/en\/product\/juvia-s-place-blushed-liquid-blush-dahlia\/","url_meta":{"origin":24479,"position":5},"title":"JUVIA S PLACE BLUSHED LIQUID BLUSH DAHLIA","author":"admin","date":"May 23, 2024","format":false,"excerpt":"","rel":"","context":"Similar post","block_context":{"text":"Similar post","link":""},"img":{"alt_text":"","src":"","width":0,"height":0},"classes":[]}],"_links":{"self":[{"href":"https:\/\/sakaba.mghosteur.com\/en\/wp-json\/wp\/v2\/product\/24479","targetHints":{"allow":["GET"]}}],"collection":[{"href":"https:\/\/sakaba.mghosteur.com\/en\/wp-json\/wp\/v2\/product"}],"about":[{"href":"https:\/\/sakaba.mghosteur.com\/en\/wp-json\/wp\/v2\/types\/product"}],"replies":[{"embeddable":true,"href":"https:\/\/sakaba.mghosteur.com\/en\/wp-json\/wp\/v2\/comments?post=24479"}],"version-history":[{"count":0,"href":"https:\/\/sakaba.mghosteur.com\/en\/wp-json\/wp\/v2\/product\/24479\/revisions"}],"wp:attachment":[{"href":"https:\/\/sakaba.mghosteur.com\/en\/wp-json\/wp\/v2\/media?parent=24479"}],"wp:term":[{"taxonomy":"product_brand","embeddable":true,"href":"https:\/\/sakaba.mghosteur.com\/en\/wp-json\/wp\/v2\/product_brand?post=24479"},{"taxonomy":"product_cat","embeddable":true,"href":"https:\/\/sakaba.mghosteur.com\/en\/wp-json\/wp\/v2\/product_cat?post=24479"},{"taxonomy":"product_tag","embeddable":true,"href":"https:\/\/sakaba.mghosteur.com\/en\/wp-json\/wp\/v2\/product_tag?post=24479"}],"curies":[{"name":"wp","href":"https:\/\/api.w.org\/{rel}","templated":true}]}}