{"id":24480,"date":"2022-11-10T11:59:53","date_gmt":"2022-11-10T11:59:53","guid":{"rendered":"http:\/\/www.sakababeauty.com\/?post_type=product&#038;p=24480"},"modified":"2023-05-08T13:09:29","modified_gmt":"2023-05-08T13:09:29","slug":"bioderma-atoderm-gel-douche","status":"publish","type":"product","link":"https:\/\/sakaba.mghosteur.com\/en\/product\/bioderma-atoderm-gel-douche\/","title":{"rendered":"ATODERM GEL DOUCHE 500ML"},"content":{"rendered":"<p>D\u00e9couvrez Atoderm Gel douche de la marque BIODERMA, un produit doux et protecteur pour toute la famille (sauf nourrissons pr\u00e9matur\u00e9s). Gr\u00e2ce \u00e0 sa formule sans savon et \u00e0 sa texture gel moussant onctueuse, il nettoie en douceur tout en adoucissant et prot\u00e9geant la peau. Sa couleur bleut\u00e9e naturelle et son parfum d\u00e9licat ajoutent une touche de plaisir \u00e0 votre routine de douche quotidienne.<\/p>\n<p>Atoderm Gel douche respecte le principe d&#8217;\u00e9cobiologie, qui pr\u00e9serve la sant\u00e9 de votre peau en respectant son \u00e9cosyst\u00e8me. Le complexe Skin protect offre une double action biologique en augmentant le niveau d&#8217;hydratation de la peau et en la prot\u00e9geant durablement, gr\u00e2ce \u00e0 son action relipidante. La peau est ainsi plus r\u00e9sistante, douce et souple d\u00e8s la premi\u00e8re application.<\/p>\n<p>Pour l&#8217;utiliser, appliquez une \u00e0 deux fois par jour sur une peau mouill\u00e9e, faites mousser, rincez abondamment et s\u00e9chez d\u00e9licatement. Compl\u00e9tez votre routine avec un soin de la gamme Atoderm et appliquez sur une peau saine. Essayez Atoderm Gel douche pour une peau propre, douce et prot\u00e9g\u00e9e au quotidien.<\/p>","protected":false},"excerpt":{"rendered":"<p>D\u00e9couvrez Atoderm Gel douche de la marque BIODERMA, un produit doux et protecteur pour toute la famille (sauf nourrissons pr\u00e9matur\u00e9s). Gr\u00e2ce \u00e0 sa formule sans savon et \u00e0 sa texture gel moussant onctueuse, il nettoie en douceur tout en adoucissant et prot\u00e9geant la peau. Sa couleur bleut\u00e9e naturelle et son parfum d\u00e9licat ajoutent une touche<span class=\"read-more-faq\"><a href=\"https:\/\/sakaba.mghosteur.com\/en\/product\/bioderma-atoderm-gel-douche\/\">Read More<\/a><\/span><\/p>","protected":false},"featured_media":0,"comment_status":"closed","ping_status":"closed","template":"","meta":[],"product_brand":[],"product_cat":[446],"product_tag":[],"class_list":{"0":"post-24480","1":"product","2":"type-product","3":"status-publish","5":"product_cat-nettoyant","7":"first","8":"instock","9":"shipping-taxable","10":"product-type-simple"},"jetpack-related-posts":[{"id":30306,"url":"https:\/\/sakaba.mghosteur.com\/en\/product\/atoderm-gel-douche-1l\/","url_meta":{"origin":24480,"position":0},"title":"ATODERM GEL DOUCHE 1L","author":"admin","date":"May 8, 2023","format":false,"excerpt":"D\u00e9couvrez Atoderm Gel douche de la marque BIODERMA, un produit doux et protecteur pour toute la famille (sauf nourrissons pr\u00e9matur\u00e9s). Gr\u00e2ce \u00e0 sa formule sans savon et \u00e0 sa texture gel moussant onctueuse, il nettoie en douceur tout en adoucissant et prot\u00e9geant la peau. Sa couleur bleut\u00e9e naturelle et son\u2026","rel":"","context":"Similar post","block_context":{"text":"Similar post","link":""},"img":{"alt_text":"","src":"","width":0,"height":0},"classes":[]},{"id":23930,"url":"https:\/\/sakaba.mghosteur.com\/en\/product\/cerave-hydrating-body-wash\/","url_meta":{"origin":24480,"position":1},"title":"CERAVE HYDRATING BODY WASH","author":"admin","date":"November 9, 2022","format":false,"excerpt":"Le gel douche hydratant CeraVe est parfait pour ceux qui recherchent un nettoyant pour le corps doux et hydratant. Cette formule nettoyante moussante est con\u00e7ue pour les peaux normales \u00e0 s\u00e8ches et aide \u00e0 \u00e9liminer la salet\u00e9 et les impuret\u00e9s sans dess\u00e9cher la peau. Au lieu de cela, il contient\u2026","rel":"","context":"Similar post","block_context":{"text":"Similar post","link":""},"img":{"alt_text":"","src":"","width":0,"height":0},"classes":[]},{"id":31860,"url":"https:\/\/sakaba.mghosteur.com\/en\/product\/olay-vitamin-c-gel-de-douche-591ml\/","url_meta":{"origin":24480,"position":2},"title":"OLAY VITAMIN C GEL DE DOUCHE 591ML","author":"admin","date":"May 10, 2024","format":false,"excerpt":"Faites mousser votre peau avec luxe \u00e0 chaque douche. Le nettoyant pour le corps nettoyant et \u00e9claircissant Olay, avec sa mousse riche et cr\u00e9meuse, impr\u00e8gne votre peau d\u2019ingr\u00e9dients de soin, la laissant douce et soyeuse au toucher. Il est enrichi de vitamine C et de vitamine B3 pour donner \u00e0\u2026","rel":"","context":"Similar post","block_context":{"text":"Similar post","link":""},"img":{"alt_text":"","src":"","width":0,"height":0},"classes":[]},{"id":30358,"url":"https:\/\/sakaba.mghosteur.com\/en\/product\/neutrogena-rainbath-bath-gel-ocean-mist\/","url_meta":{"origin":24480,"position":3},"title":"NEUTROGENA RAINBATH BATH GEL OCEAN MIST","author":"admin","date":"May 9, 2023","format":false,"excerpt":"D\u00e9couvrez le gel douche et bain Neutrogena Rainbath Reconstituant \u00e0 la Brume Oc\u00e9ane, qui vous permet de r\u00e9g\u00e9n\u00e9rer l'apparence de votre peau chaque matin. Ce gel douche au parfum frais de brume oc\u00e9anique tropicale \u00e9veille vos sens et laisse votre peau se sentir renouvel\u00e9e. Sa mousse riche et cr\u00e9meuse se\u2026","rel":"","context":"Similar post","block_context":{"text":"Similar post","link":""},"img":{"alt_text":"","src":"","width":0,"height":0},"classes":[]},{"id":30362,"url":"https:\/\/sakaba.mghosteur.com\/en\/product\/neutrogena-rainbath-bath-gel-pear-green-tea\/","url_meta":{"origin":24480,"position":4},"title":"NEUTROGENA RAINBATH BATH GEL PEAR &amp; GREEN TEA","author":"admin","date":"May 9, 2023","format":false,"excerpt":"D\u00e9couvrez le gel douche et bain r\u00e9g\u00e9n\u00e9rant Rainbath\u00ae Poire & Th\u00e9 vert de Neutrogena. Sa formule unique nettoie en profondeur votre peau avec une mousse riche et hydratante pour la laisser douce, lisse et vraiment renouvel\u00e9e. Le parfum frais et d\u00e9licat de poire et de th\u00e9 vert apporte une touche\u2026","rel":"","context":"Similar post","block_context":{"text":"Similar post","link":""},"img":{"alt_text":"","src":"","width":0,"height":0},"classes":[]},{"id":30353,"url":"https:\/\/sakaba.mghosteur.com\/en\/product\/neutrogena-rainbath-bath-gel-fresh-plum\/","url_meta":{"origin":24480,"position":5},"title":"NEUTROGENA RAINBATH BATH GEL FRESH PLUM","author":"admin","date":"May 8, 2023","format":false,"excerpt":"D\u00e9couvrez le gel douche et bain Neutrogena Rainbath Restoring Fresh Plum, con\u00e7u pour aider \u00e0 restaurer l'apparence et la sensation saines de votre peau. Le parfum frais et m\u00fbr de prunes et de fleurs vous transporte dans une exp\u00e9rience de spa relaxante. Ce gel douche hydratant nettoie en douceur, adoucit\u2026","rel":"","context":"Similar post","block_context":{"text":"Similar post","link":""},"img":{"alt_text":"","src":"","width":0,"height":0},"classes":[]}],"_links":{"self":[{"href":"https:\/\/sakaba.mghosteur.com\/en\/wp-json\/wp\/v2\/product\/24480","targetHints":{"allow":["GET"]}}],"collection":[{"href":"https:\/\/sakaba.mghosteur.com\/en\/wp-json\/wp\/v2\/product"}],"about":[{"href":"https:\/\/sakaba.mghosteur.com\/en\/wp-json\/wp\/v2\/types\/product"}],"replies":[{"embeddable":true,"href":"https:\/\/sakaba.mghosteur.com\/en\/wp-json\/wp\/v2\/comments?post=24480"}],"version-history":[{"count":0,"href":"https:\/\/sakaba.mghosteur.com\/en\/wp-json\/wp\/v2\/product\/24480\/revisions"}],"wp:attachment":[{"href":"https:\/\/sakaba.mghosteur.com\/en\/wp-json\/wp\/v2\/media?parent=24480"}],"wp:term":[{"taxonomy":"product_brand","embeddable":true,"href":"https:\/\/sakaba.mghosteur.com\/en\/wp-json\/wp\/v2\/product_brand?post=24480"},{"taxonomy":"product_cat","embeddable":true,"href":"https:\/\/sakaba.mghosteur.com\/en\/wp-json\/wp\/v2\/product_cat?post=24480"},{"taxonomy":"product_tag","embeddable":true,"href":"https:\/\/sakaba.mghosteur.com\/en\/wp-json\/wp\/v2\/product_tag?post=24480"}],"curies":[{"name":"wp","href":"https:\/\/api.w.org\/{rel}","templated":true}]}}