{"id":24486,"date":"2022-11-10T12:00:57","date_gmt":"2022-11-10T12:00:57","guid":{"rendered":"http:\/\/www.sakababeauty.com\/?post_type=product&#038;p=24486"},"modified":"2022-11-10T12:00:57","modified_gmt":"2022-11-10T12:00:57","slug":"bioderma-sebium-gel-moussant","status":"publish","type":"product","link":"https:\/\/sakaba.mghosteur.com\/en\/product\/bioderma-sebium-gel-moussant\/","title":{"rendered":"BIODERMA SEBIUM GEL MOUSSANT"},"content":{"rendered":"","protected":false},"excerpt":{"rendered":"","protected":false},"featured_media":0,"comment_status":"closed","ping_status":"closed","template":"","meta":[],"product_brand":[],"product_cat":[447,446],"product_tag":[],"class_list":{"0":"post-24486","1":"product","2":"type-product","3":"status-publish","5":"product_cat-aac-bain-et-corps","6":"product_cat-nettoyant","8":"first","9":"instock","10":"shipping-taxable","11":"product-type-simple"},"jetpack-related-posts":[{"id":24488,"url":"https:\/\/sakaba.mghosteur.com\/en\/product\/bioderma-sebium-pore-refiner\/","url_meta":{"origin":24486,"position":0},"title":"BIODERMA SEBIUM PORE REFINER","author":"admin","date":"November 10, 2022","format":false,"excerpt":"","rel":"","context":"Similar post","block_context":{"text":"Similar post","link":""},"img":{"alt_text":"","src":"","width":0,"height":0},"classes":[]},{"id":24480,"url":"https:\/\/sakaba.mghosteur.com\/en\/product\/bioderma-atoderm-gel-douche\/","url_meta":{"origin":24486,"position":1},"title":"ATODERM GEL DOUCHE 500ML","author":"admin","date":"November 10, 2022","format":false,"excerpt":"D\u00e9couvrez Atoderm Gel douche de la marque BIODERMA, un produit doux et protecteur pour toute la famille (sauf nourrissons pr\u00e9matur\u00e9s). Gr\u00e2ce \u00e0 sa formule sans savon et \u00e0 sa texture gel moussant onctueuse, il nettoie en douceur tout en adoucissant et prot\u00e9geant la peau. Sa couleur bleut\u00e9e naturelle et son\u2026","rel":"","context":"Similar post","block_context":{"text":"Similar post","link":""},"img":{"alt_text":"","src":"","width":0,"height":0},"classes":[]},{"id":30306,"url":"https:\/\/sakaba.mghosteur.com\/en\/product\/atoderm-gel-douche-1l\/","url_meta":{"origin":24486,"position":2},"title":"ATODERM GEL DOUCHE 1L","author":"admin","date":"May 8, 2023","format":false,"excerpt":"D\u00e9couvrez Atoderm Gel douche de la marque BIODERMA, un produit doux et protecteur pour toute la famille (sauf nourrissons pr\u00e9matur\u00e9s). Gr\u00e2ce \u00e0 sa formule sans savon et \u00e0 sa texture gel moussant onctueuse, il nettoie en douceur tout en adoucissant et prot\u00e9geant la peau. Sa couleur bleut\u00e9e naturelle et son\u2026","rel":"","context":"Similar post","block_context":{"text":"Similar post","link":""},"img":{"alt_text":"","src":"","width":0,"height":0},"classes":[]},{"id":24879,"url":"https:\/\/sakaba.mghosteur.com\/en\/product\/la-roche-posay-effaclar-gel-moussant-nettoyant-purifiant\/","url_meta":{"origin":24486,"position":3},"title":"LA ROCHE-POSAY EFFACLAR GEL MOUSSANT NETTOYANT PURIFIANT","author":"admin","date":"November 11, 2022","format":false,"excerpt":"","rel":"","context":"Similar post","block_context":{"text":"Similar post","link":""},"img":{"alt_text":"","src":"","width":0,"height":0},"classes":[]},{"id":32153,"url":"https:\/\/sakaba.mghosteur.com\/en\/product\/tree-hut-gel-de-douche-candy-cany\/","url_meta":{"origin":24486,"position":4},"title":"TREE HUT GEL DE DOUCHE CANDY CANE","author":"admin","date":"May 13, 2024","format":false,"excerpt":"Rafra\u00eechissez votre routine de douche avec le Gel Moussant de Tree Hut au parfum classique des f\u00eates de Candy Cane. Impr\u00e9gnez votre corps d'une mousse luxueuse qui nourrit la peau et laisse un parfum durable.","rel":"","context":"Similar post","block_context":{"text":"Similar post","link":""},"img":{"alt_text":"","src":"","width":0,"height":0},"classes":[]},{"id":32162,"url":"https:\/\/sakaba.mghosteur.com\/en\/product\/tree-hut-gel-de-douche-vitamine-c-brighten-tone\/","url_meta":{"origin":24486,"position":5},"title":"TREE HUT GEL DE DOUCHE VITAMINE C BRIGHTEN + TONE","author":"admin","date":"May 13, 2024","format":false,"excerpt":"Rafra\u00eechissez votre routine de douche avec le gel nettoyant moussant Tree Hut au parfum \u00e9clatant de vitamine C. Enveloppez votre corps d'une mousse luxueuse qui nourrit la peau et laisse un parfum longue dur\u00e9e. Les produits nettoyants Tree Hut sont infus\u00e9s de complexe d'huiles hydratantes, riche en huiles d'avocat, de\u2026","rel":"","context":"Similar post","block_context":{"text":"Similar post","link":""},"img":{"alt_text":"","src":"","width":0,"height":0},"classes":[]}],"_links":{"self":[{"href":"https:\/\/sakaba.mghosteur.com\/en\/wp-json\/wp\/v2\/product\/24486","targetHints":{"allow":["GET"]}}],"collection":[{"href":"https:\/\/sakaba.mghosteur.com\/en\/wp-json\/wp\/v2\/product"}],"about":[{"href":"https:\/\/sakaba.mghosteur.com\/en\/wp-json\/wp\/v2\/types\/product"}],"replies":[{"embeddable":true,"href":"https:\/\/sakaba.mghosteur.com\/en\/wp-json\/wp\/v2\/comments?post=24486"}],"version-history":[{"count":0,"href":"https:\/\/sakaba.mghosteur.com\/en\/wp-json\/wp\/v2\/product\/24486\/revisions"}],"wp:attachment":[{"href":"https:\/\/sakaba.mghosteur.com\/en\/wp-json\/wp\/v2\/media?parent=24486"}],"wp:term":[{"taxonomy":"product_brand","embeddable":true,"href":"https:\/\/sakaba.mghosteur.com\/en\/wp-json\/wp\/v2\/product_brand?post=24486"},{"taxonomy":"product_cat","embeddable":true,"href":"https:\/\/sakaba.mghosteur.com\/en\/wp-json\/wp\/v2\/product_cat?post=24486"},{"taxonomy":"product_tag","embeddable":true,"href":"https:\/\/sakaba.mghosteur.com\/en\/wp-json\/wp\/v2\/product_tag?post=24486"}],"curies":[{"name":"wp","href":"https:\/\/api.w.org\/{rel}","templated":true}]}}