{"id":24502,"date":"2022-11-10T12:43:05","date_gmt":"2022-11-10T12:43:05","guid":{"rendered":"http:\/\/www.sakababeauty.com\/?post_type=product&#038;p=24502"},"modified":"2023-03-13T13:21:10","modified_gmt":"2023-03-13T13:21:10","slug":"cerave-hydrating-micellar-water","status":"publish","type":"product","link":"https:\/\/sakaba.mghosteur.com\/en\/product\/cerave-hydrating-micellar-water\/","title":{"rendered":"CERAVE HYDRATING MICELLAR WATER"},"content":{"rendered":"<p>L&#8217;eau micellaire hydratante CeraVe est un nettoyant doux et efficace qui \u00e9limine le maquillage des yeux, l&#8217;exc\u00e8s de s\u00e9bum et la salet\u00e9 sans avoir besoin de rincer. Elle est enrichie en c\u00e9ramide et niacinamide pour hydrater et renforcer la barri\u00e8re cutan\u00e9e, convient \u00e0 tous les types de peau, m\u00eame les plus sensibles, et est test\u00e9e par des ophtalmologistes. Commandez d\u00e8s maintenant pour une peau saine et belle.<\/p>","protected":false},"excerpt":{"rendered":"<p>L&#8217;eau micellaire hydratante CeraVe est un nettoyant doux et efficace qui \u00e9limine le maquillage des yeux, l&#8217;exc\u00e8s de s\u00e9bum et la salet\u00e9 sans avoir besoin de rincer. Elle est enrichie en c\u00e9ramide et niacinamide pour hydrater et renforcer la barri\u00e8re cutan\u00e9e, convient \u00e0 tous les types de peau, m\u00eame les plus sensibles, et est test\u00e9e<span class=\"read-more-faq\"><a href=\"https:\/\/sakaba.mghosteur.com\/en\/product\/cerave-hydrating-micellar-water\/\">Read More<\/a><\/span><\/p>","protected":false},"featured_media":0,"comment_status":"closed","ping_status":"closed","template":"","meta":[],"product_brand":[],"product_cat":[446],"product_tag":[],"class_list":{"0":"post-24502","1":"product","2":"type-product","3":"status-publish","5":"product_cat-nettoyant","7":"first","8":"instock","9":"shipping-taxable","10":"product-type-simple"},"jetpack-related-posts":[{"id":33409,"url":"https:\/\/sakaba.mghosteur.com\/en\/product\/sctch-porter-hydrate-nourish-beard-conditioner\/","url_meta":{"origin":24502,"position":0},"title":"SCOTCH PORTER HYDRATE &amp; NOURISH BEARD CONDITIONER","author":"admin","date":"May 21, 2024","format":false,"excerpt":"Scotch Porter Hydrate & Nourish Beard Conditioner is a sulfate-free, paraben-free, organic, and cruelty-free conditioner that is designed to hydrate and nourish beards while strengthening facial hair.\u00a0It contains coconut, biotin, and shea butter.\u00a0The conditioner is gentle on the skin and uses natural ingredients like biotin liposome and marshmallow root to\u2026","rel":"","context":"Similar post","block_context":{"text":"Similar post","link":""},"img":{"alt_text":"","src":"","width":0,"height":0},"classes":[]}],"_links":{"self":[{"href":"https:\/\/sakaba.mghosteur.com\/en\/wp-json\/wp\/v2\/product\/24502","targetHints":{"allow":["GET"]}}],"collection":[{"href":"https:\/\/sakaba.mghosteur.com\/en\/wp-json\/wp\/v2\/product"}],"about":[{"href":"https:\/\/sakaba.mghosteur.com\/en\/wp-json\/wp\/v2\/types\/product"}],"replies":[{"embeddable":true,"href":"https:\/\/sakaba.mghosteur.com\/en\/wp-json\/wp\/v2\/comments?post=24502"}],"version-history":[{"count":0,"href":"https:\/\/sakaba.mghosteur.com\/en\/wp-json\/wp\/v2\/product\/24502\/revisions"}],"wp:attachment":[{"href":"https:\/\/sakaba.mghosteur.com\/en\/wp-json\/wp\/v2\/media?parent=24502"}],"wp:term":[{"taxonomy":"product_brand","embeddable":true,"href":"https:\/\/sakaba.mghosteur.com\/en\/wp-json\/wp\/v2\/product_brand?post=24502"},{"taxonomy":"product_cat","embeddable":true,"href":"https:\/\/sakaba.mghosteur.com\/en\/wp-json\/wp\/v2\/product_cat?post=24502"},{"taxonomy":"product_tag","embeddable":true,"href":"https:\/\/sakaba.mghosteur.com\/en\/wp-json\/wp\/v2\/product_tag?post=24502"}],"curies":[{"name":"wp","href":"https:\/\/api.w.org\/{rel}","templated":true}]}}