{"id":24505,"date":"2022-11-10T12:22:55","date_gmt":"2022-11-10T12:22:55","guid":{"rendered":"http:\/\/www.sakababeauty.com\/?post_type=product&#038;p=24505"},"modified":"2022-11-10T12:22:55","modified_gmt":"2022-11-10T12:22:55","slug":"la-colors-drama-x-volume-mascara","status":"publish","type":"product","link":"https:\/\/sakaba.mghosteur.com\/en\/product\/la-colors-drama-x-volume-mascara\/","title":{"rendered":"LA Colors Drama X Volume Mascara"},"content":{"rendered":"","protected":false},"excerpt":{"rendered":"","protected":false},"featured_media":0,"comment_status":"closed","ping_status":"closed","template":"","meta":[],"product_brand":[],"product_cat":[297],"product_tag":[],"class_list":{"0":"post-24505","1":"product","2":"type-product","3":"status-publish","5":"product_cat-yeux","7":"first","8":"instock","9":"shipping-taxable","10":"product-type-simple"},"jetpack-related-posts":[{"id":24508,"url":"https:\/\/sakaba.mghosteur.com\/en\/product\/la-colors-drama-lash-mascara\/","url_meta":{"origin":24505,"position":0},"title":"LA Colors Drama Lash Mascara","author":"admin","date":"November 10, 2022","format":false,"excerpt":"","rel":"","context":"Similar post","block_context":{"text":"Similar post","link":""},"img":{"alt_text":"","src":"","width":0,"height":0},"classes":[]},{"id":34487,"url":"https:\/\/sakaba.mghosteur.com\/en\/product\/fenty-beauty-mascara-volumateur-hella-thicc\/","url_meta":{"origin":24505,"position":1},"title":"FENTY BEAUTY MASCARA VOLUMATEUR HELLA THICC","author":"admin","date":"May 29, 2024","format":false,"excerpt":"Obtenez des cils \u00e9pais et rehauss\u00e9s avec ce mascara longue tenue. La formule noire ultra-cr\u00e9meuse est dot\u00e9e d'une brosse qui recouvre chaque cil pour un effet extravagant.","rel":"","context":"Similar post","block_context":{"text":"Similar post","link":""},"img":{"alt_text":"","src":"","width":0,"height":0},"classes":[]},{"id":32059,"url":"https:\/\/sakaba.mghosteur.com\/en\/product\/sephora-mascara-01-ultra-black-size-up\/","url_meta":{"origin":24505,"position":2},"title":"SEPHORA MASCARA 01 ULTRA BLACK SIZE UP","author":"admin","date":"May 13, 2024","format":false,"excerpt":"Description du produit Ce mascara Sephora Collection offre un volume instantan\u00e9 extra large et allonge et bouclera les cils pour des r\u00e9sultats spectaculaires en un seul geste. Quel type de maquillage ressemble \u00e0 un maquillage quotidien. Les cils ne peuvent jamais \u00eatre trop grands : plus de volume, veuillez vous\u2026","rel":"","context":"Similar post","block_context":{"text":"Similar post","link":""},"img":{"alt_text":"","src":"","width":0,"height":0},"classes":[]},{"id":24498,"url":"https:\/\/sakaba.mghosteur.com\/en\/product\/la-colors-hd-waterproof-mascara\/","url_meta":{"origin":24505,"position":3},"title":"LA Colors HD Waterproof Mascara","author":"admin","date":"November 10, 2022","format":false,"excerpt":"","rel":"","context":"Similar post","block_context":{"text":"Similar post","link":""},"img":{"alt_text":"","src":"","width":0,"height":0},"classes":[]},{"id":24511,"url":"https:\/\/sakaba.mghosteur.com\/en\/product\/la-colors-mega-dramati-lash-mascara\/","url_meta":{"origin":24505,"position":4},"title":"LA Colors MEGA Dramati Lash Mascara","author":"admin","date":"November 10, 2022","format":false,"excerpt":"","rel":"","context":"Similar post","block_context":{"text":"Similar post","link":""},"img":{"alt_text":"","src":"","width":0,"height":0},"classes":[]},{"id":33475,"url":"https:\/\/sakaba.mghosteur.com\/en\/product\/clairol-professional-pure-white-20-volume-petit-model\/","url_meta":{"origin":24505,"position":5},"title":"Clairol Professional Pure White 20 Volume Petit Model","author":"admin","date":"May 21, 2024","format":false,"excerpt":"Le r\u00e9v\u00e9lateur cr\u00e8me blanc pur Clairol Professional contient des conditionneurs et des \u00e9mollients protecteurs et est stabilis\u00e9 pendant 3 ans. Il est con\u00e7u pour \u00eatre utilis\u00e9 avec des couleurs permanentes et est \u00e9galement parfait pour une utilisation avec tous les \u00e9claircissants en poudre et liquides. Sa consistance cr\u00e9meuse le rend\u2026","rel":"","context":"Similar post","block_context":{"text":"Similar post","link":""},"img":{"alt_text":"","src":"","width":0,"height":0},"classes":[]}],"_links":{"self":[{"href":"https:\/\/sakaba.mghosteur.com\/en\/wp-json\/wp\/v2\/product\/24505","targetHints":{"allow":["GET"]}}],"collection":[{"href":"https:\/\/sakaba.mghosteur.com\/en\/wp-json\/wp\/v2\/product"}],"about":[{"href":"https:\/\/sakaba.mghosteur.com\/en\/wp-json\/wp\/v2\/types\/product"}],"replies":[{"embeddable":true,"href":"https:\/\/sakaba.mghosteur.com\/en\/wp-json\/wp\/v2\/comments?post=24505"}],"version-history":[{"count":0,"href":"https:\/\/sakaba.mghosteur.com\/en\/wp-json\/wp\/v2\/product\/24505\/revisions"}],"wp:attachment":[{"href":"https:\/\/sakaba.mghosteur.com\/en\/wp-json\/wp\/v2\/media?parent=24505"}],"wp:term":[{"taxonomy":"product_brand","embeddable":true,"href":"https:\/\/sakaba.mghosteur.com\/en\/wp-json\/wp\/v2\/product_brand?post=24505"},{"taxonomy":"product_cat","embeddable":true,"href":"https:\/\/sakaba.mghosteur.com\/en\/wp-json\/wp\/v2\/product_cat?post=24505"},{"taxonomy":"product_tag","embeddable":true,"href":"https:\/\/sakaba.mghosteur.com\/en\/wp-json\/wp\/v2\/product_tag?post=24505"}],"curies":[{"name":"wp","href":"https:\/\/api.w.org\/{rel}","templated":true}]}}