{"id":24551,"date":"2022-11-10T12:47:30","date_gmt":"2022-11-10T12:47:30","guid":{"rendered":"http:\/\/www.sakababeauty.com\/?post_type=product&#038;p=24551"},"modified":"2024-08-07T19:08:51","modified_gmt":"2024-08-07T19:08:51","slug":"clean-clear-morning-burst-facial-cleanser","status":"publish","type":"product","link":"https:\/\/sakaba.mghosteur.com\/en\/product\/clean-clear-morning-burst-facial-cleanser\/","title":{"rendered":"CLEAN &amp; CLEAR MORNING BURST FACIAL CLEANSER"},"content":{"rendered":"<p>Le nettoyant visage Clean &amp; Clear Morning Burst nourrit la peau tout en \u00e9liminant la salet\u00e9, le s\u00e9bum et les impuret\u00e9s qui s&#8217;accumulent pendant la nuit. Con\u00e7u pour nettoyer et dynamiser, ce nettoyant visage quotidien sans huile \u00e9limine en douceur les cellules mortes de la peau et nettoie la peau. Sa formule unique est compos\u00e9e de vitamine C et de ginseng pour une explosion d&#8217;\u00e9nergie et de vitamines, et poss\u00e8de un parfum d&#8217;agrumes revigorant pour dynamiser vos sens afin que vous soyez pr\u00eat \u00e0 affronter la journ\u00e9e.<\/p>","protected":false},"excerpt":{"rendered":"<p>Le nettoyant visage Clean &amp; Clear Morning Burst nourrit la peau tout en \u00e9liminant la salet\u00e9, le s\u00e9bum et les impuret\u00e9s qui s&#8217;accumulent pendant la nuit. Con\u00e7u pour nettoyer et dynamiser, ce nettoyant visage quotidien sans huile \u00e9limine en douceur les cellules mortes de la peau et nettoie la peau. Sa formule unique est compos\u00e9e<span class=\"read-more-faq\"><a href=\"https:\/\/sakaba.mghosteur.com\/en\/product\/clean-clear-morning-burst-facial-cleanser\/\">Read More<\/a><\/span><\/p>","protected":false},"featured_media":0,"comment_status":"closed","ping_status":"closed","template":"","meta":[],"product_brand":[],"product_cat":[324,451],"product_tag":[],"class_list":{"0":"post-24551","1":"product","2":"type-product","3":"status-publish","5":"product_cat-demaquillant-nettoyant","6":"product_cat-aab-soin-du-visage","8":"first","9":"instock","10":"shipping-taxable","11":"product-type-simple"},"jetpack-related-posts":[{"id":24553,"url":"https:\/\/sakaba.mghosteur.com\/en\/product\/clean-clear-morning-burst-facial-scrub\/","url_meta":{"origin":24551,"position":0},"title":"CLEAN &amp; CLEAR MORNING BURST FACIAL SCRUB","author":"admin","date":"November 10, 2022","format":false,"excerpt":"Le gommage visage Clean & Clear Morning Burst est un gommage v\u00e9g\u00e9talien sans huile qui contient de l'acide citrique et de la vitamine C. Il est con\u00e7u pour nettoyer, exfolier et rafra\u00eechir la peau en douceur.","rel":"","context":"Similar post","block_context":{"text":"Similar post","link":""},"img":{"alt_text":"","src":"","width":0,"height":0},"classes":[]},{"id":24577,"url":"https:\/\/sakaba.mghosteur.com\/en\/product\/clean-clear-night-relaxing-detox-clay-mask\/","url_meta":{"origin":24551,"position":1},"title":"CLEAN &amp; CLEAR NIGHT RELAXING DETOX CLAY MASK","author":"admin","date":"November 10, 2022","format":false,"excerpt":"Le masque d'argile d\u00e9toxifiant relaxant Clean & Clear Night est un masque facial qui utilise deux argiles min\u00e9rales, la bentonite et le kaolin, pour d\u00e9toxifier la peau avant le coucher. Il est sans huile et \u00e9limine la salet\u00e9, le s\u00e9bum et les impuret\u00e9s de la peau. Le masque convient \u00e0\u2026","rel":"","context":"Similar post","block_context":{"text":"Similar post","link":""},"img":{"alt_text":"","src":"","width":0,"height":0},"classes":[]},{"id":24019,"url":"https:\/\/sakaba.mghosteur.com\/en\/product\/neutrogena-deep-clean-purifying-cream-to-foam\/","url_meta":{"origin":24551,"position":2},"title":"NEUTROGENA DEEP CLEAN PURIFYING CREAM TO FOAM","author":"admin","date":"November 9, 2022","format":false,"excerpt":"D\u00e9couvrez le Deep Clean Purifying Cream to Foam Detox Cleanser de Neutrogena, une cr\u00e8me nettoyante qui purifie votre peau en une seule \u00e9tape facile. Ce nettoyant pour le visage \u00e0 base de cr\u00e8me nettoie efficacement en profondeur les pores pour \u00e9liminer la salet\u00e9, l'huile et autres impuret\u00e9s qui polluent votre\u2026","rel":"","context":"Similar post","block_context":{"text":"Similar post","link":""},"img":{"alt_text":"","src":"","width":0,"height":0},"classes":[]},{"id":30424,"url":"https:\/\/sakaba.mghosteur.com\/en\/product\/rapid-clear-oil-eliminating-foaming-cleanser\/","url_meta":{"origin":24551,"position":3},"title":"RAPID CLEAR OIL ELIMINATING FOAMING CLEANSER","author":"admin","date":"May 10, 2023","format":false,"excerpt":"D\u00e9couvrez le nettoyant moussant \u00e9liminateur de s\u00e9bum Rapid Clear de la marque Neutrogena, sp\u00e9cialement con\u00e7u pour aider \u00e0 contr\u00f4ler le s\u00e9bum de votre peau pendant des heures. Ce nettoyant moussant anti-s\u00e9bum est formul\u00e9 avec une texture riche et cr\u00e9meuse qui se transforme en une mousse l\u00e9g\u00e8re et sans huile pour\u2026","rel":"","context":"Similar post","block_context":{"text":"Similar post","link":""},"img":{"alt_text":"","src":"","width":0,"height":0},"classes":[]},{"id":30429,"url":"https:\/\/sakaba.mghosteur.com\/en\/product\/refreshingly-clear-facial-wash\/","url_meta":{"origin":24551,"position":4},"title":"REFRESHINGLY CLEAR FACIAL WASH","author":"admin","date":"May 10, 2023","format":false,"excerpt":"D\u00e9couvrez le nettoyant pour le visage NEUTROGENA Rafra\u00eechissant et clair au pamplemousse rose et \u00e0 la vitamine C, un nettoyant quotidien vivifiant pour le visage d\u00e9velopp\u00e9 avec des dermatologues. Sp\u00e9cialement con\u00e7u pour les peaux sujettes aux imperfections, ce gel nettoyant nettoie en douceur pour aider \u00e0 pr\u00e9venir les imperfections, sans\u2026","rel":"","context":"Similar post","block_context":{"text":"Similar post","link":""},"img":{"alt_text":"","src":"","width":0,"height":0},"classes":[]},{"id":31570,"url":"https:\/\/sakaba.mghosteur.com\/en\/product\/cosrx-low-ph-good-morning-gel-cleanser-400ml\/","url_meta":{"origin":24551,"position":5},"title":"COSRX LOW PH GOOD MORNING GEL CLEANSER 400ml","author":"admin","date":"May 10, 2024","format":false,"excerpt":"Nettoyant Gel Doux Bonjour pH Bas : Nettoyez quotidiennement avec ce nettoyant doux et efficace, matin et soir, en \u00e9liminant les impuret\u00e9s tout en renfor\u00e7ant la barri\u00e8re cutan\u00e9e. Un Teint Lumineux le Jour et une Peau Douce la Nuit : En affinant la texture de la peau, le nettoyant aidera\u2026","rel":"","context":"Similar post","block_context":{"text":"Similar post","link":""},"img":{"alt_text":"","src":"","width":0,"height":0},"classes":[]}],"_links":{"self":[{"href":"https:\/\/sakaba.mghosteur.com\/en\/wp-json\/wp\/v2\/product\/24551","targetHints":{"allow":["GET"]}}],"collection":[{"href":"https:\/\/sakaba.mghosteur.com\/en\/wp-json\/wp\/v2\/product"}],"about":[{"href":"https:\/\/sakaba.mghosteur.com\/en\/wp-json\/wp\/v2\/types\/product"}],"replies":[{"embeddable":true,"href":"https:\/\/sakaba.mghosteur.com\/en\/wp-json\/wp\/v2\/comments?post=24551"}],"version-history":[{"count":0,"href":"https:\/\/sakaba.mghosteur.com\/en\/wp-json\/wp\/v2\/product\/24551\/revisions"}],"wp:attachment":[{"href":"https:\/\/sakaba.mghosteur.com\/en\/wp-json\/wp\/v2\/media?parent=24551"}],"wp:term":[{"taxonomy":"product_brand","embeddable":true,"href":"https:\/\/sakaba.mghosteur.com\/en\/wp-json\/wp\/v2\/product_brand?post=24551"},{"taxonomy":"product_cat","embeddable":true,"href":"https:\/\/sakaba.mghosteur.com\/en\/wp-json\/wp\/v2\/product_cat?post=24551"},{"taxonomy":"product_tag","embeddable":true,"href":"https:\/\/sakaba.mghosteur.com\/en\/wp-json\/wp\/v2\/product_tag?post=24551"}],"curies":[{"name":"wp","href":"https:\/\/api.w.org\/{rel}","templated":true}]}}