{"id":24553,"date":"2022-11-10T12:48:40","date_gmt":"2022-11-10T12:48:40","guid":{"rendered":"http:\/\/www.sakababeauty.com\/?post_type=product&#038;p=24553"},"modified":"2024-08-07T19:11:42","modified_gmt":"2024-08-07T19:11:42","slug":"clean-clear-morning-burst-facial-scrub","status":"publish","type":"product","link":"https:\/\/sakaba.mghosteur.com\/en\/product\/clean-clear-morning-burst-facial-scrub\/","title":{"rendered":"CLEAN &amp; CLEAR MORNING BURST FACIAL SCRUB"},"content":{"rendered":"<p>Le gommage visage Clean &amp; Clear Morning Burst est un gommage v\u00e9g\u00e9talien sans huile qui contient de l&#8217;acide citrique et de la vitamine C. Il est con\u00e7u pour nettoyer, exfolier et rafra\u00eechir la peau en douceur.<\/p>","protected":false},"excerpt":{"rendered":"<p>Le gommage visage Clean &amp; Clear Morning Burst est un gommage v\u00e9g\u00e9talien sans huile qui contient de l&#8217;acide citrique et de la vitamine C. Il est con\u00e7u pour nettoyer, exfolier et rafra\u00eechir la peau en douceur.<\/p>","protected":false},"featured_media":0,"comment_status":"closed","ping_status":"closed","template":"","meta":[],"product_brand":[],"product_cat":[324,451],"product_tag":[],"class_list":{"0":"post-24553","1":"product","2":"type-product","3":"status-publish","5":"product_cat-demaquillant-nettoyant","6":"product_cat-aab-soin-du-visage","8":"first","9":"instock","10":"shipping-taxable","11":"product-type-simple"},"jetpack-related-posts":[{"id":24551,"url":"https:\/\/sakaba.mghosteur.com\/en\/product\/clean-clear-morning-burst-facial-cleanser\/","url_meta":{"origin":24553,"position":0},"title":"CLEAN &amp; CLEAR MORNING BURST FACIAL CLEANSER","author":"admin","date":"November 10, 2022","format":false,"excerpt":"Le nettoyant visage Clean & Clear Morning Burst nourrit la peau tout en \u00e9liminant la salet\u00e9, le s\u00e9bum et les impuret\u00e9s qui s'accumulent pendant la nuit. Con\u00e7u pour nettoyer et dynamiser, ce nettoyant visage quotidien sans huile \u00e9limine en douceur les cellules mortes de la peau et nettoie la peau.\u2026","rel":"","context":"Similar post","block_context":{"text":"Similar post","link":""},"img":{"alt_text":"","src":"","width":0,"height":0},"classes":[]},{"id":24279,"url":"https:\/\/sakaba.mghosteur.com\/en\/product\/neutrogena-body-clear-body-scrub\/","url_meta":{"origin":24553,"position":1},"title":"NEUTROGENA BODY CLEAR BODY SCRUB","author":"admin","date":"November 9, 2022","format":false,"excerpt":"D\u00e9couvrez le gommage corporel Neutrogena \u00ae Body Clear\u00ae pour traiter l'acn\u00e9 sur le dos, la poitrine et les \u00e9paules. Ce gommage efficace contient 2 % d'acide salicylique et des exfoliants doux qui \u00e9liminent les peaux mortes et nettoient en profondeur les pores pour vous donner une peau claire et lisse.\u2026","rel":"","context":"Similar post","block_context":{"text":"Similar post","link":""},"img":{"alt_text":"","src":"","width":0,"height":0},"classes":[]},{"id":24577,"url":"https:\/\/sakaba.mghosteur.com\/en\/product\/clean-clear-night-relaxing-detox-clay-mask\/","url_meta":{"origin":24553,"position":2},"title":"CLEAN &amp; CLEAR NIGHT RELAXING DETOX CLAY MASK","author":"admin","date":"November 10, 2022","format":false,"excerpt":"Le masque d'argile d\u00e9toxifiant relaxant Clean & Clear Night est un masque facial qui utilise deux argiles min\u00e9rales, la bentonite et le kaolin, pour d\u00e9toxifier la peau avant le coucher. Il est sans huile et \u00e9limine la salet\u00e9, le s\u00e9bum et les impuret\u00e9s de la peau. Le masque convient \u00e0\u2026","rel":"","context":"Similar post","block_context":{"text":"Similar post","link":""},"img":{"alt_text":"","src":"","width":0,"height":0},"classes":[]},{"id":31547,"url":"https:\/\/sakaba.mghosteur.com\/en\/product\/vaseline-glutha-hya-serum-burst-lotion-overnight-radiance-repair\/","url_meta":{"origin":24553,"position":3},"title":"VASELINE GLUTHA HYA SERUM BURST LOTION OVERNIGHT RADIANCE REPAIR","author":"admin","date":"May 10, 2024","format":false,"excerpt":"D\u00e9couvrez le Lotion Eclat Nuit R\u00e9paratrice Vaseline\u00ae Gluta-Hya Serum Burst, une solution aussi puissante que 10 masques en feuille, mais avec une texture l\u00e9g\u00e8re qui \u00e9clate en gouttelettes d'eau pour une absorption en profondeur par votre peau. Ressentez la diff\u00e9rence avec une peau plus \u00e9clatante et repulp\u00e9e. Avantages : Formul\u00e9\u2026","rel":"","context":"Similar post","block_context":{"text":"Similar post","link":""},"img":{"alt_text":"","src":"","width":0,"height":0},"classes":[]},{"id":24566,"url":"https:\/\/sakaba.mghosteur.com\/en\/product\/clean-clear-advantage-acne-spot-treatment\/","url_meta":{"origin":24553,"position":4},"title":"CLEAN &amp; CLEAR ADVANTAGE ACNE SPOT TREATMENT","author":"admin","date":"November 10, 2022","format":false,"excerpt":"Le traitement localis\u00e9 contre l'acn\u00e9 CLEAN and CLEAR ADVANTAGE agit rapidement pour r\u00e9duire les signes visibles de l'acn\u00e9. La taille des boutons, leur gonflement et leurs rougeurs sont r\u00e9duits. Ce traitement cutan\u00e9 est id\u00e9al pour les peaux normales, grasses et mixtes. Il a \u00e9t\u00e9 cliniquement prouv\u00e9 qu'il permet d'obtenir une\u2026","rel":"","context":"Similar post","block_context":{"text":"Similar post","link":""},"img":{"alt_text":"","src":"","width":0,"height":0},"classes":[]},{"id":34271,"url":"https:\/\/sakaba.mghosteur.com\/en\/product\/urban-skin-rx-clear-skin-deep-cleans-pores-and-oil\/","url_meta":{"origin":24553,"position":5},"title":"URBAN SKIN RX CLEAR SKIN DEEP CLEANS PORES AND OIL","author":"admin","date":"May 27, 2024","format":false,"excerpt":"","rel":"","context":"Similar post","block_context":{"text":"Similar post","link":""},"img":{"alt_text":"","src":"","width":0,"height":0},"classes":[]}],"_links":{"self":[{"href":"https:\/\/sakaba.mghosteur.com\/en\/wp-json\/wp\/v2\/product\/24553","targetHints":{"allow":["GET"]}}],"collection":[{"href":"https:\/\/sakaba.mghosteur.com\/en\/wp-json\/wp\/v2\/product"}],"about":[{"href":"https:\/\/sakaba.mghosteur.com\/en\/wp-json\/wp\/v2\/types\/product"}],"replies":[{"embeddable":true,"href":"https:\/\/sakaba.mghosteur.com\/en\/wp-json\/wp\/v2\/comments?post=24553"}],"version-history":[{"count":0,"href":"https:\/\/sakaba.mghosteur.com\/en\/wp-json\/wp\/v2\/product\/24553\/revisions"}],"wp:attachment":[{"href":"https:\/\/sakaba.mghosteur.com\/en\/wp-json\/wp\/v2\/media?parent=24553"}],"wp:term":[{"taxonomy":"product_brand","embeddable":true,"href":"https:\/\/sakaba.mghosteur.com\/en\/wp-json\/wp\/v2\/product_brand?post=24553"},{"taxonomy":"product_cat","embeddable":true,"href":"https:\/\/sakaba.mghosteur.com\/en\/wp-json\/wp\/v2\/product_cat?post=24553"},{"taxonomy":"product_tag","embeddable":true,"href":"https:\/\/sakaba.mghosteur.com\/en\/wp-json\/wp\/v2\/product_tag?post=24553"}],"curies":[{"name":"wp","href":"https:\/\/api.w.org\/{rel}","templated":true}]}}