{"id":24558,"date":"2022-11-10T12:51:34","date_gmt":"2022-11-10T12:51:34","guid":{"rendered":"http:\/\/www.sakababeauty.com\/?post_type=product&#038;p=24558"},"modified":"2022-11-10T12:51:34","modified_gmt":"2022-11-10T12:51:34","slug":"milani-intense-bronze-glow","status":"publish","type":"product","link":"https:\/\/sakaba.mghosteur.com\/en\/product\/milani-intense-bronze-glow\/","title":{"rendered":"MILANI Intense Bronze Glow"},"content":{"rendered":"","protected":false},"excerpt":{"rendered":"","protected":false},"featured_media":0,"comment_status":"closed","ping_status":"closed","template":"","meta":[],"product_brand":[],"product_cat":[377],"product_tag":[],"class_list":{"0":"post-24558","1":"product","2":"type-product","3":"status-publish","5":"product_cat-bath-body-works","7":"first","8":"instock","9":"shipping-taxable","10":"product-type-simple"},"jetpack-related-posts":[{"id":26619,"url":"https:\/\/sakaba.mghosteur.com\/en\/product\/relumins-intense-glow-premium-brightening-serum\/","url_meta":{"origin":24558,"position":0},"title":"RELUMINS INTENSE GLOW PREMIUM BRIGHTENING SERUM","author":"admin","date":"November 28, 2022","format":false,"excerpt":"","rel":"","context":"Similar post","block_context":{"text":"Similar post","link":""},"img":{"alt_text":"","src":"","width":0,"height":0},"classes":[]},{"id":34304,"url":"https:\/\/sakaba.mghosteur.com\/en\/product\/advanced-glow-intensive-repair-lotion\/","url_meta":{"origin":24558,"position":1},"title":"ADVANCED Glow intensive repair lotion","author":"admin","date":"May 28, 2024","format":false,"excerpt":"","rel":"","context":"Similar post","block_context":{"text":"Similar post","link":""},"img":{"alt_text":"","src":"","width":0,"height":0},"classes":[]},{"id":26650,"url":"https:\/\/sakaba.mghosteur.com\/en\/product\/relumins-intense-glow-knuckle-brightening-serum\/","url_meta":{"origin":24558,"position":2},"title":"RELUMINS INTENSE GLOW KNUCKLE BRIGHTENING SERUM","author":"admin","date":"November 28, 2022","format":false,"excerpt":"","rel":"","context":"Similar post","block_context":{"text":"Similar post","link":""},"img":{"alt_text":"","src":"","width":0,"height":0},"classes":[]},{"id":26615,"url":"https:\/\/sakaba.mghosteur.com\/en\/product\/relumins-intense-glow-every-day-body-lotion\/","url_meta":{"origin":24558,"position":3},"title":"RELUMINS INTENSE GLOW EVERY DAY BODY LOTION","author":"admin","date":"November 28, 2022","format":false,"excerpt":"","rel":"","context":"Similar post","block_context":{"text":"Similar post","link":""},"img":{"alt_text":"","src":"","width":0,"height":0},"classes":[]},{"id":56147,"url":"https:\/\/sakaba.mghosteur.com\/en\/product\/beauty-of-joseon-glow-deep-serum-rice-alpha-arbutin-2\/","url_meta":{"origin":24558,"position":4},"title":"Beauty of Joseon Glow Deep Serum  Rice + Alpha-Arbutin","author":"Sope DIA","date":"January 2, 2026","format":false,"excerpt":"R\u00e9v\u00e9lation \u00e9clatante\u00a0: D\u00e9couvrez les secrets de beaut\u00e9 de Joseon avec le S\u00e9rum \u00c9clat Profond, un m\u00e9lange m\u00e9ticuleusement \u00e9labor\u00e9 \u00e0 base de riz et d\u2019alpha-arbutine pour un \u00e9clat incomparable. Att\u00e9nuez les taches brunes, les irr\u00e9gularit\u00e9s de pigmentation et les cicatrices d\u2019acn\u00e9 gr\u00e2ce \u00e0 une formule puissante enrichie en riz et en\u2026","rel":"","context":"Similar post","block_context":{"text":"Similar post","link":""},"img":{"alt_text":"","src":"","width":0,"height":0},"classes":[]},{"id":32063,"url":"https:\/\/sakaba.mghosteur.com\/en\/product\/naturium-phyto-glow-lip-mask-15g\/","url_meta":{"origin":24558,"position":5},"title":"NATURIUM PHYTO GLOW LIP MASK 15g","author":"admin","date":"May 13, 2024","format":false,"excerpt":"Ce masque pour les l\u00e8vres intens\u00e9ment hydratant offre une hydratation essentielle pour restaurer et reconstituer les l\u00e8vres. Formul\u00e9 avec du beurre de karit\u00e9, de l'huile d'avocat et de l'huile de jojoba, ce soin nourrissant apaise pour des l\u00e8vres d'apparence plus saine. AVANTAGES Revitalise et nourrit les l\u00e8vres en profondeur. Laisse\u2026","rel":"","context":"Similar post","block_context":{"text":"Similar post","link":""},"img":{"alt_text":"","src":"","width":0,"height":0},"classes":[]}],"_links":{"self":[{"href":"https:\/\/sakaba.mghosteur.com\/en\/wp-json\/wp\/v2\/product\/24558","targetHints":{"allow":["GET"]}}],"collection":[{"href":"https:\/\/sakaba.mghosteur.com\/en\/wp-json\/wp\/v2\/product"}],"about":[{"href":"https:\/\/sakaba.mghosteur.com\/en\/wp-json\/wp\/v2\/types\/product"}],"replies":[{"embeddable":true,"href":"https:\/\/sakaba.mghosteur.com\/en\/wp-json\/wp\/v2\/comments?post=24558"}],"version-history":[{"count":0,"href":"https:\/\/sakaba.mghosteur.com\/en\/wp-json\/wp\/v2\/product\/24558\/revisions"}],"wp:attachment":[{"href":"https:\/\/sakaba.mghosteur.com\/en\/wp-json\/wp\/v2\/media?parent=24558"}],"wp:term":[{"taxonomy":"product_brand","embeddable":true,"href":"https:\/\/sakaba.mghosteur.com\/en\/wp-json\/wp\/v2\/product_brand?post=24558"},{"taxonomy":"product_cat","embeddable":true,"href":"https:\/\/sakaba.mghosteur.com\/en\/wp-json\/wp\/v2\/product_cat?post=24558"},{"taxonomy":"product_tag","embeddable":true,"href":"https:\/\/sakaba.mghosteur.com\/en\/wp-json\/wp\/v2\/product_tag?post=24558"}],"curies":[{"name":"wp","href":"https:\/\/api.w.org\/{rel}","templated":true}]}}