{"id":24566,"date":"2022-11-10T12:55:02","date_gmt":"2022-11-10T12:55:02","guid":{"rendered":"http:\/\/www.sakababeauty.com\/?post_type=product&#038;p=24566"},"modified":"2024-08-07T19:06:56","modified_gmt":"2024-08-07T19:06:56","slug":"clean-clear-advantage-acne-spot-treatment","status":"publish","type":"product","link":"https:\/\/sakaba.mghosteur.com\/en\/product\/clean-clear-advantage-acne-spot-treatment\/","title":{"rendered":"CLEAN &amp; CLEAR ADVANTAGE ACNE SPOT TREATMENT"},"content":{"rendered":"<p>Le traitement localis\u00e9 contre l&#8217;acn\u00e9 CLEAN and CLEAR ADVANTAGE agit rapidement pour r\u00e9duire les signes visibles de l&#8217;acn\u00e9. La taille des boutons, leur gonflement et leurs rougeurs sont r\u00e9duits. Ce traitement cutan\u00e9 est id\u00e9al pour les peaux normales, grasses et mixtes. Il a \u00e9t\u00e9 cliniquement prouv\u00e9 qu&#8217;il permet d&#8217;obtenir une peau plus claire chez 100 % des personnes en une journ\u00e9e. Le traitement \u00e0 base d&#8217;acide salicylique \u00e0 2 % p\u00e9n\u00e8tre rapidement dans les pores pour \u00e9liminer la salet\u00e9 et les autres impuret\u00e9s qui causent les boutons.<\/p>","protected":false},"excerpt":{"rendered":"<p>Le traitement localis\u00e9 contre l&#8217;acn\u00e9 CLEAN and CLEAR ADVANTAGE agit rapidement pour r\u00e9duire les signes visibles de l&#8217;acn\u00e9. La taille des boutons, leur gonflement et leurs rougeurs sont r\u00e9duits. Ce traitement cutan\u00e9 est id\u00e9al pour les peaux normales, grasses et mixtes. Il a \u00e9t\u00e9 cliniquement prouv\u00e9 qu&#8217;il permet d&#8217;obtenir une peau plus claire chez 100<span class=\"read-more-faq\"><a href=\"https:\/\/sakaba.mghosteur.com\/en\/product\/clean-clear-advantage-acne-spot-treatment\/\">Read More<\/a><\/span><\/p>","protected":false},"featured_media":0,"comment_status":"closed","ping_status":"closed","template":"","meta":[],"product_brand":[],"product_cat":[294,451,334],"product_tag":[],"class_list":{"0":"post-24566","1":"product","2":"type-product","3":"status-publish","5":"product_cat-acne","6":"product_cat-aab-soin-du-visage","7":"product_cat-traitement-serum","9":"first","10":"instock","11":"shipping-taxable","12":"product-type-simple"},"jetpack-related-posts":[{"id":24352,"url":"https:\/\/sakaba.mghosteur.com\/en\/product\/neutrogena-rapid-clear-acne-eliminating-spot-gel\/","url_meta":{"origin":24566,"position":0},"title":"NEUTROGENA RAPID CLEAR ACNE ELIMINATING SPOT GEL","author":"admin","date":"November 10, 2022","format":false,"excerpt":"D\u00e9couvrez le traitement rapide et transparent de l'acn\u00e9 \u00e0 l'acide salicylique avec hamam\u00e9lis de la marque Neutrogena. Ce gel contre l'acn\u00e9 est l'ajout parfait \u00e0 votre routine de soins de la peau pour pr\u00e9venir et traiter les boutons. Con\u00e7u pour les peaux sujettes \u00e0 l'acn\u00e9, il \u00e9limine rapidement les \u00e9ruptions\u2026","rel":"","context":"Similar post","block_context":{"text":"Similar post","link":""},"img":{"alt_text":"","src":"","width":0,"height":0},"classes":[]},{"id":26904,"url":"https:\/\/sakaba.mghosteur.com\/en\/product\/cosrx-acne-pimple-master-patch\/","url_meta":{"origin":24566,"position":1},"title":"COSRX ACNE PIMPLE MASTER PATCH","author":"admin","date":"November 28, 2022","format":false,"excerpt":"Le Patch Ma\u00eetre des Boutons d'Acn\u00e9 de la marque COSRX est un produit efficace pour traiter les boutons d'acn\u00e9. Chaque pack contient 24 patchs de diff\u00e9rentes tailles, avec 9 gros points, 5 points moyens et 10 petits points. Ces patchs sont con\u00e7us pour gu\u00e9rir rapidement l'acn\u00e9 du jour au lendemain.\u2026","rel":"","context":"Similar post","block_context":{"text":"Similar post","link":""},"img":{"alt_text":"","src":"","width":0,"height":0},"classes":[]},{"id":24563,"url":"https:\/\/sakaba.mghosteur.com\/en\/product\/cleanclear-advantage-acne-control\/","url_meta":{"origin":24566,"position":2},"title":"CLEAN&amp;CLEAR ADVANTAGE ACNE CONTROL","author":"admin","date":"November 10, 2022","format":false,"excerpt":"","rel":"","context":"Similar post","block_context":{"text":"Similar post","link":""},"img":{"alt_text":"","src":"","width":0,"height":0},"classes":[]},{"id":30416,"url":"https:\/\/sakaba.mghosteur.com\/en\/product\/rapid-clear-2-in-1-fight-and-fade-toner\/","url_meta":{"origin":24566,"position":3},"title":"RAPID CLEAR 2 IN 1 FIGHT AND FADE TONER","author":"admin","date":"May 10, 2023","format":false,"excerpt":"Le Rapid Clear 2-en-1 Fight & Fade Toner de la marque Neutrogena est un toner innovant con\u00e7u pour lutter efficacement contre l'acn\u00e9 et les marques post-acn\u00e9iques. Gr\u00e2ce \u00e0 sa formule unique \u00e0 base d'acide salicylique et glycolique, ce toner agit rapidement pour r\u00e9duire les \u00e9ruptions cutan\u00e9es en quelques heures seulement.\u2026","rel":"","context":"Similar post","block_context":{"text":"Similar post","link":""},"img":{"alt_text":"","src":"","width":0,"height":0},"classes":[]},{"id":29149,"url":"https:\/\/sakaba.mghosteur.com\/en\/product\/the-inkey-list-5-benzoyl-peroxide-cleanser\/","url_meta":{"origin":24566,"position":4},"title":"THE INKEY LIST 5% BENZOYL PEROXIDE CLEANSER","author":"admin","date":"March 15, 2023","format":false,"excerpt":"Dites adieu \u00e0 l'acn\u00e9 r\u00e9guli\u00e8re ou persistante gr\u00e2ce \u00e0 la solution contre l'acn\u00e9 de The Inkey List. Cette formule unique, cr\u00e9\u00e9e en partenariat avec des dermatologues, contient 5% de peroxyde de benzoyle pour aider \u00e0 \u00e9liminer les boutons irrit\u00e9s et les points blancs disgracieux. La solution contre l'acn\u00e9 de The\u2026","rel":"","context":"Similar post","block_context":{"text":"Similar post","link":""},"img":{"alt_text":"","src":"","width":0,"height":0},"classes":[]},{"id":24023,"url":"https:\/\/sakaba.mghosteur.com\/en\/product\/neutrogena-stubborn-acne-am\/","url_meta":{"origin":24566,"position":5},"title":"NEUTROGENA STUBBORN ACNE AM","author":"admin","date":"November 9, 2022","format":false,"excerpt":"Produit : Traitement de l'acn\u00e9 tenace le matin de la marque NEUTROGENA Description : Ce traitement anti-acn\u00e9 est con\u00e7u pour r\u00e9duire les boutons et les rougeurs en quelques heures seulement. Il est aliment\u00e9 par du peroxyde de benzoyle micronis\u00e9 \u00e0 2,5 %, recommand\u00e9 par les dermatologues pour p\u00e9n\u00e9trer efficacement dans\u2026","rel":"","context":"Similar post","block_context":{"text":"Similar post","link":""},"img":{"alt_text":"","src":"","width":0,"height":0},"classes":[]}],"_links":{"self":[{"href":"https:\/\/sakaba.mghosteur.com\/en\/wp-json\/wp\/v2\/product\/24566","targetHints":{"allow":["GET"]}}],"collection":[{"href":"https:\/\/sakaba.mghosteur.com\/en\/wp-json\/wp\/v2\/product"}],"about":[{"href":"https:\/\/sakaba.mghosteur.com\/en\/wp-json\/wp\/v2\/types\/product"}],"replies":[{"embeddable":true,"href":"https:\/\/sakaba.mghosteur.com\/en\/wp-json\/wp\/v2\/comments?post=24566"}],"version-history":[{"count":0,"href":"https:\/\/sakaba.mghosteur.com\/en\/wp-json\/wp\/v2\/product\/24566\/revisions"}],"wp:attachment":[{"href":"https:\/\/sakaba.mghosteur.com\/en\/wp-json\/wp\/v2\/media?parent=24566"}],"wp:term":[{"taxonomy":"product_brand","embeddable":true,"href":"https:\/\/sakaba.mghosteur.com\/en\/wp-json\/wp\/v2\/product_brand?post=24566"},{"taxonomy":"product_cat","embeddable":true,"href":"https:\/\/sakaba.mghosteur.com\/en\/wp-json\/wp\/v2\/product_cat?post=24566"},{"taxonomy":"product_tag","embeddable":true,"href":"https:\/\/sakaba.mghosteur.com\/en\/wp-json\/wp\/v2\/product_tag?post=24566"}],"curies":[{"name":"wp","href":"https:\/\/api.w.org\/{rel}","templated":true}]}}