{"id":24574,"date":"2022-11-10T15:56:04","date_gmt":"2022-11-10T15:56:04","guid":{"rendered":"http:\/\/www.sakababeauty.com\/?post_type=product&#038;p=24574"},"modified":"2024-06-06T18:10:14","modified_gmt":"2024-06-06T18:10:14","slug":"aveeno-clear-complexion-sheer-daily-moisturizer","status":"publish","type":"product","link":"https:\/\/sakaba.mghosteur.com\/en\/product\/aveeno-clear-complexion-sheer-daily-moisturizer\/","title":{"rendered":"AVEENO CLEAR COMPLEXION SHEER DAILY MOISTURIZER"},"content":{"rendered":"<p>Hydratez la peau, unifiez le teint et aidez \u00e0 r\u00e9v\u00e9ler le v\u00e9ritable \u00e9clat de votre peau avec l&#8217;hydratant quotidien transparent Aveeno Clear Complexion avec \u00e9cran solaire SPF 30. Sp\u00e9cialement formul\u00e9e pour les peaux sujettes aux \u00e9ruptions cutan\u00e9es, cette lotion l\u00e9g\u00e8re pour le visage contient un complexe total de soja pour uniformiser le teint et la texture de la peau, ainsi qu&#8217;un \u00e9cran solaire UVA\/UVB \u00e0 large spectre pour aider \u00e0 prot\u00e9ger la peau des rayons nocifs du soleil. Provenant d&#8217;une marque recommand\u00e9e par les dermatologues depuis plus de 65 ans, l&#8217;hydratant quotidien transparent Aveeno Clear Complexion avec SPF 30 est non gras, \u00e0 absorption rapide et peut \u00eatre port\u00e9 seul ou sous le maquillage. Notre cr\u00e8me hydratante quotidienne est sans huile et non com\u00e9dog\u00e8ne, elle n&#8217;obstruera donc pas les pores. Pour de meilleurs r\u00e9sultats, utilisez quotidiennement ou avant l\u2019exposition au soleil.<\/p>","protected":false},"excerpt":{"rendered":"<p>Hydratez la peau, unifiez le teint et aidez \u00e0 r\u00e9v\u00e9ler le v\u00e9ritable \u00e9clat de votre peau avec l&#8217;hydratant quotidien transparent Aveeno Clear Complexion avec \u00e9cran solaire SPF 30. Sp\u00e9cialement formul\u00e9e pour les peaux sujettes aux \u00e9ruptions cutan\u00e9es, cette lotion l\u00e9g\u00e8re pour le visage contient un complexe total de soja pour uniformiser le teint et la<span class=\"read-more-faq\"><a href=\"https:\/\/sakaba.mghosteur.com\/en\/product\/aveeno-clear-complexion-sheer-daily-moisturizer\/\">Read More<\/a><\/span><\/p>","protected":false},"featured_media":0,"comment_status":"closed","ping_status":"closed","template":"","meta":[],"product_brand":[],"product_cat":[331,451],"product_tag":[],"class_list":{"0":"post-24574","1":"product","2":"type-product","3":"status-publish","5":"product_cat-hydratant-visage","6":"product_cat-aab-soin-du-visage","8":"first","9":"instock","10":"shipping-taxable","11":"product-type-simple"},"jetpack-related-posts":[{"id":24591,"url":"https:\/\/sakaba.mghosteur.com\/en\/product\/aveeno-purely-matte-peel-off-mask\/","url_meta":{"origin":24574,"position":0},"title":"AVEENO PURELY MATTE PEEL OFF MASK","author":"admin","date":"November 10, 2022","format":false,"excerpt":"Tube de 2,0 onces de masque pour le visage Aveeno Clear Complexion Pure Matte Peel Off avec des acides alpha-hydroxy, du soja et de la grenade pour aider \u00e0 exfolier et matifier la peau Ce masque pour le visage au teint clair agit comme un exfoliant sans savon et sans\u2026","rel":"","context":"Similar post","block_context":{"text":"Similar post","link":""},"img":{"alt_text":"","src":"","width":0,"height":0},"classes":[]},{"id":31422,"url":"https:\/\/sakaba.mghosteur.com\/en\/product\/paula-choice-clear-60ml\/","url_meta":{"origin":24574,"position":1},"title":"PAULA CHOICE CLEAR 60ML","author":"admin","date":"May 10, 2024","format":false,"excerpt":"D\u00e9couvrez notre hydratant le plus l\u00e9ger, parfaitement adapt\u00e9 aux peaux grasses sujettes aux imperfections. Cette cr\u00e8me fluide ultra-l\u00e9g\u00e8re agit en plusieurs \u00e9tapes pour offrir \u00e0 votre peau une protection et une hydratation optimales : Matifie la peau : Sa formule sp\u00e9ciale aide \u00e0 r\u00e9duire l'exc\u00e8s de s\u00e9bum, laissant votre peau\u2026","rel":"","context":"Similar post","block_context":{"text":"Similar post","link":""},"img":{"alt_text":"","src":"","width":0,"height":0},"classes":[]},{"id":23926,"url":"https:\/\/sakaba.mghosteur.com\/en\/product\/ultra-light-moisturizing-lotion-30\/","url_meta":{"origin":24574,"position":2},"title":"Ultra-Light Moisturizing Lotion SPF 30","author":"admin","date":"November 9, 2022","format":false,"excerpt":"Le lait hydratant ultra-l\u00e9ger SPF 30 de CeraVe est un produit de soin essentiel pour les personnes ayant une peau normale \u00e0 grasse. Cette lotion hydratante l\u00e9g\u00e8re et non com\u00e9dog\u00e8ne est formul\u00e9e avec un \u00e9cran solaire \u00e0 large spectre SPF 30 pour prot\u00e9ger votre peau des dommages caus\u00e9s par les\u2026","rel":"","context":"Similar post","block_context":{"text":"Similar post","link":""},"img":{"alt_text":"","src":"","width":0,"height":0},"classes":[]},{"id":28274,"url":"https:\/\/sakaba.mghosteur.com\/en\/product\/aveeno-baby-lotion-532ml-gm\/","url_meta":{"origin":24574,"position":3},"title":"AVEENO baby lotion 532ML","author":"admin","date":"November 30, 2022","format":false,"excerpt":"Un flacon de 532 ml de lotion hydratante quotidienne apaisante et nourrissante Aveeno Baby La lotion nourrissante pour b\u00e9b\u00e9 est cliniquement prouv\u00e9e pour hydrater et prot\u00e9ger la peau de b\u00e9b\u00e9 pendant 24 heures L'hydratant \u00e0 l'avoine collo\u00efdale aide \u00e0 gu\u00e9rir et \u00e0 prot\u00e9ger la peau s\u00e8che, rugueuse, irrit\u00e9e et craquel\u00e9e\u2026","rel":"","context":"Similar post","block_context":{"text":"Similar post","link":""},"img":{"alt_text":"","src":"","width":0,"height":0},"classes":[]},{"id":29070,"url":"https:\/\/sakaba.mghosteur.com\/en\/product\/hydrating-mineral-sunscreen-spf-30-face-sheer-tint\/","url_meta":{"origin":24574,"position":4},"title":"Hydrating Mineral Sunscreen SPF 30 Face Sheer Tint","author":"admin","date":"March 13, 2023","format":false,"excerpt":"Prot\u00e9gez votre peau, tout en obtenant un effet bonne mine sans aucun pl\u00e2tre blanc. CeraVe Hydrating Mineral Sunscreen Broad Spectrum SPF 30 Face Sheer Tint offre une protection UVA\/UVB avec du dioxyde de titane et de l'oxyde de zinc 100 % min\u00e9raux , formant une barri\u00e8re \u00e0 la surface de\u2026","rel":"","context":"Similar post","block_context":{"text":"Similar post","link":""},"img":{"alt_text":"","src":"","width":0,"height":0},"classes":[]},{"id":24598,"url":"https:\/\/sakaba.mghosteur.com\/en\/product\/aveeno-calmrestore-for-sensitive-skin-2\/","url_meta":{"origin":24574,"position":5},"title":"AVEENO CALM+RESTORE FOR SENSITIVE SKIN","author":"admin","date":"November 10, 2022","format":false,"excerpt":"Aveeno Calm + Restore con\u00e7u pour les peaux sensibles avec de l'avoine pr\u00e9biotique, va au-del\u00e0 de l'apaisement pour renforcer la barri\u00e8re d'hydratation de la peau. La cr\u00e8me hydratante quotidienne pour le visage fournit une hydratation pendant 24 heures qui laisse la peau confortable toute la journ\u00e9e La formule l\u00e9g\u00e8re \u00e0\u2026","rel":"","context":"Similar post","block_context":{"text":"Similar post","link":""},"img":{"alt_text":"","src":"","width":0,"height":0},"classes":[]}],"_links":{"self":[{"href":"https:\/\/sakaba.mghosteur.com\/en\/wp-json\/wp\/v2\/product\/24574","targetHints":{"allow":["GET"]}}],"collection":[{"href":"https:\/\/sakaba.mghosteur.com\/en\/wp-json\/wp\/v2\/product"}],"about":[{"href":"https:\/\/sakaba.mghosteur.com\/en\/wp-json\/wp\/v2\/types\/product"}],"replies":[{"embeddable":true,"href":"https:\/\/sakaba.mghosteur.com\/en\/wp-json\/wp\/v2\/comments?post=24574"}],"version-history":[{"count":0,"href":"https:\/\/sakaba.mghosteur.com\/en\/wp-json\/wp\/v2\/product\/24574\/revisions"}],"wp:attachment":[{"href":"https:\/\/sakaba.mghosteur.com\/en\/wp-json\/wp\/v2\/media?parent=24574"}],"wp:term":[{"taxonomy":"product_brand","embeddable":true,"href":"https:\/\/sakaba.mghosteur.com\/en\/wp-json\/wp\/v2\/product_brand?post=24574"},{"taxonomy":"product_cat","embeddable":true,"href":"https:\/\/sakaba.mghosteur.com\/en\/wp-json\/wp\/v2\/product_cat?post=24574"},{"taxonomy":"product_tag","embeddable":true,"href":"https:\/\/sakaba.mghosteur.com\/en\/wp-json\/wp\/v2\/product_tag?post=24574"}],"curies":[{"name":"wp","href":"https:\/\/api.w.org\/{rel}","templated":true}]}}