{"id":24587,"date":"2022-11-10T16:07:05","date_gmt":"2022-11-10T16:07:05","guid":{"rendered":"http:\/\/www.sakababeauty.com\/?post_type=product&#038;p=24587"},"modified":"2022-11-10T16:07:05","modified_gmt":"2022-11-10T16:07:05","slug":"bio-oil-skincare-oil","status":"publish","type":"product","link":"https:\/\/sakaba.mghosteur.com\/en\/product\/bio-oil-skincare-oil\/","title":{"rendered":"Bio-Oil Skincare Oil"},"content":{"rendered":"","protected":false},"excerpt":{"rendered":"","protected":false},"featured_media":0,"comment_status":"closed","ping_status":"closed","template":"","meta":[],"product_brand":[],"product_cat":[355,450],"product_tag":[],"class_list":{"0":"post-24587","1":"product","2":"type-product","3":"status-publish","5":"product_cat-hydratant-corps","6":"product_cat-soin-de-la-peau","8":"first","9":"instock","10":"shipping-taxable","11":"product-type-simple"},"jetpack-related-posts":[{"id":30197,"url":"https:\/\/sakaba.mghosteur.com\/en\/product\/necessaire-the-body-oil\/","url_meta":{"origin":24587,"position":0},"title":"NECESSAIRE THE BODY OIL","author":"admin","date":"May 4, 2023","format":false,"excerpt":"D\u00e9couvrez l'Huile Corporelle de la marque N\u00e9cessaire\u2122, une huile de traitement riche en nutriments pour prendre soin de votre corps en profondeur. Cette huile est enti\u00e8rement BIO et press\u00e9e \u00e0 froid, sans additifs. Elle convient \u00e0 tous les types de peau, y compris les peaux s\u00e8ches, huileuses, combin\u00e9es et sensibles.\u2026","rel":"","context":"Similar post","block_context":{"text":"Similar post","link":""},"img":{"alt_text":"","src":"","width":0,"height":0},"classes":[]},{"id":25596,"url":"https:\/\/sakaba.mghosteur.com\/en\/product\/now-apricot-oil-100-moisturizing-oil\/","url_meta":{"origin":24587,"position":1},"title":"NOW APRICOT OIL 100% MOISTURIZING OIL","author":"admin","date":"November 14, 2022","format":false,"excerpt":"","rel":"","context":"Similar post","block_context":{"text":"Similar post","link":""},"img":{"alt_text":"","src":"","width":0,"height":0},"classes":[]},{"id":32824,"url":"https:\/\/sakaba.mghosteur.com\/en\/product\/avocado-oil-100-moisturizing-oil\/","url_meta":{"origin":24587,"position":2},"title":"AVOCADO OIL 100% MOISTURIZING OIL","author":"admin","date":"May 16, 2024","format":false,"excerpt":"","rel":"","context":"Similar post","block_context":{"text":"Similar post","link":""},"img":{"alt_text":"","src":"","width":0,"height":0},"classes":[]},{"id":25604,"url":"https:\/\/sakaba.mghosteur.com\/en\/product\/now-jojoba-oil-100-pure-moisturizing-oil\/","url_meta":{"origin":24587,"position":3},"title":"NOW JOJOBA OIL 100% PURE MOISTURIZING OIL","author":"admin","date":"November 14, 2022","format":false,"excerpt":"","rel":"","context":"Similar post","block_context":{"text":"Similar post","link":""},"img":{"alt_text":"","src":"","width":0,"height":0},"classes":[]},{"id":25593,"url":"https:\/\/sakaba.mghosteur.com\/en\/product\/now-evening-primrose-oil-100-pure-moisturizing-oil\/","url_meta":{"origin":24587,"position":4},"title":"NOW EVENING PRIMROSE OIL 100% PURE MOISTURIZING OIL","author":"admin","date":"November 14, 2022","format":false,"excerpt":"","rel":"","context":"Similar post","block_context":{"text":"Similar post","link":""},"img":{"alt_text":"","src":"","width":0,"height":0},"classes":[]},{"id":32815,"url":"https:\/\/sakaba.mghosteur.com\/en\/product\/now-almond-oil-100-pure-moisturizing-oil\/","url_meta":{"origin":24587,"position":5},"title":"NOW ALMOND OIL 100% PURE MOISTURIZING OIL","author":"admin","date":"May 16, 2024","format":false,"excerpt":"","rel":"","context":"Similar post","block_context":{"text":"Similar post","link":""},"img":{"alt_text":"","src":"","width":0,"height":0},"classes":[]}],"_links":{"self":[{"href":"https:\/\/sakaba.mghosteur.com\/en\/wp-json\/wp\/v2\/product\/24587","targetHints":{"allow":["GET"]}}],"collection":[{"href":"https:\/\/sakaba.mghosteur.com\/en\/wp-json\/wp\/v2\/product"}],"about":[{"href":"https:\/\/sakaba.mghosteur.com\/en\/wp-json\/wp\/v2\/types\/product"}],"replies":[{"embeddable":true,"href":"https:\/\/sakaba.mghosteur.com\/en\/wp-json\/wp\/v2\/comments?post=24587"}],"version-history":[{"count":0,"href":"https:\/\/sakaba.mghosteur.com\/en\/wp-json\/wp\/v2\/product\/24587\/revisions"}],"wp:attachment":[{"href":"https:\/\/sakaba.mghosteur.com\/en\/wp-json\/wp\/v2\/media?parent=24587"}],"wp:term":[{"taxonomy":"product_brand","embeddable":true,"href":"https:\/\/sakaba.mghosteur.com\/en\/wp-json\/wp\/v2\/product_brand?post=24587"},{"taxonomy":"product_cat","embeddable":true,"href":"https:\/\/sakaba.mghosteur.com\/en\/wp-json\/wp\/v2\/product_cat?post=24587"},{"taxonomy":"product_tag","embeddable":true,"href":"https:\/\/sakaba.mghosteur.com\/en\/wp-json\/wp\/v2\/product_tag?post=24587"}],"curies":[{"name":"wp","href":"https:\/\/api.w.org\/{rel}","templated":true}]}}