{"id":24591,"date":"2022-11-10T16:11:16","date_gmt":"2022-11-10T16:11:16","guid":{"rendered":"http:\/\/www.sakababeauty.com\/?post_type=product&#038;p=24591"},"modified":"2024-08-14T00:47:03","modified_gmt":"2024-08-14T00:47:03","slug":"aveeno-purely-matte-peel-off-mask","status":"publish","type":"product","link":"https:\/\/sakaba.mghosteur.com\/en\/product\/aveeno-purely-matte-peel-off-mask\/","title":{"rendered":"AVEENO PURELY MATTE PEEL OFF MASK"},"content":{"rendered":"<ul class=\"a-unordered-list a-vertical a-spacing-mini\">\n<li class=\"a-spacing-mini\"><span class=\"a-list-item\"><span>Tube de 2,0 onces de masque pour le visage Aveeno Clear Complexion Pure Matte Peel Off avec des acides alpha-hydroxy, du soja et de la grenade pour aider \u00e0 exfolier et matifier la peau<\/span><\/span><\/li>\n<li class=\"a-spacing-mini\"><span class=\"a-list-item\"><span>Ce masque pour le visage au teint clair agit comme un exfoliant sans savon et sans rin\u00e7age qui \u00e9limine l&#8217;exc\u00e8s de s\u00e9bum et d\u00e9sobstrue les pores en un seul geste rapide&nbsp;: appliquez simplement, laissez s\u00e9cher et d\u00e9collez doucement.<\/span><\/span><\/li>\n<li class=\"a-spacing-mini\"><span class=\"a-list-item\"><span>Sa formule unique est infus\u00e9e d&#8217;acides alpha-hydroxy, de soja et de grenade pour exfolier la peau, r\u00e9v\u00e9lant une peau plus claire et matifi\u00e9e.<\/span><\/span><\/li>\n<li class=\"a-spacing-mini\"><span class=\"a-list-item\"><span>De la marque recommand\u00e9e par les dermatologues, ce masque visage matifiant est doux pour la peau et sans paraben, sans phtalate et non com\u00e9dog\u00e8ne, il n&#8217;obstruera donc pas les pores.<\/span><\/span><\/li>\n<li class=\"a-spacing-mini\"><span class=\"a-list-item\"><span>Les masques Peel Off Aveeno sont une collection d&#8217;exfoliants sans savon et sans rin\u00e7age con\u00e7us pour que vous puissiez m\u00e9langer, assortir et effectuer plusieurs t\u00e2ches.<\/span><\/span><\/li>\n<\/ul>","protected":false},"excerpt":{"rendered":"<p>Tube de 2,0 onces de masque pour le visage Aveeno Clear Complexion Pure Matte Peel Off avec des acides alpha-hydroxy, du soja et de la grenade pour aider \u00e0 exfolier et matifier la peau Ce masque pour le visage au teint clair agit comme un exfoliant sans savon et sans rin\u00e7age qui \u00e9limine l&#8217;exc\u00e8s de<span class=\"read-more-faq\"><a href=\"https:\/\/sakaba.mghosteur.com\/en\/product\/aveeno-purely-matte-peel-off-mask\/\">Read More<\/a><\/span><\/p>","protected":false},"featured_media":0,"comment_status":"closed","ping_status":"closed","template":"","meta":[],"product_brand":[],"product_cat":[451,334],"product_tag":[],"class_list":{"0":"post-24591","1":"product","2":"type-product","3":"status-publish","5":"product_cat-aab-soin-du-visage","6":"product_cat-traitement-serum","8":"first","9":"instock","10":"shipping-taxable","11":"product-type-simple"},"jetpack-related-posts":[{"id":29592,"url":"https:\/\/sakaba.mghosteur.com\/en\/product\/fenty-skin-pre-show-glow-2\/","url_meta":{"origin":24591,"position":0},"title":"FENTY SKIN PRE SHOW GLOW","author":"admin","date":"April 10, 2023","format":false,"excerpt":"D\u00e9couvrez le FENTY SKIN PRE SHOW GLOW, un traitement pour une peau lisse et pr\u00eate en une minute. Avec une concentration de 10% d'acide alpha-hydroxy (AHA), ce traitement clarifie, purifie et lisse votre peau en douceur en \u00e9liminant les cellules mortes \u00e0 la surface et en profondeur dans les pores.\u2026","rel":"","context":"Similar post","block_context":{"text":"Similar post","link":""},"img":{"alt_text":"","src":"","width":0,"height":0},"classes":[]},{"id":27263,"url":"https:\/\/sakaba.mghosteur.com\/en\/product\/good-molecules-overnight-exfoliant-treatment\/","url_meta":{"origin":24591,"position":1},"title":"GOOD MOLECULES OVERNIGHT EXFOLIANT TREATMENT","author":"admin","date":"November 29, 2022","format":false,"excerpt":"Le traitement exfoliant de nuit de Good Molecules est un produit de soin pour la peau qui aide \u00e0 renouveler et \u00e0 lisser la surface de la peau pendant votre sommeil. Il est formul\u00e9 avec un m\u00e9lange d'acides alpha et b\u00eata hydroxyl\u00e9s \u00e0 10 % pour \u00e9liminer les cellules mortes\u2026","rel":"","context":"Similar post","block_context":{"text":"Similar post","link":""},"img":{"alt_text":"","src":"","width":0,"height":0},"classes":[]},{"id":26948,"url":"https:\/\/sakaba.mghosteur.com\/en\/product\/facetheory-glycolacsal-solution\/","url_meta":{"origin":24591,"position":2},"title":"FACETHEORY Glycolacsal Solution T4","author":"admin","date":"November 28, 2022","format":false,"excerpt":"Produit: Solution T4 Glycolacsal de la marque Facetheory La Solution T4 Glycolacsal de Facetheory est un toner exfoliant formul\u00e9 avec un trio d'acides: l'acide glycolique (8,5%), l'acide salicylique (1%) et l'acide lactique (0,5%) pour clarifier, \u00e9claircir et unifier le teint. Ces actifs acc\u00e9l\u00e8rent le renouvellement cellulaire, r\u00e9duisent les ridules, les\u2026","rel":"","context":"Similar post","block_context":{"text":"Similar post","link":""},"img":{"alt_text":"","src":"","width":0,"height":0},"classes":[]},{"id":26629,"url":"https:\/\/sakaba.mghosteur.com\/en\/product\/alpha-skin-care-renewal-body-lotion-12-glycolic\/","url_meta":{"origin":24591,"position":3},"title":"ALPHA SKIN CARE RENEWAL BODY LOTION 12% GLYCOLIC","author":"admin","date":"November 28, 2022","format":false,"excerpt":"Formul\u00e9 avec 12 % d'acide alpha-hydroxy glycolique (AHA) pour hydrater en profondeur et exfolier en douceur, laissant la peau douce, lisse et d'apparence plus jeune de la t\u00eate aux pieds. TYPES DE PEAU : Tous types de peau FORMULE ANTI-\u00c2GE : Ce lotion anti-\u00e2ge est sp\u00e9cialement formul\u00e9e avec l'\u00e9quilibre optimal\u2026","rel":"","context":"Similar post","block_context":{"text":"Similar post","link":""},"img":{"alt_text":"","src":"","width":0,"height":0},"classes":[]},{"id":27686,"url":"https:\/\/sakaba.mghosteur.com\/en\/product\/ole-henriksen-glow-oh-dark-spot-toner\/","url_meta":{"origin":24591,"position":4},"title":"OLE HENRIKSEN GLOW OH DARK SPOT TONER","author":"admin","date":"November 29, 2022","format":false,"excerpt":"Le tonique anti-taches Glow 2 OH d'Ole Henriksen aide \u00e0 clarifier et \u00e0 affiner l'apparence de la peau pour des r\u00e9sultats \u00e9quilibr\u00e9s. Infus\u00e9e d'un m\u00e9lange d'acides alpha-hydroxy, la formule agit pour minimiser visiblement les taches brunes en sept jours*. Les acides glycolique et lactique combinent leurs pouvoirs exfoliants pour \u00e9liminer\u2026","rel":"","context":"Similar post","block_context":{"text":"Similar post","link":""},"img":{"alt_text":"","src":"","width":0,"height":0},"classes":[]},{"id":26852,"url":"https:\/\/sakaba.mghosteur.com\/en\/product\/skin-perfecting-25aha-2bha-exfoliant-peel\/","url_meta":{"origin":24591,"position":5},"title":"SKIN PERFECTING 25%AHA +2%BHA EXFOLIANT PEEL","author":"admin","date":"November 28, 2022","format":false,"excerpt":"D\u00e9couvrez le Peeling Exfoliant 25% AHA + 2% BHA de la marque Paula's Choice, un gommage exfoliant multi-acides qui transformera votre peau en profondeur. Ce produit unique en son genre est con\u00e7u pour lisser les rides, affiner la texture de la peau, \u00e9claircir le teint et d\u00e9sobstruer les pores pour\u2026","rel":"","context":"Similar post","block_context":{"text":"Similar post","link":""},"img":{"alt_text":"","src":"","width":0,"height":0},"classes":[]}],"_links":{"self":[{"href":"https:\/\/sakaba.mghosteur.com\/en\/wp-json\/wp\/v2\/product\/24591","targetHints":{"allow":["GET"]}}],"collection":[{"href":"https:\/\/sakaba.mghosteur.com\/en\/wp-json\/wp\/v2\/product"}],"about":[{"href":"https:\/\/sakaba.mghosteur.com\/en\/wp-json\/wp\/v2\/types\/product"}],"replies":[{"embeddable":true,"href":"https:\/\/sakaba.mghosteur.com\/en\/wp-json\/wp\/v2\/comments?post=24591"}],"version-history":[{"count":0,"href":"https:\/\/sakaba.mghosteur.com\/en\/wp-json\/wp\/v2\/product\/24591\/revisions"}],"wp:attachment":[{"href":"https:\/\/sakaba.mghosteur.com\/en\/wp-json\/wp\/v2\/media?parent=24591"}],"wp:term":[{"taxonomy":"product_brand","embeddable":true,"href":"https:\/\/sakaba.mghosteur.com\/en\/wp-json\/wp\/v2\/product_brand?post=24591"},{"taxonomy":"product_cat","embeddable":true,"href":"https:\/\/sakaba.mghosteur.com\/en\/wp-json\/wp\/v2\/product_cat?post=24591"},{"taxonomy":"product_tag","embeddable":true,"href":"https:\/\/sakaba.mghosteur.com\/en\/wp-json\/wp\/v2\/product_tag?post=24591"}],"curies":[{"name":"wp","href":"https:\/\/api.w.org\/{rel}","templated":true}]}}