{"id":24598,"date":"2022-11-10T16:15:54","date_gmt":"2022-11-10T16:15:54","guid":{"rendered":"http:\/\/www.sakababeauty.com\/?post_type=product&#038;p=24598"},"modified":"2024-08-14T00:40:48","modified_gmt":"2024-08-14T00:40:48","slug":"aveeno-calmrestore-for-sensitive-skin-2","status":"publish","type":"product","link":"https:\/\/sakaba.mghosteur.com\/en\/product\/aveeno-calmrestore-for-sensitive-skin-2\/","title":{"rendered":"AVEENO CALM+RESTORE FOR SENSITIVE SKIN"},"content":{"rendered":"<ul class=\"a-unordered-list a-vertical a-spacing-mini\">\n<li class=\"a-spacing-mini\"><span class=\"a-list-item\"><span>Aveeno Calm + Restore con\u00e7u pour les peaux sensibles avec de l&#8217;avoine pr\u00e9biotique, va au-del\u00e0 de l&#8217;apaisement pour renforcer la barri\u00e8re d&#8217;hydratation de la peau. La cr\u00e8me hydratante quotidienne pour le visage fournit une hydratation pendant 24 heures qui laisse la peau confortable toute la journ\u00e9e<\/span><\/span><\/li>\n<li class=\"a-spacing-mini\"><span class=\"a-list-item\"><span>La formule l\u00e9g\u00e8re \u00e0 absorption rapide contient de l&#8217;avoine pr\u00e9biotique, pour apaiser la peau, et de la grande camomille, aide efficacement \u00e0 calmer la peau s\u00e8che et irrit\u00e9e. 97 % ont not\u00e9 que la peau est moins irrit\u00e9e, plus tol\u00e9rante et confortable toute la journ\u00e9e<\/span><\/span><\/li>\n<li class=\"a-spacing-mini\"><span class=\"a-list-item\"><span>Id\u00e9ale pour les peaux sensibles et les peaux ecz\u00e9matiques, cette cr\u00e8me hydratante quotidienne hypoallerg\u00e9nique douce pour le visage est exempte de parfums, de parab\u00e8nes, d&#8217;alcool, de colorants et de phtalates et est non com\u00e9dog\u00e8ne, elle n&#8217;obstruera donc pas les pores.<\/span><\/span><\/li>\n<\/ul>","protected":false},"excerpt":{"rendered":"<p>Aveeno Calm + Restore con\u00e7u pour les peaux sensibles avec de l&#8217;avoine pr\u00e9biotique, va au-del\u00e0 de l&#8217;apaisement pour renforcer la barri\u00e8re d&#8217;hydratation de la peau. La cr\u00e8me hydratante quotidienne pour le visage fournit une hydratation pendant 24 heures qui laisse la peau confortable toute la journ\u00e9e La formule l\u00e9g\u00e8re \u00e0 absorption rapide contient de l&#8217;avoine<span class=\"read-more-faq\"><a href=\"https:\/\/sakaba.mghosteur.com\/en\/product\/aveeno-calmrestore-for-sensitive-skin-2\/\">Read More<\/a><\/span><\/p>","protected":false},"featured_media":0,"comment_status":"closed","ping_status":"closed","template":"","meta":[],"product_brand":[],"product_cat":[331,292,451],"product_tag":[],"class_list":{"0":"post-24598","1":"product","2":"type-product","3":"status-publish","5":"product_cat-hydratant-visage","6":"product_cat-peaux-sensibles","7":"product_cat-aab-soin-du-visage","9":"first","10":"instock","11":"shipping-taxable","12":"product-type-simple"},"jetpack-related-posts":[],"_links":{"self":[{"href":"https:\/\/sakaba.mghosteur.com\/en\/wp-json\/wp\/v2\/product\/24598","targetHints":{"allow":["GET"]}}],"collection":[{"href":"https:\/\/sakaba.mghosteur.com\/en\/wp-json\/wp\/v2\/product"}],"about":[{"href":"https:\/\/sakaba.mghosteur.com\/en\/wp-json\/wp\/v2\/types\/product"}],"replies":[{"embeddable":true,"href":"https:\/\/sakaba.mghosteur.com\/en\/wp-json\/wp\/v2\/comments?post=24598"}],"version-history":[{"count":0,"href":"https:\/\/sakaba.mghosteur.com\/en\/wp-json\/wp\/v2\/product\/24598\/revisions"}],"wp:attachment":[{"href":"https:\/\/sakaba.mghosteur.com\/en\/wp-json\/wp\/v2\/media?parent=24598"}],"wp:term":[{"taxonomy":"product_brand","embeddable":true,"href":"https:\/\/sakaba.mghosteur.com\/en\/wp-json\/wp\/v2\/product_brand?post=24598"},{"taxonomy":"product_cat","embeddable":true,"href":"https:\/\/sakaba.mghosteur.com\/en\/wp-json\/wp\/v2\/product_cat?post=24598"},{"taxonomy":"product_tag","embeddable":true,"href":"https:\/\/sakaba.mghosteur.com\/en\/wp-json\/wp\/v2\/product_tag?post=24598"}],"curies":[{"name":"wp","href":"https:\/\/api.w.org\/{rel}","templated":true}]}}