{"id":24600,"date":"2022-11-10T16:18:39","date_gmt":"2022-11-10T16:18:39","guid":{"rendered":"http:\/\/www.sakababeauty.com\/?post_type=product&#038;p=24600"},"modified":"2022-11-10T16:18:39","modified_gmt":"2022-11-10T16:18:39","slug":"nexxus-humectress-conditioner-revitalisant","status":"publish","type":"product","link":"https:\/\/sakaba.mghosteur.com\/en\/product\/nexxus-humectress-conditioner-revitalisant\/","title":{"rendered":"NEXXUS HUMECTRESS CONDITIONER REVITALISANT"},"content":{"rendered":"","protected":false},"excerpt":{"rendered":"","protected":false},"featured_media":0,"comment_status":"closed","ping_status":"closed","template":"","meta":[],"product_brand":[],"product_cat":[284],"product_tag":[],"class_list":{"0":"post-24600","1":"product","2":"type-product","3":"status-publish","5":"product_cat-aad-cheveux","7":"first","8":"instock","9":"shipping-taxable","10":"product-type-simple"},"jetpack-related-posts":[{"id":33771,"url":"https:\/\/sakaba.mghosteur.com\/en\/product\/cremo-shampoo-conditioner-fresh-citrus\/","url_meta":{"origin":24600,"position":0},"title":"CREMO SHAMPOO &amp; CONDITIONER FRESH CITRUS","author":"admin","date":"May 23, 2024","format":false,"excerpt":"Une combinaison revitalisante de mandarine vive, d'herbes s\u00e8ches et de c\u00e8dre blanc dans un shampooing et revitalisant 2 en 1. Cette formule moussante ultra-riche nettoie et hydrate en profondeur en une seule \u00e9tape facile, laissant les cheveux d'apparence et de sensation de fra\u00eecheur.","rel":"","context":"Similar post","block_context":{"text":"Similar post","link":""},"img":{"alt_text":"","src":"","width":0,"height":0},"classes":[]},{"id":29708,"url":"https:\/\/sakaba.mghosteur.com\/en\/product\/palmers-length-retention-leave-in-conditioner\/","url_meta":{"origin":24600,"position":1},"title":"PALMERS LENGTH RETENTION LEAVE IN CONDITIONER","author":"admin","date":"April 14, 2023","format":false,"excerpt":"Le revitalisant sans rin\u00e7age pour la r\u00e9tention de la longueur de la marque Palmer's est un produit de soin capillaire instantan\u00e9 et cr\u00e9meux, con\u00e7u pour tous les types de cheveux boucl\u00e9s. Formul\u00e9 sans silicone, il \u00e9limine les n\u0153uds et les enchev\u00eatrements, tout en renfor\u00e7ant les m\u00e8ches pour prot\u00e9ger contre la\u2026","rel":"","context":"Similar post","block_context":{"text":"Similar post","link":""},"img":{"alt_text":"","src":"","width":0,"height":0},"classes":[]},{"id":29696,"url":"https:\/\/sakaba.mghosteur.com\/en\/product\/palmers-length-retention-conditioner\/","url_meta":{"origin":24600,"position":2},"title":"PALMERS LENGTH RETENTION DEEP CONDITIONER","author":"admin","date":"April 14, 2023","format":false,"excerpt":"D\u00e9couvrez le revitalisant en profondeur pour la r\u00e9tention de la longueur de la marque Palmer's, con\u00e7u pour nourrir chaque fibre capillaire en profondeur. Ce revitalisant sans silicone renforce vos cheveux pour les prot\u00e9ger contre les dommages futurs, tout en les hydratant, les d\u00e9m\u00ealant et les adoucissant pour une apparence plus\u2026","rel":"","context":"Similar post","block_context":{"text":"Similar post","link":""},"img":{"alt_text":"","src":"","width":0,"height":0},"classes":[]},{"id":24636,"url":"https:\/\/sakaba.mghosteur.com\/en\/product\/nexxus-therappe-shampoo\/","url_meta":{"origin":24600,"position":3},"title":"NEXXUS THERAPPE SHAMPOO","author":"admin","date":"November 10, 2022","format":false,"excerpt":"","rel":"","context":"Similar post","block_context":{"text":"Similar post","link":""},"img":{"alt_text":"","src":"","width":0,"height":0},"classes":[]},{"id":31612,"url":"https:\/\/sakaba.mghosteur.com\/en\/product\/the-ordinary-hair-care-behentrimonium-chloride-2-conditioner\/","url_meta":{"origin":24600,"position":4},"title":"The Ordinary HAIR CARE BEHENTRIMONIUM CHLORIDE 2% CONDITIONER","author":"admin","date":"May 10, 2024","format":false,"excerpt":"Formule l\u00e9g\u00e8re et sans parfum pour une revitalisation efficace de vos cheveux. Cibles : Cheveux Adapt\u00e9 \u00e0 : Tous types de cheveux Description : Le Conditionneur \u00e0 2% de Chlorure de B\u00e9hentrimonium est une cr\u00e8me revitalisante qui lisse vos cheveux de la racine aux pointes, sans les alourdir. Sa concentration\u2026","rel":"","context":"Similar post","block_context":{"text":"Similar post","link":""},"img":{"alt_text":"","src":"","width":0,"height":0},"classes":[]},{"id":26110,"url":"https:\/\/sakaba.mghosteur.com\/en\/product\/mielle-white-peony-leave-in-conditioner\/","url_meta":{"origin":24600,"position":5},"title":"MIELLE WHITE PEONY LEAVE IN CONDITIONER","author":"admin","date":"November 24, 2022","format":false,"excerpt":"Ce revitalisant sans rin\u00e7age ultra hydratant \u00e0 la pivoine blanche est l\u00e9ger et contient des ingr\u00e9dients naturels et biologiques pour donner \u00e0 vos cheveux l'hydratation et la protection dont ils ont besoin. Il retient l'hydratation, lisse la tige capillaire, dompte les frisottis et les cheveux rebelles. Un excellent produit lorsqu'il\u2026","rel":"","context":"Similar post","block_context":{"text":"Similar post","link":""},"img":{"alt_text":"","src":"","width":0,"height":0},"classes":[]}],"_links":{"self":[{"href":"https:\/\/sakaba.mghosteur.com\/en\/wp-json\/wp\/v2\/product\/24600","targetHints":{"allow":["GET"]}}],"collection":[{"href":"https:\/\/sakaba.mghosteur.com\/en\/wp-json\/wp\/v2\/product"}],"about":[{"href":"https:\/\/sakaba.mghosteur.com\/en\/wp-json\/wp\/v2\/types\/product"}],"replies":[{"embeddable":true,"href":"https:\/\/sakaba.mghosteur.com\/en\/wp-json\/wp\/v2\/comments?post=24600"}],"version-history":[{"count":0,"href":"https:\/\/sakaba.mghosteur.com\/en\/wp-json\/wp\/v2\/product\/24600\/revisions"}],"wp:attachment":[{"href":"https:\/\/sakaba.mghosteur.com\/en\/wp-json\/wp\/v2\/media?parent=24600"}],"wp:term":[{"taxonomy":"product_brand","embeddable":true,"href":"https:\/\/sakaba.mghosteur.com\/en\/wp-json\/wp\/v2\/product_brand?post=24600"},{"taxonomy":"product_cat","embeddable":true,"href":"https:\/\/sakaba.mghosteur.com\/en\/wp-json\/wp\/v2\/product_cat?post=24600"},{"taxonomy":"product_tag","embeddable":true,"href":"https:\/\/sakaba.mghosteur.com\/en\/wp-json\/wp\/v2\/product_tag?post=24600"}],"curies":[{"name":"wp","href":"https:\/\/api.w.org\/{rel}","templated":true}]}}