{"id":24651,"date":"2022-11-10T16:24:38","date_gmt":"2022-11-10T16:24:38","guid":{"rendered":"http:\/\/www.sakababeauty.com\/?post_type=product&#038;p=24651"},"modified":"2022-11-10T16:24:39","modified_gmt":"2022-11-10T16:24:39","slug":"l-a-girl-lip-scrub","status":"publish","type":"product","link":"https:\/\/sakaba.mghosteur.com\/en\/product\/l-a-girl-lip-scrub\/","title":{"rendered":"L.A.GIRL Lip Scrub"},"content":{"rendered":"","protected":false},"excerpt":{"rendered":"","protected":false},"featured_media":0,"comment_status":"closed","ping_status":"closed","template":"","meta":[],"product_brand":[],"product_cat":[305],"product_tag":[],"class_list":{"0":"post-24651","1":"product","2":"type-product","3":"status-publish","5":"product_cat-levres","7":"first","8":"instock","9":"shipping-taxable","10":"product-type-simple"},"jetpack-related-posts":[{"id":34646,"url":"https:\/\/sakaba.mghosteur.com\/en\/product\/fenty-pro-kissr-coffret-soin-du-levres\/","url_meta":{"origin":24651,"position":0},"title":"FENTY PRO KISS&#8217;R COFFRET SOIN DU LEVRES","author":"admin","date":"May 30, 2024","format":false,"excerpt":"Fenty Beauty Pro Kiss'r Duo Scrubstick + Lip Balm Set est un\u00a0ensemble de deux produits essentiels pour\u00a0le soin des\u00a0l\u00e8vres.\u00a0Offrez\u00a0\u00e0 vos l\u00e8vres le traitement qu'elles m\u00e9ritent! Pr\u00e9parez vos l\u00e8vres en les exfoliant \u00e0 l'aide du Pro Kiss'r scrub pour les lisser instantan\u00e9ment. Faites les ensuite briller gr\u00e2ce au mini Pro Kiss'r\u2026","rel":"","context":"Similar post","block_context":{"text":"Similar post","link":""},"img":{"alt_text":"","src":"","width":0,"height":0},"classes":[]},{"id":27718,"url":"https:\/\/sakaba.mghosteur.com\/en\/product\/exfoliating-facial-scrub\/","url_meta":{"origin":24651,"position":1},"title":"Exfoliating facial scrub","author":"admin","date":"November 29, 2022","format":false,"excerpt":"","rel":"","context":"Similar post","block_context":{"text":"Similar post","link":""},"img":{"alt_text":"","src":"","width":0,"height":0},"classes":[]},{"id":26693,"url":"https:\/\/sakaba.mghosteur.com\/en\/product\/face-and-body-scrub\/","url_meta":{"origin":24651,"position":2},"title":"FACE AND BODY SCRUB","author":"admin","date":"November 28, 2022","format":false,"excerpt":"","rel":"","context":"Similar post","block_context":{"text":"Similar post","link":""},"img":{"alt_text":"","src":"","width":0,"height":0},"classes":[]},{"id":26908,"url":"https:\/\/sakaba.mghosteur.com\/en\/product\/shea-sugar-scrub-watermelon\/","url_meta":{"origin":24651,"position":3},"title":"SHEA SUGAR SCRUB WATERMELON","author":"admin","date":"November 28, 2022","format":false,"excerpt":"","rel":"","context":"Similar post","block_context":{"text":"Similar post","link":""},"img":{"alt_text":"","src":"","width":0,"height":0},"classes":[]},{"id":27690,"url":"https:\/\/sakaba.mghosteur.com\/en\/product\/olehenriksen-transforming-walnut-scrub\/","url_meta":{"origin":24651,"position":4},"title":"OLEHENRIKSEN TRANSFORMING WALNUT SCRUB","author":"admin","date":"November 29, 2022","format":false,"excerpt":"","rel":"","context":"Similar post","block_context":{"text":"Similar post","link":""},"img":{"alt_text":"","src":"","width":0,"height":0},"classes":[]},{"id":25536,"url":"https:\/\/sakaba.mghosteur.com\/en\/product\/softsoap-coconut-butter-scrub\/","url_meta":{"origin":24651,"position":5},"title":"SOFTSOAP COCONUT BUTTER SCRUB","author":"admin","date":"November 14, 2022","format":false,"excerpt":"","rel":"","context":"Similar post","block_context":{"text":"Similar post","link":""},"img":{"alt_text":"","src":"","width":0,"height":0},"classes":[]}],"_links":{"self":[{"href":"https:\/\/sakaba.mghosteur.com\/en\/wp-json\/wp\/v2\/product\/24651","targetHints":{"allow":["GET"]}}],"collection":[{"href":"https:\/\/sakaba.mghosteur.com\/en\/wp-json\/wp\/v2\/product"}],"about":[{"href":"https:\/\/sakaba.mghosteur.com\/en\/wp-json\/wp\/v2\/types\/product"}],"replies":[{"embeddable":true,"href":"https:\/\/sakaba.mghosteur.com\/en\/wp-json\/wp\/v2\/comments?post=24651"}],"version-history":[{"count":0,"href":"https:\/\/sakaba.mghosteur.com\/en\/wp-json\/wp\/v2\/product\/24651\/revisions"}],"wp:attachment":[{"href":"https:\/\/sakaba.mghosteur.com\/en\/wp-json\/wp\/v2\/media?parent=24651"}],"wp:term":[{"taxonomy":"product_brand","embeddable":true,"href":"https:\/\/sakaba.mghosteur.com\/en\/wp-json\/wp\/v2\/product_brand?post=24651"},{"taxonomy":"product_cat","embeddable":true,"href":"https:\/\/sakaba.mghosteur.com\/en\/wp-json\/wp\/v2\/product_cat?post=24651"},{"taxonomy":"product_tag","embeddable":true,"href":"https:\/\/sakaba.mghosteur.com\/en\/wp-json\/wp\/v2\/product_tag?post=24651"}],"curies":[{"name":"wp","href":"https:\/\/api.w.org\/{rel}","templated":true}]}}