{"id":24662,"date":"2022-11-10T16:29:27","date_gmt":"2022-11-10T16:29:27","guid":{"rendered":"http:\/\/www.sakababeauty.com\/?post_type=product&#038;p=24662"},"modified":"2024-08-14T00:42:16","modified_gmt":"2024-08-14T00:42:16","slug":"aveeno-daily-moisturizing-body-wash","status":"publish","type":"product","link":"https:\/\/sakaba.mghosteur.com\/en\/product\/aveeno-daily-moisturizing-body-wash\/","title":{"rendered":"AVEENO DAILY MOISTURIZING BODY WASH"},"content":{"rendered":"<p>Le nettoyant corporel hydratant quotidien Aveeno\u00a0<sup>\u00ae<\/sup>\u00a0avec de l&#8217;avoine pr\u00e9biotique apaisante et un l\u00e9ger parfum nourrit la peau s\u00e8che. Ce gel douche cr\u00e9meux nettoie en douceur et aide \u00e0 pr\u00e9server la barri\u00e8re d&#8217;hydratation naturelle de la peau. 92 % ont convenu que ce nettoyant laissait leur peau nourrie pendant la douche. Ce nettoyant sans sulfate et test\u00e9 contre les allergies contient de l&#8217;avoine nourrissante pour aider \u00e0 retenir l&#8217;humidit\u00e9 et nettoie en douceur la peau s\u00e8che et sensible pour r\u00e9v\u00e9ler une peau plus lisse et plus douce longtemps apr\u00e8s la douche.<\/p>\n<ul>\n<li>Le lavage quotidien nettoie en douceur les peaux sensibles<\/li>\n<li>Le nettoyant corporel hydratant \u00e0 l&#8217;avoine nourrit la peau s\u00e8che<\/li>\n<li>Le nettoyant convient aux peaux sensibles, l\u00e9g\u00e8rement parfum\u00e9 et sans sulfates, parab\u00e8nes, colorants ni savons.<\/li>\n<\/ul>","protected":false},"excerpt":{"rendered":"<p>Le nettoyant corporel hydratant quotidien Aveeno\u00a0\u00ae\u00a0avec de l&#8217;avoine pr\u00e9biotique apaisante et un l\u00e9ger parfum nourrit la peau s\u00e8che. Ce gel douche cr\u00e9meux nettoie en douceur et aide \u00e0 pr\u00e9server la barri\u00e8re d&#8217;hydratation naturelle de la peau. 92 % ont convenu que ce nettoyant laissait leur peau nourrie pendant la douche. Ce nettoyant sans sulfate et<span class=\"read-more-faq\"><a href=\"https:\/\/sakaba.mghosteur.com\/en\/product\/aveeno-daily-moisturizing-body-wash\/\">Read More<\/a><\/span><\/p>","protected":false},"featured_media":0,"comment_status":"closed","ping_status":"closed","template":"","meta":[],"product_brand":[],"product_cat":[358,447],"product_tag":[],"class_list":{"0":"post-24662","1":"product","2":"type-product","3":"status-publish","5":"product_cat-bain-douche","6":"product_cat-aac-bain-et-corps","8":"first","9":"instock","10":"shipping-taxable","11":"product-type-simple"},"jetpack-related-posts":[{"id":31906,"url":"https:\/\/sakaba.mghosteur.com\/en\/product\/aveeno-baby-wash-shampoo-532-ml\/","url_meta":{"origin":24662,"position":0},"title":"AVEENO BABY WASH &amp; SHAMPOO 532 ML","author":"admin","date":"May 10, 2024","format":false,"excerpt":"Flacon de 18 onces liquides de nettoyant doux Aveeno Baby Daily Moisture 2-en-1 pour le bain et le shampooing capillaire avec extrait d'avoine naturel pour nettoyer les cheveux et la peau d\u00e9licats de b\u00e9b\u00e9 La formule riche et moussante du nettoyant pour le corps et du shampoing pour b\u00e9b\u00e9 contient\u2026","rel":"","context":"Similar post","block_context":{"text":"Similar post","link":""},"img":{"alt_text":"","src":"","width":0,"height":0},"classes":[]},{"id":24589,"url":"https:\/\/sakaba.mghosteur.com\/en\/product\/aveeno-calmrestore-for-sensitive-skin\/","url_meta":{"origin":24662,"position":1},"title":"AVEENO NOURISHING OAT CLEANSER","author":"admin","date":"November 10, 2022","format":false,"excerpt":"Le nettoyant visage nourrissant \u00e0 l'avoine Aveeno Calm + Restore nettoie et hydrate la peau. Id\u00e9al pour les peaux irrit\u00e9es et sensibles, ce gel nettoyant d'une marque de soins de la peau recommand\u00e9e par les dermatologues nettoie et purifie la peau tout en aidant \u00e0 pr\u00e9server sa barri\u00e8re d'hydratation. Ce\u2026","rel":"","context":"Similar post","block_context":{"text":"Similar post","link":""},"img":{"alt_text":"","src":"","width":0,"height":0},"classes":[]},{"id":29187,"url":"https:\/\/sakaba.mghosteur.com\/en\/product\/the-inkey-list-oat-cleansing-balm-150-ml\/","url_meta":{"origin":24662,"position":2},"title":"THE INKEY LIST OAT CLEANSING BALM 150 ML","author":"admin","date":"March 20, 2023","format":false,"excerpt":"Le baume d\u00e9maquillant \u00e0 l'avoine de la marque The Inkey List est un produit de nettoyage essentiel pour votre routine de soins de la peau. Ce baume nettoyant riche est con\u00e7u pour \u00e9liminer en douceur le maquillage et les impuret\u00e9s sans dess\u00e9cher la peau, la laissant hydrat\u00e9e et nourrie. Le\u2026","rel":"","context":"Similar post","block_context":{"text":"Similar post","link":""},"img":{"alt_text":"","src":"","width":0,"height":0},"classes":[]},{"id":25540,"url":"https:\/\/sakaba.mghosteur.com\/en\/product\/eucerin-skin-calming-body-wash\/","url_meta":{"origin":24662,"position":3},"title":"EUCERIN SKIN CALMING BODY WASH","author":"admin","date":"November 14, 2022","format":false,"excerpt":"Le gel douche apaisant pour la peau d\u2019Eucerin nettoie et apaise la peau s\u00e8che et qui d\u00e9mange. Sa formule sans savon nettoie en douceur sans dess\u00e9cher la peau afin de ne pas l\u2019irriter. Ce gel douche doux aide \u00e0 conserver l\u2019hydratation essentielle de la peau et est formul\u00e9 avec des\u2026","rel":"","context":"Similar post","block_context":{"text":"Similar post","link":""},"img":{"alt_text":"","src":"","width":0,"height":0},"classes":[]},{"id":29049,"url":"https:\/\/sakaba.mghosteur.com\/en\/product\/cerave-hydrating-foaming-oil-cleanser-236ml\/","url_meta":{"origin":24662,"position":4},"title":"CERAVE HYDRATING FOAMING OIL CLEANSER 236ML","author":"admin","date":"March 10, 2023","format":false,"excerpt":"La CeraVe Hydrating Foaming Oil Cleanser est un nettoyant quotidien doux et nourrissant pour les peaux normales \u00e0 tr\u00e8s s\u00e8ches. Sa formule contenant 3 c\u00e9ramides essentiels, de la glyc\u00e9rine et de l'acide hyaluronique \u00e9limine en douceur la salet\u00e9, le s\u00e9bum et les impuret\u00e9s de la peau tout en procurant une\u2026","rel":"","context":"Similar post","block_context":{"text":"Similar post","link":""},"img":{"alt_text":"","src":"","width":0,"height":0},"classes":[]},{"id":33516,"url":"https:\/\/sakaba.mghosteur.com\/en\/product\/aveeno-daily-moisturizing-body-lotion-for-dry-skin-18oz\/","url_meta":{"origin":24662,"position":5},"title":"Aveeno Daily Moisturizing Body Lotion For Dry Skin, 18oz.","author":"admin","date":"May 22, 2024","format":false,"excerpt":"Nourrissez intens\u00e9ment la peau s\u00e8che avec une formule \u00e0 base d'avoine pr\u00e9biotique. La lotion quotidienne douce nourrit et aide \u00e0 reconstituer la barri\u00e8re d'hydratation naturelle de la peau et offre une hydratation cliniquement prouv\u00e9e qui dure 24 heures. Hydratation 24 heures cliniquement prouv\u00e9e La lotion quotidienne nourrit la peau s\u00e8che\u2026","rel":"","context":"Similar post","block_context":{"text":"Similar post","link":""},"img":{"alt_text":"","src":"","width":0,"height":0},"classes":[]}],"_links":{"self":[{"href":"https:\/\/sakaba.mghosteur.com\/en\/wp-json\/wp\/v2\/product\/24662","targetHints":{"allow":["GET"]}}],"collection":[{"href":"https:\/\/sakaba.mghosteur.com\/en\/wp-json\/wp\/v2\/product"}],"about":[{"href":"https:\/\/sakaba.mghosteur.com\/en\/wp-json\/wp\/v2\/types\/product"}],"replies":[{"embeddable":true,"href":"https:\/\/sakaba.mghosteur.com\/en\/wp-json\/wp\/v2\/comments?post=24662"}],"version-history":[{"count":0,"href":"https:\/\/sakaba.mghosteur.com\/en\/wp-json\/wp\/v2\/product\/24662\/revisions"}],"wp:attachment":[{"href":"https:\/\/sakaba.mghosteur.com\/en\/wp-json\/wp\/v2\/media?parent=24662"}],"wp:term":[{"taxonomy":"product_brand","embeddable":true,"href":"https:\/\/sakaba.mghosteur.com\/en\/wp-json\/wp\/v2\/product_brand?post=24662"},{"taxonomy":"product_cat","embeddable":true,"href":"https:\/\/sakaba.mghosteur.com\/en\/wp-json\/wp\/v2\/product_cat?post=24662"},{"taxonomy":"product_tag","embeddable":true,"href":"https:\/\/sakaba.mghosteur.com\/en\/wp-json\/wp\/v2\/product_tag?post=24662"}],"curies":[{"name":"wp","href":"https:\/\/api.w.org\/{rel}","templated":true}]}}