{"id":24667,"date":"2022-11-10T16:33:09","date_gmt":"2022-11-10T16:33:09","guid":{"rendered":"http:\/\/www.sakababeauty.com\/?post_type=product&#038;p=24667"},"modified":"2024-09-01T14:36:00","modified_gmt":"2024-09-01T14:36:00","slug":"colgate-optic-white-renewal-removes-10years","status":"publish","type":"product","link":"https:\/\/sakaba.mghosteur.com\/en\/product\/colgate-optic-white-renewal-removes-10years\/","title":{"rendered":"COLGATE OPTIC WHITE RENEWAL REMOVES 10YEARS"},"content":{"rendered":"","protected":false},"excerpt":{"rendered":"","protected":false},"featured_media":0,"comment_status":"closed","ping_status":"closed","template":"","meta":[],"product_brand":[],"product_cat":[391,1064],"product_tag":[],"class_list":{"0":"post-24667","1":"product","2":"type-product","3":"status-publish","5":"product_cat-aae-bien-etre","6":"product_cat-deodorant-hygiene-intime","8":"first","9":"instock","10":"shipping-taxable","11":"product-type-simple"},"jetpack-related-posts":[{"id":24664,"url":"https:\/\/sakaba.mghosteur.com\/en\/product\/colgate-total-advanced-whitening\/","url_meta":{"origin":24667,"position":0},"title":"COLGATE TOTAL ADVANCED WHITENING","author":"admin","date":"November 10, 2022","format":false,"excerpt":"","rel":"","context":"Similar post","block_context":{"text":"Similar post","link":""},"img":{"alt_text":"","src":"","width":0,"height":0},"classes":[]},{"id":28010,"url":"https:\/\/sakaba.mghosteur.com\/en\/product\/squalane-glycolic-renewal-mask\/","url_meta":{"origin":24667,"position":1},"title":"BIOSSANCE SQUALANE+ GLYCOLIC RENEWAL MASK","author":"admin","date":"November 29, 2022","format":false,"excerpt":"Peeling, exfoliant et masque tout-en-un avec AHA pour minimiser les ridules, la d\u00e9coloration et l'apparence des pores dilat\u00e9s.","rel":"","context":"Similar post","block_context":{"text":"Similar post","link":""},"img":{"alt_text":"","src":"","width":0,"height":0},"classes":[]},{"id":34207,"url":"https:\/\/sakaba.mghosteur.com\/en\/product\/fresh-black-tea-advanced-age-renewal-cream-50ml\/","url_meta":{"origin":24667,"position":2},"title":"FRESH BLACK TEA ADVANCED AGE RENEWAL CREAM 50ML","author":"admin","date":"May 27, 2024","format":false,"excerpt":"La cr\u00e8me Fresh Black Tea Advanced Age Renewal est une cr\u00e8me anti-\u00e2ge l\u00e9g\u00e8re qui utilise un m\u00e9lange d'extraits de th\u00e9 noir et de feuilles de ramboutan pour offrir des r\u00e9sultats similaires \u00e0 ceux du r\u00e9tinol. Elle contient du c\u00e9ramide NP, un lipide qui aide \u00e0 prot\u00e9ger la barri\u00e8re cutan\u00e9e et\u2026","rel":"","context":"Similar post","block_context":{"text":"Similar post","link":""},"img":{"alt_text":"","src":"","width":0,"height":0},"classes":[]},{"id":26613,"url":"https:\/\/sakaba.mghosteur.com\/en\/product\/alpha-skin-care-essential-renewal-lotion\/","url_meta":{"origin":24667,"position":3},"title":"ALPHA SKIN CARE ESSENTIAL RENEWAL LOTION","author":"admin","date":"November 28, 2022","format":false,"excerpt":"La lotion r\u00e9g\u00e9n\u00e9ratrice essentielle Alpha Skin Care est une lotion de 120 ml contenant 10 % d'AHA glycolique, qui lib\u00e8re en douceur les cellules mortes de la peau et permet \u00e0 une peau nouvelle et plus saine de remonter \u00e0 la surface. Elle est con\u00e7ue pour les peaux s\u00e8ches et\u2026","rel":"","context":"Similar post","block_context":{"text":"Similar post","link":""},"img":{"alt_text":"","src":"","width":0,"height":0},"classes":[]},{"id":26627,"url":"https:\/\/sakaba.mghosteur.com\/en\/product\/alpha-intensive-renewal-serum-14-glycolic-aha\/","url_meta":{"origin":24667,"position":4},"title":"ALPHA INTENSIVE RENEWAL SERUM 14% GLYCOLIC AHA","author":"admin","date":"November 28, 2022","format":false,"excerpt":"Le s\u00e9rum r\u00e9g\u00e9n\u00e9rant intensif Alpha Skin Care 14 % Glycolic AHA est un traitement liquide \u00e0 usage hebdomadaire tr\u00e8s puissant qui contient un m\u00e9lange unique d'acide glycolique et d'antioxydants pour une exfoliation intensive. Il s'agit d'un liquide l\u00e9ger comme de l'eau qui convient \u00e0 tous les types de peau et\u2026","rel":"","context":"Similar post","block_context":{"text":"Similar post","link":""},"img":{"alt_text":"","src":"","width":0,"height":0},"classes":[]},{"id":24084,"url":"https:\/\/sakaba.mghosteur.com\/en\/product\/olivia-rose-remover-vacuum\/","url_meta":{"origin":24667,"position":5},"title":"OLIVIA ROSE REMOVER VACUUM","author":"admin","date":"November 9, 2022","format":false,"excerpt":"","rel":"","context":"Similar post","block_context":{"text":"Similar post","link":""},"img":{"alt_text":"","src":"","width":0,"height":0},"classes":[]}],"_links":{"self":[{"href":"https:\/\/sakaba.mghosteur.com\/en\/wp-json\/wp\/v2\/product\/24667","targetHints":{"allow":["GET"]}}],"collection":[{"href":"https:\/\/sakaba.mghosteur.com\/en\/wp-json\/wp\/v2\/product"}],"about":[{"href":"https:\/\/sakaba.mghosteur.com\/en\/wp-json\/wp\/v2\/types\/product"}],"replies":[{"embeddable":true,"href":"https:\/\/sakaba.mghosteur.com\/en\/wp-json\/wp\/v2\/comments?post=24667"}],"version-history":[{"count":0,"href":"https:\/\/sakaba.mghosteur.com\/en\/wp-json\/wp\/v2\/product\/24667\/revisions"}],"wp:attachment":[{"href":"https:\/\/sakaba.mghosteur.com\/en\/wp-json\/wp\/v2\/media?parent=24667"}],"wp:term":[{"taxonomy":"product_brand","embeddable":true,"href":"https:\/\/sakaba.mghosteur.com\/en\/wp-json\/wp\/v2\/product_brand?post=24667"},{"taxonomy":"product_cat","embeddable":true,"href":"https:\/\/sakaba.mghosteur.com\/en\/wp-json\/wp\/v2\/product_cat?post=24667"},{"taxonomy":"product_tag","embeddable":true,"href":"https:\/\/sakaba.mghosteur.com\/en\/wp-json\/wp\/v2\/product_tag?post=24667"}],"curies":[{"name":"wp","href":"https:\/\/api.w.org\/{rel}","templated":true}]}}