{"id":24673,"date":"2022-11-10T16:34:44","date_gmt":"2022-11-10T16:34:44","guid":{"rendered":"http:\/\/www.sakababeauty.com\/?post_type=product&#038;p=24673"},"modified":"2022-11-10T16:34:44","modified_gmt":"2022-11-10T16:34:44","slug":"cetaphil-gentle-skin-cleanser-4-oz","status":"publish","type":"product","link":"https:\/\/sakaba.mghosteur.com\/en\/product\/cetaphil-gentle-skin-cleanser-4-oz\/","title":{"rendered":"Cetaphil Gentle Skin Cleanser 4 OZ"},"content":{"rendered":"","protected":false},"excerpt":{"rendered":"","protected":false},"featured_media":0,"comment_status":"closed","ping_status":"closed","template":"","meta":[],"product_brand":[],"product_cat":[446],"product_tag":[],"class_list":{"0":"post-24673","1":"product","2":"type-product","3":"status-publish","5":"product_cat-nettoyant","7":"first","8":"instock","9":"shipping-taxable","10":"product-type-simple"},"jetpack-related-posts":[{"id":24695,"url":"https:\/\/sakaba.mghosteur.com\/en\/product\/cetaphil-gentle-skin-cleanser-20-oz\/","url_meta":{"origin":24673,"position":0},"title":"Cetaphil Gentle Skin Cleanser 20 OZ","author":"admin","date":"November 10, 2022","format":false,"excerpt":"","rel":"","context":"Similar post","block_context":{"text":"Similar post","link":""},"img":{"alt_text":"","src":"","width":0,"height":0},"classes":[]},{"id":24721,"url":"https:\/\/sakaba.mghosteur.com\/en\/product\/cetaphil-gentle-foaming-cleanser\/","url_meta":{"origin":24673,"position":1},"title":"CETAPHIL GENTLE FOAMING CLEANSER","author":"admin","date":"November 10, 2022","format":false,"excerpt":"","rel":"","context":"Similar post","block_context":{"text":"Similar post","link":""},"img":{"alt_text":"","src":"","width":0,"height":0},"classes":[]},{"id":24687,"url":"https:\/\/sakaba.mghosteur.com\/en\/product\/cetaphil-moisturing-lotion-4-oz\/","url_meta":{"origin":24673,"position":2},"title":"Cetaphil Moisturing Lotion 4 OZ","author":"admin","date":"November 10, 2022","format":false,"excerpt":"","rel":"","context":"Similar post","block_context":{"text":"Similar post","link":""},"img":{"alt_text":"","src":"","width":0,"height":0},"classes":[]},{"id":24676,"url":"https:\/\/sakaba.mghosteur.com\/en\/product\/cetaphil-moisturing-lotion-4-fl-oz\/","url_meta":{"origin":24673,"position":3},"title":"Cetaphil Moisturing Lotion 4 FL OZ","author":"admin","date":"November 10, 2022","format":false,"excerpt":"","rel":"","context":"Similar post","block_context":{"text":"Similar post","link":""},"img":{"alt_text":"","src":"","width":0,"height":0},"classes":[]},{"id":24295,"url":"https:\/\/sakaba.mghosteur.com\/en\/product\/neutrogena-ultra-gentle-hydrating-daily-facial-cleanser-for-sensitive-skin\/","url_meta":{"origin":24673,"position":4},"title":"Neutrogena Ultra Gentle Hydrating Daily Facial Cleanser for Sensitive Skin 171ML","author":"admin","date":"November 9, 2022","format":false,"excerpt":"D\u00e9couvrez le Nettoyant quotidien ultra doux Neutrogena, con\u00e7u pour r\u00e9pondre aux besoins des peaux sensibles. Sa formule brevet\u00e9e efficace mais douce nettoie en profondeur sans perturber la barri\u00e8re d'hydratation naturelle de la peau, laisse votre peau fra\u00eeche et propre sans r\u00e9sidu. Ce nettoyant moussant est hypoallerg\u00e9nique, non com\u00e9dog\u00e8ne, sans huile\u2026","rel":"","context":"Similar post","block_context":{"text":"Similar post","link":""},"img":{"alt_text":"","src":"","width":0,"height":0},"classes":[]},{"id":30396,"url":"https:\/\/sakaba.mghosteur.com\/en\/product\/neutrogena-ultra-gentle-hydrating-daily-facial-cleanser-for-sensitive-skin-354-ml\/","url_meta":{"origin":24673,"position":5},"title":"Neutrogena Ultra Gentle Hydrating Daily Facial Cleanser for Sensitive Skin 354 ML","author":"admin","date":"May 10, 2023","format":false,"excerpt":"D\u00e9couvrez le Nettoyant quotidien ultra doux Neutrogena, con\u00e7u pour r\u00e9pondre aux besoins des peaux sensibles. Sa formule brevet\u00e9e efficace mais douce nettoie en profondeur sans perturber la barri\u00e8re d'hydratation naturelle de la peau, laissant votre peau fra\u00eeche et propre sans r\u00e9sidu. Ce nettoyant moussant est hypoallerg\u00e9nique, non com\u00e9dog\u00e8ne, sans huile\u2026","rel":"","context":"Similar post","block_context":{"text":"Similar post","link":""},"img":{"alt_text":"","src":"","width":0,"height":0},"classes":[]}],"_links":{"self":[{"href":"https:\/\/sakaba.mghosteur.com\/en\/wp-json\/wp\/v2\/product\/24673","targetHints":{"allow":["GET"]}}],"collection":[{"href":"https:\/\/sakaba.mghosteur.com\/en\/wp-json\/wp\/v2\/product"}],"about":[{"href":"https:\/\/sakaba.mghosteur.com\/en\/wp-json\/wp\/v2\/types\/product"}],"replies":[{"embeddable":true,"href":"https:\/\/sakaba.mghosteur.com\/en\/wp-json\/wp\/v2\/comments?post=24673"}],"version-history":[{"count":0,"href":"https:\/\/sakaba.mghosteur.com\/en\/wp-json\/wp\/v2\/product\/24673\/revisions"}],"wp:attachment":[{"href":"https:\/\/sakaba.mghosteur.com\/en\/wp-json\/wp\/v2\/media?parent=24673"}],"wp:term":[{"taxonomy":"product_brand","embeddable":true,"href":"https:\/\/sakaba.mghosteur.com\/en\/wp-json\/wp\/v2\/product_brand?post=24673"},{"taxonomy":"product_cat","embeddable":true,"href":"https:\/\/sakaba.mghosteur.com\/en\/wp-json\/wp\/v2\/product_cat?post=24673"},{"taxonomy":"product_tag","embeddable":true,"href":"https:\/\/sakaba.mghosteur.com\/en\/wp-json\/wp\/v2\/product_tag?post=24673"}],"curies":[{"name":"wp","href":"https:\/\/api.w.org\/{rel}","templated":true}]}}