{"id":24676,"date":"2022-11-10T16:35:53","date_gmt":"2022-11-10T16:35:53","guid":{"rendered":"http:\/\/www.sakababeauty.com\/?post_type=product&#038;p=24676"},"modified":"2022-11-10T16:35:54","modified_gmt":"2022-11-10T16:35:54","slug":"cetaphil-moisturing-lotion-4-fl-oz","status":"publish","type":"product","link":"https:\/\/sakaba.mghosteur.com\/en\/product\/cetaphil-moisturing-lotion-4-fl-oz\/","title":{"rendered":"Cetaphil Moisturing Lotion 4 FL OZ"},"content":{"rendered":"","protected":false},"excerpt":{"rendered":"","protected":false},"featured_media":0,"comment_status":"closed","ping_status":"closed","template":"","meta":[],"product_brand":[],"product_cat":[355,450],"product_tag":[],"class_list":{"0":"post-24676","1":"product","2":"type-product","3":"status-publish","5":"product_cat-hydratant-corps","6":"product_cat-soin-de-la-peau","8":"first","9":"instock","10":"shipping-taxable","11":"product-type-simple"},"jetpack-related-posts":[{"id":24687,"url":"https:\/\/sakaba.mghosteur.com\/en\/product\/cetaphil-moisturing-lotion-4-oz\/","url_meta":{"origin":24676,"position":0},"title":"Cetaphil Moisturing Lotion 4 OZ","author":"admin","date":"November 10, 2022","format":false,"excerpt":"","rel":"","context":"Similar post","block_context":{"text":"Similar post","link":""},"img":{"alt_text":"","src":"","width":0,"height":0},"classes":[]},{"id":24693,"url":"https:\/\/sakaba.mghosteur.com\/en\/product\/cetaphil-moisturing-lotion-20-oz\/","url_meta":{"origin":24676,"position":1},"title":"Cetaphil Moisturing Lotion 20 OZ","author":"admin","date":"November 10, 2022","format":false,"excerpt":"","rel":"","context":"Similar post","block_context":{"text":"Similar post","link":""},"img":{"alt_text":"","src":"","width":0,"height":0},"classes":[]},{"id":24673,"url":"https:\/\/sakaba.mghosteur.com\/en\/product\/cetaphil-gentle-skin-cleanser-4-oz\/","url_meta":{"origin":24676,"position":2},"title":"Cetaphil Gentle Skin Cleanser 4 OZ","author":"admin","date":"November 10, 2022","format":false,"excerpt":"","rel":"","context":"Similar post","block_context":{"text":"Similar post","link":""},"img":{"alt_text":"","src":"","width":0,"height":0},"classes":[]},{"id":24136,"url":"https:\/\/sakaba.mghosteur.com\/en\/product\/jergens-original-scent-cherry-almond\/","url_meta":{"origin":24676,"position":3},"title":"JERGENS ORIGINAL SCENT CHERRY ALMOND 21,0 fl oz","author":"admin","date":"November 9, 2022","format":false,"excerpt":"D\u00e9couvrez la lotion hydratante Cerise Amande de Jergens, un soin parfait pour les peaux normales \u00e0 s\u00e8ches qui cherchent \u00e0 retrouver une hydratation optimale. Cette lotion aide \u00e0 soulager la peau s\u00e8che et \u00e0 restaurer la luminosit\u00e9 de la peau. Le parfum embl\u00e9matique de Jergens Cherry Almond laissera votre peau\u2026","rel":"","context":"Similar post","block_context":{"text":"Similar post","link":""},"img":{"alt_text":"","src":"","width":0,"height":0},"classes":[]},{"id":24429,"url":"https:\/\/sakaba.mghosteur.com\/en\/product\/palmers-daily-skin-therapy-value-size-33-8-oz\/","url_meta":{"origin":24676,"position":4},"title":"Palmers Daily Skin Therapy, Value Size, 33.8 OZ","author":"admin","date":"November 10, 2022","format":false,"excerpt":"D\u00e9couvrez la lotion th\u00e9rapeutique quotidienne au beurre de cacao pur et \u00e0 la vitamine E de Palmer's, un must-have pour tous les types de peau. Avec une capacit\u00e9 de 33,8 fl. oz. dans un lot de 2, cette lotion \u00e0 absorption rapide offre une hydratation durable pendant 24 heures, prouv\u00e9e\u2026","rel":"","context":"Similar post","block_context":{"text":"Similar post","link":""},"img":{"alt_text":"","src":"","width":0,"height":0},"classes":[]},{"id":24695,"url":"https:\/\/sakaba.mghosteur.com\/en\/product\/cetaphil-gentle-skin-cleanser-20-oz\/","url_meta":{"origin":24676,"position":5},"title":"Cetaphil Gentle Skin Cleanser 20 OZ","author":"admin","date":"November 10, 2022","format":false,"excerpt":"","rel":"","context":"Similar post","block_context":{"text":"Similar post","link":""},"img":{"alt_text":"","src":"","width":0,"height":0},"classes":[]}],"_links":{"self":[{"href":"https:\/\/sakaba.mghosteur.com\/en\/wp-json\/wp\/v2\/product\/24676","targetHints":{"allow":["GET"]}}],"collection":[{"href":"https:\/\/sakaba.mghosteur.com\/en\/wp-json\/wp\/v2\/product"}],"about":[{"href":"https:\/\/sakaba.mghosteur.com\/en\/wp-json\/wp\/v2\/types\/product"}],"replies":[{"embeddable":true,"href":"https:\/\/sakaba.mghosteur.com\/en\/wp-json\/wp\/v2\/comments?post=24676"}],"version-history":[{"count":0,"href":"https:\/\/sakaba.mghosteur.com\/en\/wp-json\/wp\/v2\/product\/24676\/revisions"}],"wp:attachment":[{"href":"https:\/\/sakaba.mghosteur.com\/en\/wp-json\/wp\/v2\/media?parent=24676"}],"wp:term":[{"taxonomy":"product_brand","embeddable":true,"href":"https:\/\/sakaba.mghosteur.com\/en\/wp-json\/wp\/v2\/product_brand?post=24676"},{"taxonomy":"product_cat","embeddable":true,"href":"https:\/\/sakaba.mghosteur.com\/en\/wp-json\/wp\/v2\/product_cat?post=24676"},{"taxonomy":"product_tag","embeddable":true,"href":"https:\/\/sakaba.mghosteur.com\/en\/wp-json\/wp\/v2\/product_tag?post=24676"}],"curies":[{"name":"wp","href":"https:\/\/api.w.org\/{rel}","templated":true}]}}