{"id":24691,"date":"2022-11-10T16:45:11","date_gmt":"2022-11-10T16:45:11","guid":{"rendered":"http:\/\/www.sakababeauty.com\/?post_type=product&#038;p=24691"},"modified":"2022-11-10T16:45:12","modified_gmt":"2022-11-10T16:45:12","slug":"cetaphil-advanced-relief-lotion","status":"publish","type":"product","link":"https:\/\/sakaba.mghosteur.com\/en\/product\/cetaphil-advanced-relief-lotion\/","title":{"rendered":"CETAPHIL ADVANCED RELIEF LOTION"},"content":{"rendered":"","protected":false},"excerpt":{"rendered":"","protected":false},"featured_media":0,"comment_status":"closed","ping_status":"closed","template":"","meta":[],"product_brand":[],"product_cat":[450],"product_tag":[],"class_list":{"0":"post-24691","1":"product","2":"type-product","3":"status-publish","5":"product_cat-soin-de-la-peau","7":"first","8":"instock","9":"shipping-taxable","10":"product-type-simple"},"jetpack-related-posts":[{"id":24693,"url":"https:\/\/sakaba.mghosteur.com\/en\/product\/cetaphil-moisturing-lotion-20-oz\/","url_meta":{"origin":24691,"position":0},"title":"Cetaphil Moisturing Lotion 20 OZ","author":"admin","date":"November 10, 2022","format":false,"excerpt":"","rel":"","context":"Similar post","block_context":{"text":"Similar post","link":""},"img":{"alt_text":"","src":"","width":0,"height":0},"classes":[]},{"id":24687,"url":"https:\/\/sakaba.mghosteur.com\/en\/product\/cetaphil-moisturing-lotion-4-oz\/","url_meta":{"origin":24691,"position":1},"title":"Cetaphil Moisturing Lotion 4 OZ","author":"admin","date":"November 10, 2022","format":false,"excerpt":"","rel":"","context":"Similar post","block_context":{"text":"Similar post","link":""},"img":{"alt_text":"","src":"","width":0,"height":0},"classes":[]},{"id":24676,"url":"https:\/\/sakaba.mghosteur.com\/en\/product\/cetaphil-moisturing-lotion-4-fl-oz\/","url_meta":{"origin":24691,"position":2},"title":"Cetaphil Moisturing Lotion 4 FL OZ","author":"admin","date":"November 10, 2022","format":false,"excerpt":"","rel":"","context":"Similar post","block_context":{"text":"Similar post","link":""},"img":{"alt_text":"","src":"","width":0,"height":0},"classes":[]},{"id":27118,"url":"https:\/\/sakaba.mghosteur.com\/en\/product\/kravebeauty-great-body-relief-smooth-body-lotion\/","url_meta":{"origin":24691,"position":3},"title":"KRAVEBEAUTY GREAT BODY RELIEF SMOOTH BODY LOTION","author":"admin","date":"November 28, 2022","format":false,"excerpt":"","rel":"","context":"Similar post","block_context":{"text":"Similar post","link":""},"img":{"alt_text":"","src":"","width":0,"height":0},"classes":[]},{"id":31773,"url":"https:\/\/sakaba.mghosteur.com\/en\/product\/amlactin-rapid-relief-12-lactic-acid-lotion-400g\/","url_meta":{"origin":24691,"position":4},"title":"AMLACTIN RAPID RELIEF 12% LACTIC ACID LOTION 400G","author":"admin","date":"May 10, 2024","format":false,"excerpt":"Enrichissez votre peau au quotidien avec cette lotion exfoliante \u00e0 base d'acide lactique \u00e0 12% cliniquement prouv\u00e9. Hydrate imm\u00e9diatement et restaure l'\u00e9clat de la peau Exfolie en douceur, hydrate en profondeur Hydratation non grasse et longue dur\u00e9e Formul\u00e9 avec du lactate d'ammonium, \u00e9quivalent \u00e012 % d'acide lactique Formul\u00e9 sans parfum,\u2026","rel":"","context":"Similar post","block_context":{"text":"Similar post","link":""},"img":{"alt_text":"","src":"","width":0,"height":0},"classes":[]},{"id":24027,"url":"https:\/\/sakaba.mghosteur.com\/en\/product\/aveeno-skin-relief-24-hour-moisturizing-lotion\/","url_meta":{"origin":24691,"position":5},"title":"Aveeno Skin Relief 24-Hour Moisturizing Lotion","author":"admin","date":"November 9, 2022","format":false,"excerpt":"Hydrate et soulage la peau sensible ou qui d\u00e9mange, et la peau tr\u00e8s s\u00e8che. Formule \u00e0 base d'avoine triple test\u00e9e cliniquement. Recommand\u00e9e par les dermatologues. Riche, mais \u00e0 absorption rapide, cette lotion hydratante commence \u00e0 agir imm\u00e9diatement pour nourrir et restaurer l'hydratation essentielle de la peau tr\u00e8s s\u00e8che ou sensible\u2026","rel":"","context":"Similar post","block_context":{"text":"Similar post","link":""},"img":{"alt_text":"","src":"","width":0,"height":0},"classes":[]}],"_links":{"self":[{"href":"https:\/\/sakaba.mghosteur.com\/en\/wp-json\/wp\/v2\/product\/24691","targetHints":{"allow":["GET"]}}],"collection":[{"href":"https:\/\/sakaba.mghosteur.com\/en\/wp-json\/wp\/v2\/product"}],"about":[{"href":"https:\/\/sakaba.mghosteur.com\/en\/wp-json\/wp\/v2\/types\/product"}],"replies":[{"embeddable":true,"href":"https:\/\/sakaba.mghosteur.com\/en\/wp-json\/wp\/v2\/comments?post=24691"}],"version-history":[{"count":0,"href":"https:\/\/sakaba.mghosteur.com\/en\/wp-json\/wp\/v2\/product\/24691\/revisions"}],"wp:attachment":[{"href":"https:\/\/sakaba.mghosteur.com\/en\/wp-json\/wp\/v2\/media?parent=24691"}],"wp:term":[{"taxonomy":"product_brand","embeddable":true,"href":"https:\/\/sakaba.mghosteur.com\/en\/wp-json\/wp\/v2\/product_brand?post=24691"},{"taxonomy":"product_cat","embeddable":true,"href":"https:\/\/sakaba.mghosteur.com\/en\/wp-json\/wp\/v2\/product_cat?post=24691"},{"taxonomy":"product_tag","embeddable":true,"href":"https:\/\/sakaba.mghosteur.com\/en\/wp-json\/wp\/v2\/product_tag?post=24691"}],"curies":[{"name":"wp","href":"https:\/\/api.w.org\/{rel}","templated":true}]}}