{"id":24697,"date":"2022-11-10T16:52:10","date_gmt":"2022-11-10T16:52:10","guid":{"rendered":"http:\/\/www.sakababeauty.com\/?post_type=product&#038;p=24697"},"modified":"2024-08-07T18:45:01","modified_gmt":"2024-08-07T18:45:01","slug":"cetaphil-pro-dermacontrol","status":"publish","type":"product","link":"https:\/\/sakaba.mghosteur.com\/en\/product\/cetaphil-pro-dermacontrol\/","title":{"rendered":"CETAPHIL PRO DERMACONTROL"},"content":{"rendered":"<p>La cr\u00e8me hydratante Cetaphil Pro Dermacontrol est une cr\u00e8me hydratante l\u00e9g\u00e8re \u00e0 absorption rapide con\u00e7ue pour hydrater la peau mixte sensible pendant 24 heures. Il est cliniquement prouv\u00e9 qu&#8217;elle prot\u00e8ge contre les rayons UV du soleil, absorbe le s\u00e9bum, r\u00e9duit la brillance et hydrate la peau. Elle contient \u00e9galement la technologie Oleosome, qui utilise une concentration plus faible de filtres solaires pour moins d&#8217;irritation et une meilleure hydratation. Cette cr\u00e8me hydratante est id\u00e9ale pour les peaux sensibles et grasses et prot\u00e8ge contre cinq signes de sensibilit\u00e9 cutan\u00e9e, notamment la s\u00e9cheresse, l&#8217;irritation, la rugosit\u00e9, les tiraillements et une barri\u00e8re cutan\u00e9e affaiblie.<\/p>","protected":false},"excerpt":{"rendered":"<p>La cr\u00e8me hydratante Cetaphil Pro Dermacontrol est une cr\u00e8me hydratante l\u00e9g\u00e8re \u00e0 absorption rapide con\u00e7ue pour hydrater la peau mixte sensible pendant 24 heures. Il est cliniquement prouv\u00e9 qu&#8217;elle prot\u00e8ge contre les rayons UV du soleil, absorbe le s\u00e9bum, r\u00e9duit la brillance et hydrate la peau. Elle contient \u00e9galement la technologie Oleosome, qui utilise une<span class=\"read-more-faq\"><a href=\"https:\/\/sakaba.mghosteur.com\/en\/product\/cetaphil-pro-dermacontrol\/\">Read More<\/a><\/span><\/p>","protected":false},"featured_media":0,"comment_status":"closed","ping_status":"closed","template":"","meta":[],"product_brand":[],"product_cat":[331,292,451],"product_tag":[],"class_list":{"0":"post-24697","1":"product","2":"type-product","3":"status-publish","5":"product_cat-hydratant-visage","6":"product_cat-peaux-sensibles","7":"product_cat-aab-soin-du-visage","9":"first","10":"instock","11":"shipping-taxable","12":"product-type-simple"},"jetpack-related-posts":[],"_links":{"self":[{"href":"https:\/\/sakaba.mghosteur.com\/en\/wp-json\/wp\/v2\/product\/24697","targetHints":{"allow":["GET"]}}],"collection":[{"href":"https:\/\/sakaba.mghosteur.com\/en\/wp-json\/wp\/v2\/product"}],"about":[{"href":"https:\/\/sakaba.mghosteur.com\/en\/wp-json\/wp\/v2\/types\/product"}],"replies":[{"embeddable":true,"href":"https:\/\/sakaba.mghosteur.com\/en\/wp-json\/wp\/v2\/comments?post=24697"}],"version-history":[{"count":0,"href":"https:\/\/sakaba.mghosteur.com\/en\/wp-json\/wp\/v2\/product\/24697\/revisions"}],"wp:attachment":[{"href":"https:\/\/sakaba.mghosteur.com\/en\/wp-json\/wp\/v2\/media?parent=24697"}],"wp:term":[{"taxonomy":"product_brand","embeddable":true,"href":"https:\/\/sakaba.mghosteur.com\/en\/wp-json\/wp\/v2\/product_brand?post=24697"},{"taxonomy":"product_cat","embeddable":true,"href":"https:\/\/sakaba.mghosteur.com\/en\/wp-json\/wp\/v2\/product_cat?post=24697"},{"taxonomy":"product_tag","embeddable":true,"href":"https:\/\/sakaba.mghosteur.com\/en\/wp-json\/wp\/v2\/product_tag?post=24697"}],"curies":[{"name":"wp","href":"https:\/\/api.w.org\/{rel}","templated":true}]}}