{"id":24707,"date":"2022-11-10T16:53:49","date_gmt":"2022-11-10T16:53:49","guid":{"rendered":"http:\/\/www.sakababeauty.com\/?post_type=product&#038;p=24707"},"modified":"2024-08-07T18:46:17","modified_gmt":"2024-08-07T18:46:17","slug":"cetaphil-purifying-clay-mask","status":"publish","type":"product","link":"https:\/\/sakaba.mghosteur.com\/en\/product\/cetaphil-purifying-clay-mask\/","title":{"rendered":"CETAPHIL PURIFYING CLAY MASK"},"content":{"rendered":"<p>Le masque purifiant \u00e0 l&#8217;argile Cetaphil Pro Dermacontrol Bentonite Clay est un masque \u00e0 l&#8217;argile qui contient de l&#8217;argile bentonite, un puissant agent d\u00e9toxifiant qui aide \u00e0 combattre l&#8217;exc\u00e8s de s\u00e9bum et l&#8217;acn\u00e9. Il s&#8217;agit d&#8217;un masque cr\u00e9meux et super \u00e9talable con\u00e7u pour \u00e9liminer le s\u00e9bum et absorber la salet\u00e9 et le s\u00e9bum qui obstruent les pores tout en laissant un fini hydratant. Il est test\u00e9 par des dermatologues, hypoallerg\u00e9nique, non com\u00e9dog\u00e8ne et sans cruaut\u00e9.<\/p>","protected":false},"excerpt":{"rendered":"<p>Le masque purifiant \u00e0 l&#8217;argile Cetaphil Pro Dermacontrol Bentonite Clay est un masque \u00e0 l&#8217;argile qui contient de l&#8217;argile bentonite, un puissant agent d\u00e9toxifiant qui aide \u00e0 combattre l&#8217;exc\u00e8s de s\u00e9bum et l&#8217;acn\u00e9. Il s&#8217;agit d&#8217;un masque cr\u00e9meux et super \u00e9talable con\u00e7u pour \u00e9liminer le s\u00e9bum et absorber la salet\u00e9 et le s\u00e9bum qui obstruent<span class=\"read-more-faq\"><a href=\"https:\/\/sakaba.mghosteur.com\/en\/product\/cetaphil-purifying-clay-mask\/\">Read More<\/a><\/span><\/p>","protected":false},"featured_media":0,"comment_status":"closed","ping_status":"closed","template":"","meta":[],"product_brand":[],"product_cat":[451,334],"product_tag":[],"class_list":{"0":"post-24707","1":"product","2":"type-product","3":"status-publish","5":"product_cat-aab-soin-du-visage","6":"product_cat-traitement-serum","8":"first","9":"instock","10":"shipping-taxable","11":"product-type-simple"},"jetpack-related-posts":[{"id":24577,"url":"https:\/\/sakaba.mghosteur.com\/en\/product\/clean-clear-night-relaxing-detox-clay-mask\/","url_meta":{"origin":24707,"position":0},"title":"CLEAN &amp; CLEAR NIGHT RELAXING DETOX CLAY MASK","author":"admin","date":"November 10, 2022","format":false,"excerpt":"Le masque d'argile d\u00e9toxifiant relaxant Clean & Clear Night est un masque facial qui utilise deux argiles min\u00e9rales, la bentonite et le kaolin, pour d\u00e9toxifier la peau avant le coucher. Il est sans huile et \u00e9limine la salet\u00e9, le s\u00e9bum et les impuret\u00e9s de la peau. Le masque convient \u00e0\u2026","rel":"","context":"Similar post","block_context":{"text":"Similar post","link":""},"img":{"alt_text":"","src":"","width":0,"height":0},"classes":[]},{"id":30242,"url":"https:\/\/sakaba.mghosteur.com\/en\/product\/deep-clean-purifying-wash-off-clay-mask\/","url_meta":{"origin":24707,"position":1},"title":"Deep Clean Purifying Wash-Off Clay Mask","author":"admin","date":"May 4, 2023","format":false,"excerpt":"Un masque \u00e0 l'argile purifiant et nettoyant en profondeur est un type de produit de soin con\u00e7u pour aider \u00e0 \u00e9liminer les impuret\u00e9s et l'exc\u00e8s de s\u00e9bum de la peau. Le masque est g\u00e9n\u00e9ralement fabriqu\u00e9 \u00e0 partir d'une combinaison d'argiles naturelles, telles que la bentonite, le kaolin ou Pour utiliser\u2026","rel":"","context":"Similar post","block_context":{"text":"Similar post","link":""},"img":{"alt_text":"","src":"","width":0,"height":0},"classes":[]},{"id":29158,"url":"https:\/\/sakaba.mghosteur.com\/en\/product\/the-inkey-list-kaolin-clay-mask\/","url_meta":{"origin":24707,"position":2},"title":"THE INKEY LIST KAOLIN CLAY MASK","author":"admin","date":"March 15, 2023","format":false,"excerpt":"Le masque \u00e0 l'argile de kaolin de la marque The Inkey List est un produit de soin de la peau de haute qualit\u00e9 qui offre une solution naturelle pour nettoyer et purifier votre peau en profondeur. En utilisant l'argile de kaolin, ce masque \u00e9limine les impuret\u00e9s et l'exc\u00e8s de s\u00e9bum\u2026","rel":"","context":"Similar post","block_context":{"text":"Similar post","link":""},"img":{"alt_text":"","src":"","width":0,"height":0},"classes":[]},{"id":29558,"url":"https:\/\/sakaba.mghosteur.com\/en\/product\/fenty-cookies-n-cream-masque-visage\/","url_meta":{"origin":24707,"position":3},"title":"FENTY COOKIES N CREAM MASQUE VISAGE","author":"admin","date":"April 7, 2023","format":false,"excerpt":"D\u00e9couvrez le masque visage COOKIES N CLEAN WHIPPED CLAY de la marque FENTY pour une peau nette et saine en seulement 10 minutes ! Avec sa formule l\u00e9g\u00e8re et fouett\u00e9e, ce masque permet une purification en profondeur des pores gr\u00e2ce \u00e0 l'argile et au charbon actif. En massant doucement, le\u2026","rel":"","context":"Similar post","block_context":{"text":"Similar post","link":""},"img":{"alt_text":"","src":"","width":0,"height":0},"classes":[]},{"id":31369,"url":"https:\/\/sakaba.mghosteur.com\/en\/product\/paula-choice-clear-purifying-clay-mask\/","url_meta":{"origin":24707,"position":4},"title":"PAULA CHOICE CLEAR PURIFYING CLAY MASK","author":"admin","date":"May 10, 2024","format":false,"excerpt":"D\u00e9couvrez le Masque Purifiant \u00e0 l'Argile, une solution essentielle pour une peau \u00e9clatante. Formul\u00e9 pour \u00e9liminer le s\u00e9bum excessif, ce masque offre une purification profonde tout en affinant visiblement les pores. Apr\u00e8s le nettoyage, appliquez g\u00e9n\u00e9reusement sur le visage et le cou, en insistant sur les zones les plus sujettes\u2026","rel":"","context":"Similar post","block_context":{"text":"Similar post","link":""},"img":{"alt_text":"","src":"","width":0,"height":0},"classes":[]},{"id":30296,"url":"https:\/\/sakaba.mghosteur.com\/en\/product\/beauty-of-joseon-red-bean-refreshing-pore-mask\/","url_meta":{"origin":24707,"position":5},"title":"BEAUTY OF JOSEON RED BEAN REFRESHING PORE MASK","author":"admin","date":"May 8, 2023","format":false,"excerpt":"D\u00e9couvrez le Masque rafra\u00eechissant pour les pores aux haricots rouges de la marque Beauty of Joseon. Ce masque est con\u00e7u pour prendre soin de vos pores en \u00e9liminant les cellules mortes de la peau, en lavant le s\u00e9bum et les d\u00e9chets accumul\u00e9s et en abaissant la temp\u00e9rature de la peau.\u2026","rel":"","context":"Similar post","block_context":{"text":"Similar post","link":""},"img":{"alt_text":"","src":"","width":0,"height":0},"classes":[]}],"_links":{"self":[{"href":"https:\/\/sakaba.mghosteur.com\/en\/wp-json\/wp\/v2\/product\/24707","targetHints":{"allow":["GET"]}}],"collection":[{"href":"https:\/\/sakaba.mghosteur.com\/en\/wp-json\/wp\/v2\/product"}],"about":[{"href":"https:\/\/sakaba.mghosteur.com\/en\/wp-json\/wp\/v2\/types\/product"}],"replies":[{"embeddable":true,"href":"https:\/\/sakaba.mghosteur.com\/en\/wp-json\/wp\/v2\/comments?post=24707"}],"version-history":[{"count":0,"href":"https:\/\/sakaba.mghosteur.com\/en\/wp-json\/wp\/v2\/product\/24707\/revisions"}],"wp:attachment":[{"href":"https:\/\/sakaba.mghosteur.com\/en\/wp-json\/wp\/v2\/media?parent=24707"}],"wp:term":[{"taxonomy":"product_brand","embeddable":true,"href":"https:\/\/sakaba.mghosteur.com\/en\/wp-json\/wp\/v2\/product_brand?post=24707"},{"taxonomy":"product_cat","embeddable":true,"href":"https:\/\/sakaba.mghosteur.com\/en\/wp-json\/wp\/v2\/product_cat?post=24707"},{"taxonomy":"product_tag","embeddable":true,"href":"https:\/\/sakaba.mghosteur.com\/en\/wp-json\/wp\/v2\/product_tag?post=24707"}],"curies":[{"name":"wp","href":"https:\/\/api.w.org\/{rel}","templated":true}]}}