{"id":24716,"date":"2022-11-10T16:56:16","date_gmt":"2022-11-10T16:56:16","guid":{"rendered":"http:\/\/www.sakababeauty.com\/?post_type=product&#038;p=24716"},"modified":"2024-08-07T18:41:31","modified_gmt":"2024-08-07T18:41:31","slug":"cetaphil-foaming-face-wash-redness","status":"publish","type":"product","link":"https:\/\/sakaba.mghosteur.com\/en\/product\/cetaphil-foaming-face-wash-redness\/","title":{"rendered":"CETAPHIL FOAMING FACE WASH REDNESS"},"content":{"rendered":"<p>Peaux sujettes aux rougeurs. Nettoie en douceur sans dess\u00e9cher. Non com\u00e9dog\u00e8ne. Laisse la peau apais\u00e9e et \u00e9quilibr\u00e9e. Sans dess\u00e9cher, ce nettoyant extra doux \u00e9limine la salet\u00e9, les impuret\u00e9s et le maquillage qui peuvent obstruer les pores et irriter les peaux sensibles. Assez doux pour un usage quotidien.<\/p>","protected":false},"excerpt":{"rendered":"<p>Peaux sujettes aux rougeurs. Nettoie en douceur sans dess\u00e9cher. Non com\u00e9dog\u00e8ne. Laisse la peau apais\u00e9e et \u00e9quilibr\u00e9e. Sans dess\u00e9cher, ce nettoyant extra doux \u00e9limine la salet\u00e9, les impuret\u00e9s et le maquillage qui peuvent obstruer les pores et irriter les peaux sensibles. Assez doux pour un usage quotidien.<\/p>","protected":false},"featured_media":0,"comment_status":"closed","ping_status":"closed","template":"","meta":[],"product_brand":[],"product_cat":[324,292,451],"product_tag":[],"class_list":{"0":"post-24716","1":"product","2":"type-product","3":"status-publish","5":"product_cat-demaquillant-nettoyant","6":"product_cat-peaux-sensibles","7":"product_cat-aab-soin-du-visage","9":"first","10":"instock","11":"shipping-taxable","12":"product-type-simple"},"jetpack-related-posts":[{"id":31570,"url":"https:\/\/sakaba.mghosteur.com\/en\/product\/cosrx-low-ph-good-morning-gel-cleanser-400ml\/","url_meta":{"origin":24716,"position":0},"title":"COSRX LOW PH GOOD MORNING GEL CLEANSER 400ml","author":"admin","date":"May 10, 2024","format":false,"excerpt":"Nettoyant Gel Doux Bonjour pH Bas : Nettoyez quotidiennement avec ce nettoyant doux et efficace, matin et soir, en \u00e9liminant les impuret\u00e9s tout en renfor\u00e7ant la barri\u00e8re cutan\u00e9e. Un Teint Lumineux le Jour et une Peau Douce la Nuit : En affinant la texture de la peau, le nettoyant aidera\u2026","rel":"","context":"Similar post","block_context":{"text":"Similar post","link":""},"img":{"alt_text":"","src":"","width":0,"height":0},"classes":[]},{"id":29485,"url":"https:\/\/sakaba.mghosteur.com\/en\/product\/cosrx-salicylic-acid-daily-gentle-cleanser\/","url_meta":{"origin":24716,"position":1},"title":"COSRX SALICYLIC ACID DAILY GENTLE CLEANSER","author":"admin","date":"April 6, 2023","format":false,"excerpt":"Le Nettoyant doux quotidien \u00e0 l'acide salicylique est un produit qui nettoie en douceur la peau sans la dess\u00e9cher. Il utilise de l'acide salicylique pour \u00e9liminer les impuret\u00e9s et l'exc\u00e8s de s\u00e9bum tout en luttant contre l'acn\u00e9 et les imperfections. Ce nettoyant laisse la peau douce et lisse sans sensation\u2026","rel":"","context":"Similar post","block_context":{"text":"Similar post","link":""},"img":{"alt_text":"","src":"","width":0,"height":0},"classes":[]},{"id":23930,"url":"https:\/\/sakaba.mghosteur.com\/en\/product\/cerave-hydrating-body-wash\/","url_meta":{"origin":24716,"position":2},"title":"CERAVE HYDRATING BODY WASH","author":"admin","date":"November 9, 2022","format":false,"excerpt":"Le gel douche hydratant CeraVe est parfait pour ceux qui recherchent un nettoyant pour le corps doux et hydratant. Cette formule nettoyante moussante est con\u00e7ue pour les peaux normales \u00e0 s\u00e8ches et aide \u00e0 \u00e9liminer la salet\u00e9 et les impuret\u00e9s sans dess\u00e9cher la peau. Au lieu de cela, il contient\u2026","rel":"","context":"Similar post","block_context":{"text":"Similar post","link":""},"img":{"alt_text":"","src":"","width":0,"height":0},"classes":[]},{"id":25540,"url":"https:\/\/sakaba.mghosteur.com\/en\/product\/eucerin-skin-calming-body-wash\/","url_meta":{"origin":24716,"position":3},"title":"EUCERIN SKIN CALMING BODY WASH","author":"admin","date":"November 14, 2022","format":false,"excerpt":"Le gel douche apaisant pour la peau d\u2019Eucerin nettoie et apaise la peau s\u00e8che et qui d\u00e9mange. Sa formule sans savon nettoie en douceur sans dess\u00e9cher la peau afin de ne pas l\u2019irriter. Ce gel douche doux aide \u00e0 conserver l\u2019hydratation essentielle de la peau et est formul\u00e9 avec des\u2026","rel":"","context":"Similar post","block_context":{"text":"Similar post","link":""},"img":{"alt_text":"","src":"","width":0,"height":0},"classes":[]},{"id":31386,"url":"https:\/\/sakaba.mghosteur.com\/en\/product\/paula-choice-glucoside-foaming-cleanser\/","url_meta":{"origin":24716,"position":4},"title":"PAULA CHOICE GLUCOSIDE FOAMING CLEANSER","author":"admin","date":"May 10, 2024","format":false,"excerpt":"D\u00e9couvrez notre Nettoyant Moussant Visage Anti-\u00c2ge, un alli\u00e9 pr\u00e9cieux pour votre routine de soin quotidienne. Adapt\u00e9 aux peaux mixtes et grasses, ce nettoyant cible les pr\u00e9occupations telles que les imperfections, les signes de l'\u00e2ge et les points noirs. Sa formule efficace nettoie en profondeur sans dess\u00e9cher la peau, la laissant\u2026","rel":"","context":"Similar post","block_context":{"text":"Similar post","link":""},"img":{"alt_text":"","src":"","width":0,"height":0},"classes":[]},{"id":26346,"url":"https:\/\/sakaba.mghosteur.com\/en\/product\/paula-choice-oil-reducing-cleanser\/","url_meta":{"origin":24716,"position":5},"title":"PAULA CHOICE OIL REDUCING CLEANSER","author":"admin","date":"November 25, 2022","format":false,"excerpt":"Le Nettoyant r\u00e9ducteur de s\u00e9bum est un produit de nettoyage doux qui \u00e9limine efficacement le maquillage, l'exc\u00e8s de s\u00e9bum et les impuret\u00e9s de la peau. Sa formule concentr\u00e9e cr\u00e8me-mousse laisse la peau douce au toucher tout en \u00e9vitant de la dess\u00e9cher. Ce produit peut \u00eatre utilis\u00e9 comme premi\u00e8re \u00e9tape de\u2026","rel":"","context":"Similar post","block_context":{"text":"Similar post","link":""},"img":{"alt_text":"","src":"","width":0,"height":0},"classes":[]}],"_links":{"self":[{"href":"https:\/\/sakaba.mghosteur.com\/en\/wp-json\/wp\/v2\/product\/24716","targetHints":{"allow":["GET"]}}],"collection":[{"href":"https:\/\/sakaba.mghosteur.com\/en\/wp-json\/wp\/v2\/product"}],"about":[{"href":"https:\/\/sakaba.mghosteur.com\/en\/wp-json\/wp\/v2\/types\/product"}],"replies":[{"embeddable":true,"href":"https:\/\/sakaba.mghosteur.com\/en\/wp-json\/wp\/v2\/comments?post=24716"}],"version-history":[{"count":0,"href":"https:\/\/sakaba.mghosteur.com\/en\/wp-json\/wp\/v2\/product\/24716\/revisions"}],"wp:attachment":[{"href":"https:\/\/sakaba.mghosteur.com\/en\/wp-json\/wp\/v2\/media?parent=24716"}],"wp:term":[{"taxonomy":"product_brand","embeddable":true,"href":"https:\/\/sakaba.mghosteur.com\/en\/wp-json\/wp\/v2\/product_brand?post=24716"},{"taxonomy":"product_cat","embeddable":true,"href":"https:\/\/sakaba.mghosteur.com\/en\/wp-json\/wp\/v2\/product_cat?post=24716"},{"taxonomy":"product_tag","embeddable":true,"href":"https:\/\/sakaba.mghosteur.com\/en\/wp-json\/wp\/v2\/product_tag?post=24716"}],"curies":[{"name":"wp","href":"https:\/\/api.w.org\/{rel}","templated":true}]}}