{"id":24723,"date":"2022-11-10T16:59:15","date_gmt":"2022-11-10T16:59:15","guid":{"rendered":"http:\/\/www.sakababeauty.com\/?post_type=product&#038;p=24723"},"modified":"2024-08-07T18:39:50","modified_gmt":"2024-08-07T18:39:50","slug":"cetaphil-extra-gentle-daily-scrub","status":"publish","type":"product","link":"https:\/\/sakaba.mghosteur.com\/en\/product\/cetaphil-extra-gentle-daily-scrub\/","title":{"rendered":"CETAPHIL EXTRA GENTLE DAILY SCRUB"},"content":{"rendered":"<p>Gommage quotidien extra doux Cetaphil &#8211; Ce nettoyant doux pour le visage \u00e9limine la salet\u00e9, le s\u00e9bum et les impuret\u00e9s tandis que les granules micro-fins \u00e9liminent la peau s\u00e8che et terne pour favoriser le renouvellement naturel des cellules de surface. Infus\u00e9 de revitalisants pour la peau et d&#8217;un complexe de vitamines, il laisse la peau douce, lisse et radieuse. Ce nettoyant est test\u00e9 par des dermatologues et il est cliniquement prouv\u00e9 qu&#8217;il est non irritant, hypoallerg\u00e9nique et non com\u00e9dog\u00e8ne.<\/p>","protected":false},"excerpt":{"rendered":"<p>Gommage quotidien extra doux Cetaphil &#8211; Ce nettoyant doux pour le visage \u00e9limine la salet\u00e9, le s\u00e9bum et les impuret\u00e9s tandis que les granules micro-fins \u00e9liminent la peau s\u00e8che et terne pour favoriser le renouvellement naturel des cellules de surface. Infus\u00e9 de revitalisants pour la peau et d&#8217;un complexe de vitamines, il laisse la peau<span class=\"read-more-faq\"><a href=\"https:\/\/sakaba.mghosteur.com\/en\/product\/cetaphil-extra-gentle-daily-scrub\/\">Read More<\/a><\/span><\/p>","protected":false},"featured_media":0,"comment_status":"closed","ping_status":"closed","template":"","meta":[],"product_brand":[],"product_cat":[293,324,451],"product_tag":[],"class_list":{"0":"post-24723","1":"product","2":"type-product","3":"status-publish","5":"product_cat-anti-taches","6":"product_cat-demaquillant-nettoyant","7":"product_cat-aab-soin-du-visage","9":"first","10":"instock","11":"shipping-taxable","12":"product-type-simple"},"jetpack-related-posts":[],"_links":{"self":[{"href":"https:\/\/sakaba.mghosteur.com\/en\/wp-json\/wp\/v2\/product\/24723","targetHints":{"allow":["GET"]}}],"collection":[{"href":"https:\/\/sakaba.mghosteur.com\/en\/wp-json\/wp\/v2\/product"}],"about":[{"href":"https:\/\/sakaba.mghosteur.com\/en\/wp-json\/wp\/v2\/types\/product"}],"replies":[{"embeddable":true,"href":"https:\/\/sakaba.mghosteur.com\/en\/wp-json\/wp\/v2\/comments?post=24723"}],"version-history":[{"count":0,"href":"https:\/\/sakaba.mghosteur.com\/en\/wp-json\/wp\/v2\/product\/24723\/revisions"}],"wp:attachment":[{"href":"https:\/\/sakaba.mghosteur.com\/en\/wp-json\/wp\/v2\/media?parent=24723"}],"wp:term":[{"taxonomy":"product_brand","embeddable":true,"href":"https:\/\/sakaba.mghosteur.com\/en\/wp-json\/wp\/v2\/product_brand?post=24723"},{"taxonomy":"product_cat","embeddable":true,"href":"https:\/\/sakaba.mghosteur.com\/en\/wp-json\/wp\/v2\/product_cat?post=24723"},{"taxonomy":"product_tag","embeddable":true,"href":"https:\/\/sakaba.mghosteur.com\/en\/wp-json\/wp\/v2\/product_tag?post=24723"}],"curies":[{"name":"wp","href":"https:\/\/api.w.org\/{rel}","templated":true}]}}