{"id":24725,"date":"2022-11-10T17:00:53","date_gmt":"2022-11-10T17:00:53","guid":{"rendered":"http:\/\/www.sakababeauty.com\/?post_type=product&#038;p=24725"},"modified":"2024-09-01T13:23:30","modified_gmt":"2024-09-01T13:23:30","slug":"differin-pore-minimizing-toner","status":"publish","type":"product","link":"https:\/\/sakaba.mghosteur.com\/en\/product\/differin-pore-minimizing-toner\/","title":{"rendered":"DIFFERIN PORE MINIMIZING TONER"},"content":{"rendered":"<p>Ce tonique sans alcool maintient l&#8217;hydratation de la peau et la pr\u00e9pare parfaitement \u00e0 l&#8217;application du gel Differin\u00ae.<\/p>\n<p>R\u00e9duit l&#8217;exc\u00e8s de s\u00e9bum en surface sans irritation<\/p>\n<p>\u00c9limine les impuret\u00e9s qui obstruent les pores tout en minimisant leur apparence<\/p>\n<p>Apaise et revitalise la peau sans la priver de son hydratation naturelle<\/p>\n<p>Convient \u00e0 tous les types de peau, sans parab\u00e8ne, sans alcool, non com\u00e9dog\u00e8ne, test\u00e9 par des dermatologues<\/p>","protected":false},"excerpt":{"rendered":"<p>Ce tonique sans alcool maintient l&#8217;hydratation de la peau et la pr\u00e9pare parfaitement \u00e0 l&#8217;application du gel Differin\u00ae. R\u00e9duit l&#8217;exc\u00e8s de s\u00e9bum en surface sans irritation \u00c9limine les impuret\u00e9s qui obstruent les pores tout en minimisant leur apparence Apaise et revitalise la peau sans la priver de son hydratation naturelle Convient \u00e0 tous les types<span class=\"read-more-faq\"><a href=\"https:\/\/sakaba.mghosteur.com\/en\/product\/differin-pore-minimizing-toner\/\">Read More<\/a><\/span><\/p>","protected":false},"featured_media":0,"comment_status":"closed","ping_status":"closed","template":"","meta":[],"product_brand":[],"product_cat":[294,324,451],"product_tag":[],"class_list":{"0":"post-24725","1":"product","2":"type-product","3":"status-publish","5":"product_cat-acne","6":"product_cat-demaquillant-nettoyant","7":"product_cat-aab-soin-du-visage","9":"first","10":"instock","11":"shipping-taxable","12":"product-type-simple"},"jetpack-related-posts":[{"id":24730,"url":"https:\/\/sakaba.mghosteur.com\/en\/product\/differin-cleanser-dailydeep\/","url_meta":{"origin":24725,"position":0},"title":"DIFFERIN CLEANSER DAILY DEEP","author":"admin","date":"November 10, 2022","format":false,"excerpt":"Le nettoyant quotidien en profondeur offre la puissance du peroxyde de benzoyle, mais avec moins d'irritation et de rougeurs. Contient 5 % de peroxyde de benzoyle qui p\u00e9n\u00e8tre profond\u00e9ment dans les pores pour traiter et pr\u00e9venir l'acn\u00e9 Formule micronis\u00e9e \u00e0 double action qui s'est av\u00e9r\u00e9e moins irritante que les formules\u2026","rel":"","context":"Similar post","block_context":{"text":"Similar post","link":""},"img":{"alt_text":"","src":"","width":0,"height":0},"classes":[]},{"id":24733,"url":"https:\/\/sakaba.mghosteur.com\/en\/product\/differin-dark-spot-correcting-serum\/","url_meta":{"origin":24725,"position":1},"title":"DIFFERIN DARK SPOT CORRECTING SERUM","author":"admin","date":"November 10, 2022","format":false,"excerpt":"Le s\u00e9rum correcteur de taches brunes Differin est un s\u00e9rum pour le visage qui aide \u00e0 r\u00e9duire l'apparence des marques post-acn\u00e9, de l'hyperpigmentation, des taches, des taches de vieillesse et m\u00eame des taches de rousseur. Il contient 4 % de niacinamide, un ingr\u00e9dient \u00e9claircissant cliniquement prouv\u00e9. Il contient \u00e9galement de\u2026","rel":"","context":"Similar post","block_context":{"text":"Similar post","link":""},"img":{"alt_text":"","src":"","width":0,"height":0},"classes":[]},{"id":32880,"url":"https:\/\/sakaba.mghosteur.com\/en\/product\/differin-acne-clearing-body-scrub\/","url_meta":{"origin":24725,"position":2},"title":"DIFFERIN ACNE CLEARING BODY SCRUB","author":"admin","date":"May 16, 2024","format":false,"excerpt":"Traitement contre l'acn\u00e9 Cleanse2% d'acide salicylique Utilis\u00e9 quotidiennement, il aide \u00e0 \u00e9liminer les \u00e9ruptions cutan\u00e9es. Contient de l'acide glycolique pour exfolier et lisser en douceur. Vitamine E pour nourrir et apaiser la peau Formul\u00e9 avec de l'acide salicylique, ce gommage corporel \u00e9limine l'acn\u00e9 qui peut appara\u00eetre sur le dos, les\u2026","rel":"","context":"Similar post","block_context":{"text":"Similar post","link":""},"img":{"alt_text":"","src":"","width":0,"height":0},"classes":[]},{"id":24598,"url":"https:\/\/sakaba.mghosteur.com\/en\/product\/aveeno-calmrestore-for-sensitive-skin-2\/","url_meta":{"origin":24725,"position":3},"title":"AVEENO CALM+RESTORE FOR SENSITIVE SKIN","author":"admin","date":"November 10, 2022","format":false,"excerpt":"Aveeno Calm + Restore con\u00e7u pour les peaux sensibles avec de l'avoine pr\u00e9biotique, va au-del\u00e0 de l'apaisement pour renforcer la barri\u00e8re d'hydratation de la peau. La cr\u00e8me hydratante quotidienne pour le visage fournit une hydratation pendant 24 heures qui laisse la peau confortable toute la journ\u00e9e La formule l\u00e9g\u00e8re \u00e0\u2026","rel":"","context":"Similar post","block_context":{"text":"Similar post","link":""},"img":{"alt_text":"","src":"","width":0,"height":0},"classes":[]},{"id":26954,"url":"https:\/\/sakaba.mghosteur.com\/en\/product\/facetheory-cera-c-pore-reducing-toner\/","url_meta":{"origin":24725,"position":4},"title":"FACETHEORY Cera-C Pore Reducing Toner T1","author":"admin","date":"November 28, 2022","format":false,"excerpt":"Le toner Cera-C R\u00e9ducteur de Pores T1 de Facetheory est un toner l\u00e9ger et \u00e9quilibrant formul\u00e9 avec des c\u00e9ramides et de la niacinamide (vitamine B3) pour aider \u00e0 r\u00e9duire l'apparence des pores dilat\u00e9s et restaurer l'\u00e9lasticit\u00e9 naturelle de la peau. La vitamine C stabilis\u00e9e aide \u00e0 combattre les bact\u00e9ries responsables\u2026","rel":"","context":"Similar post","block_context":{"text":"Similar post","link":""},"img":{"alt_text":"","src":"","width":0,"height":0},"classes":[]},{"id":30330,"url":"https:\/\/sakaba.mghosteur.com\/en\/product\/neutrogena-hydro-boost-night-pressed-serum\/","url_meta":{"origin":24725,"position":5},"title":"NEUTROGENA HYDRO BOOST NIGHT PRESSED SERUM","author":"admin","date":"May 8, 2023","format":false,"excerpt":"D\u00e9couvrez le s\u00e9rum press\u00e9 pour le visage Hydro Boost Night \u00e0 l'acide hyaluronique pur de la marque Neutrogena, un concentr\u00e9 multi-r\u00e9parateur unique con\u00e7u pour revitaliser et restaurer la barri\u00e8re d'hydratation de votre peau pendant la nuit. Ce s\u00e9rum pour le visage fond instantan\u00e9ment dans votre peau pour une hydratation en\u2026","rel":"","context":"Similar post","block_context":{"text":"Similar post","link":""},"img":{"alt_text":"","src":"","width":0,"height":0},"classes":[]}],"_links":{"self":[{"href":"https:\/\/sakaba.mghosteur.com\/en\/wp-json\/wp\/v2\/product\/24725","targetHints":{"allow":["GET"]}}],"collection":[{"href":"https:\/\/sakaba.mghosteur.com\/en\/wp-json\/wp\/v2\/product"}],"about":[{"href":"https:\/\/sakaba.mghosteur.com\/en\/wp-json\/wp\/v2\/types\/product"}],"replies":[{"embeddable":true,"href":"https:\/\/sakaba.mghosteur.com\/en\/wp-json\/wp\/v2\/comments?post=24725"}],"version-history":[{"count":0,"href":"https:\/\/sakaba.mghosteur.com\/en\/wp-json\/wp\/v2\/product\/24725\/revisions"}],"wp:attachment":[{"href":"https:\/\/sakaba.mghosteur.com\/en\/wp-json\/wp\/v2\/media?parent=24725"}],"wp:term":[{"taxonomy":"product_brand","embeddable":true,"href":"https:\/\/sakaba.mghosteur.com\/en\/wp-json\/wp\/v2\/product_brand?post=24725"},{"taxonomy":"product_cat","embeddable":true,"href":"https:\/\/sakaba.mghosteur.com\/en\/wp-json\/wp\/v2\/product_cat?post=24725"},{"taxonomy":"product_tag","embeddable":true,"href":"https:\/\/sakaba.mghosteur.com\/en\/wp-json\/wp\/v2\/product_tag?post=24725"}],"curies":[{"name":"wp","href":"https:\/\/api.w.org\/{rel}","templated":true}]}}