{"id":24730,"date":"2022-11-10T17:02:15","date_gmt":"2022-11-10T17:02:15","guid":{"rendered":"http:\/\/www.sakababeauty.com\/?post_type=product&#038;p=24730"},"modified":"2024-09-01T13:21:49","modified_gmt":"2024-09-01T13:21:49","slug":"differin-cleanser-dailydeep","status":"publish","type":"product","link":"https:\/\/sakaba.mghosteur.com\/en\/product\/differin-cleanser-dailydeep\/","title":{"rendered":"DIFFERIN CLEANSER DAILY DEEP"},"content":{"rendered":"<p>Le nettoyant quotidien en profondeur offre la puissance du peroxyde de benzoyle, mais avec moins d&#8217;irritation et de rougeurs.<\/p>\n<p>Contient 5 % de peroxyde de benzoyle qui p\u00e9n\u00e8tre profond\u00e9ment dans les pores pour traiter et pr\u00e9venir l&#8217;acn\u00e9<\/p>\n<p>Formule micronis\u00e9e \u00e0 double action qui s&#8217;est av\u00e9r\u00e9e moins irritante que les formules BPO traditionnelles<\/p>\n<p>Absorbe l&#8217;exc\u00e8s de s\u00e9bum tout en lib\u00e9rant un hydratant doux qui n&#8217;obstrue pas les pores du visage et du corps<\/p>","protected":false},"excerpt":{"rendered":"<p>Le nettoyant quotidien en profondeur offre la puissance du peroxyde de benzoyle, mais avec moins d&#8217;irritation et de rougeurs. Contient 5 % de peroxyde de benzoyle qui p\u00e9n\u00e8tre profond\u00e9ment dans les pores pour traiter et pr\u00e9venir l&#8217;acn\u00e9 Formule micronis\u00e9e \u00e0 double action qui s&#8217;est av\u00e9r\u00e9e moins irritante que les formules BPO traditionnelles Absorbe l&#8217;exc\u00e8s de<span class=\"read-more-faq\"><a href=\"https:\/\/sakaba.mghosteur.com\/en\/product\/differin-cleanser-dailydeep\/\">Read More<\/a><\/span><\/p>","protected":false},"featured_media":0,"comment_status":"closed","ping_status":"closed","template":"","meta":[],"product_brand":[],"product_cat":[294,324,451],"product_tag":[],"class_list":{"0":"post-24730","1":"product","2":"type-product","3":"status-publish","5":"product_cat-acne","6":"product_cat-demaquillant-nettoyant","7":"product_cat-aab-soin-du-visage","9":"first","10":"instock","11":"shipping-taxable","12":"product-type-simple"},"jetpack-related-posts":[{"id":29149,"url":"https:\/\/sakaba.mghosteur.com\/en\/product\/the-inkey-list-5-benzoyl-peroxide-cleanser\/","url_meta":{"origin":24730,"position":0},"title":"THE INKEY LIST 5% BENZOYL PEROXIDE CLEANSER","author":"admin","date":"March 15, 2023","format":false,"excerpt":"Dites adieu \u00e0 l'acn\u00e9 r\u00e9guli\u00e8re ou persistante gr\u00e2ce \u00e0 la solution contre l'acn\u00e9 de The Inkey List. Cette formule unique, cr\u00e9\u00e9e en partenariat avec des dermatologues, contient 5% de peroxyde de benzoyle pour aider \u00e0 \u00e9liminer les boutons irrit\u00e9s et les points blancs disgracieux. La solution contre l'acn\u00e9 de The\u2026","rel":"","context":"Similar post","block_context":{"text":"Similar post","link":""},"img":{"alt_text":"","src":"","width":0,"height":0},"classes":[]},{"id":23969,"url":"https:\/\/sakaba.mghosteur.com\/en\/product\/cerave-acne-foaming-cream-cleanser\/","url_meta":{"origin":24730,"position":1},"title":"CERAVE ACNE FOAMING CREAM CLEANSER","author":"admin","date":"November 9, 2022","format":false,"excerpt":"La cr\u00e8me nettoyante moussante contre l'acn\u00e9 de CeraVe est un produit essentiel pour tout r\u00e9gime de soin de la peau contre l'acn\u00e9. Cette formule efficace contient 4 % de peroxyde de benzoyle pour aider \u00e0 \u00e9liminer l'acn\u00e9 et les points noirs, tout en pr\u00e9venant la formation de nouvelles imperfections. Les\u2026","rel":"","context":"Similar post","block_context":{"text":"Similar post","link":""},"img":{"alt_text":"","src":"","width":0,"height":0},"classes":[]},{"id":26353,"url":"https:\/\/sakaba.mghosteur.com\/en\/product\/paula-choice-daily-skin-clearing-treatment\/","url_meta":{"origin":24730,"position":2},"title":"PAULA CHOICE Extra Strength Daily Skin Clearing Treatment with 5% Benzoyl Peroxide","author":"admin","date":"November 25, 2022","format":false,"excerpt":"Ce traitement quotidien pour le nettoyage de la peau est extra-puissant gr\u00e2ce \u00e0 sa formule contenant 5% de peroxyde de benzoyle. Il est sp\u00e9cialement con\u00e7u pour combattre l'acn\u00e9 tenace, pr\u00e9venir les \u00e9ruptions futures et r\u00e9duire les marques rouges. Contrairement \u00e0 d'autres produits similaires, celui-ci ne contient pas d'ingr\u00e9dients agressifs qui\u2026","rel":"","context":"Similar post","block_context":{"text":"Similar post","link":""},"img":{"alt_text":"","src":"","width":0,"height":0},"classes":[]},{"id":25545,"url":"https:\/\/sakaba.mghosteur.com\/en\/product\/panoxyl-acne-foaming-wash\/","url_meta":{"origin":24730,"position":3},"title":"PANOXYL ACNE FOAMING WASH","author":"admin","date":"November 14, 2022","format":false,"excerpt":"Panoxyl 10% Acne Foaming Wash est un nettoyant visage qui contient 10 % de peroxyde de benzoyle et est con\u00e7u pour \u00e9liminer l'acn\u00e9 existante et pr\u00e9venir de nouvelles pouss\u00e9es. Il est exempt de parab\u00e8nes, de parfums et de phtalates et contient des hydratants pour aider \u00e0 pr\u00e9venir la s\u00e9cheresse","rel":"","context":"Similar post","block_context":{"text":"Similar post","link":""},"img":{"alt_text":"","src":"","width":0,"height":0},"classes":[]},{"id":31937,"url":"https:\/\/sakaba.mghosteur.com\/en\/product\/cerave-acne-faoming-cream-wash-10-benzolyl\/","url_meta":{"origin":24730,"position":4},"title":"CERAVE ACNE FAOMING CREAM WASH 10% BENZOLYL","author":"admin","date":"May 13, 2024","format":false,"excerpt":"D\u00e9velopp\u00e9e avec des dermatologues, la cr\u00e8me nettoyante moussante contre l'acn\u00e9 de CeraVe contient 10 % de peroxyde de benzoyle pour aider \u00e0 lutter contre l'acn\u00e9 et pr\u00e9venir la formation de nouvelles pouss\u00e9es. Ce nettoyant visage quotidien contre l'acn\u00e9 agit pour nettoyer la peau, traiter les pouss\u00e9es actives et maintenir la\u2026","rel":"","context":"Similar post","block_context":{"text":"Similar post","link":""},"img":{"alt_text":"","src":"","width":0,"height":0},"classes":[]},{"id":24023,"url":"https:\/\/sakaba.mghosteur.com\/en\/product\/neutrogena-stubborn-acne-am\/","url_meta":{"origin":24730,"position":5},"title":"NEUTROGENA STUBBORN ACNE AM","author":"admin","date":"November 9, 2022","format":false,"excerpt":"Produit : Traitement de l'acn\u00e9 tenace le matin de la marque NEUTROGENA Description : Ce traitement anti-acn\u00e9 est con\u00e7u pour r\u00e9duire les boutons et les rougeurs en quelques heures seulement. Il est aliment\u00e9 par du peroxyde de benzoyle micronis\u00e9 \u00e0 2,5 %, recommand\u00e9 par les dermatologues pour p\u00e9n\u00e9trer efficacement dans\u2026","rel":"","context":"Similar post","block_context":{"text":"Similar post","link":""},"img":{"alt_text":"","src":"","width":0,"height":0},"classes":[]}],"_links":{"self":[{"href":"https:\/\/sakaba.mghosteur.com\/en\/wp-json\/wp\/v2\/product\/24730","targetHints":{"allow":["GET"]}}],"collection":[{"href":"https:\/\/sakaba.mghosteur.com\/en\/wp-json\/wp\/v2\/product"}],"about":[{"href":"https:\/\/sakaba.mghosteur.com\/en\/wp-json\/wp\/v2\/types\/product"}],"replies":[{"embeddable":true,"href":"https:\/\/sakaba.mghosteur.com\/en\/wp-json\/wp\/v2\/comments?post=24730"}],"version-history":[{"count":0,"href":"https:\/\/sakaba.mghosteur.com\/en\/wp-json\/wp\/v2\/product\/24730\/revisions"}],"wp:attachment":[{"href":"https:\/\/sakaba.mghosteur.com\/en\/wp-json\/wp\/v2\/media?parent=24730"}],"wp:term":[{"taxonomy":"product_brand","embeddable":true,"href":"https:\/\/sakaba.mghosteur.com\/en\/wp-json\/wp\/v2\/product_brand?post=24730"},{"taxonomy":"product_cat","embeddable":true,"href":"https:\/\/sakaba.mghosteur.com\/en\/wp-json\/wp\/v2\/product_cat?post=24730"},{"taxonomy":"product_tag","embeddable":true,"href":"https:\/\/sakaba.mghosteur.com\/en\/wp-json\/wp\/v2\/product_tag?post=24730"}],"curies":[{"name":"wp","href":"https:\/\/api.w.org\/{rel}","templated":true}]}}