{"id":24733,"date":"2022-11-10T17:03:20","date_gmt":"2022-11-10T17:03:20","guid":{"rendered":"http:\/\/www.sakababeauty.com\/?post_type=product&#038;p=24733"},"modified":"2024-08-08T14:43:29","modified_gmt":"2024-08-08T14:43:29","slug":"differin-dark-spot-correcting-serum","status":"publish","type":"product","link":"https:\/\/sakaba.mghosteur.com\/en\/product\/differin-dark-spot-correcting-serum\/","title":{"rendered":"DIFFERIN DARK SPOT CORRECTING SERUM"},"content":{"rendered":"<p>Le s\u00e9rum correcteur de taches brunes Differin est un s\u00e9rum pour le visage qui aide \u00e0 r\u00e9duire l&#8217;apparence des marques post-acn\u00e9, de l&#8217;hyperpigmentation, des taches, des taches de vieillesse et m\u00eame des taches de rousseur. Il contient 4 % de niacinamide, un ingr\u00e9dient \u00e9claircissant cliniquement prouv\u00e9. Il contient \u00e9galement de la vitamine C et 2% d&#8217;hydroquinone, un \u00e9claircissant pour la peau.<\/p>","protected":false},"excerpt":{"rendered":"<p>Le s\u00e9rum correcteur de taches brunes Differin est un s\u00e9rum pour le visage qui aide \u00e0 r\u00e9duire l&#8217;apparence des marques post-acn\u00e9, de l&#8217;hyperpigmentation, des taches, des taches de vieillesse et m\u00eame des taches de rousseur. Il contient 4 % de niacinamide, un ingr\u00e9dient \u00e9claircissant cliniquement prouv\u00e9. Il contient \u00e9galement de la vitamine C et 2%<span class=\"read-more-faq\"><a href=\"https:\/\/sakaba.mghosteur.com\/en\/product\/differin-dark-spot-correcting-serum\/\">Read More<\/a><\/span><\/p>","protected":false},"featured_media":0,"comment_status":"closed","ping_status":"closed","template":"","meta":[],"product_brand":[],"product_cat":[293,451,334],"product_tag":[],"class_list":{"0":"post-24733","1":"product","2":"type-product","3":"status-publish","5":"product_cat-anti-taches","6":"product_cat-aab-soin-du-visage","7":"product_cat-traitement-serum","9":"first","10":"instock","11":"shipping-taxable","12":"product-type-simple"},"jetpack-related-posts":[{"id":31816,"url":"https:\/\/sakaba.mghosteur.com\/en\/product\/anua-niacinamide-10-txa-4-dark-spot-30ml\/","url_meta":{"origin":24733,"position":0},"title":"ANUA NIACINAMIDE 10% +TXA 4% DARK SPOT 30ML","author":"admin","date":"May 10, 2024","format":false,"excerpt":"Anua Niacinamide 10% + TXA 4% Dark Spot 30ML est un s\u00e9rum qui contient 10% de niacinamide et 4% d'acide tranexamique pour aider \u00e0 r\u00e9duire la d\u00e9coloration et cibler les taches brunes tenaces et l'hyperpigmentation. Il contient \u00e9galement 2% d'arbutine pour aider \u00e0 corriger le teint irr\u00e9gulier en limitant la\u2026","rel":"","context":"Similar post","block_context":{"text":"Similar post","link":""},"img":{"alt_text":"","src":"","width":0,"height":0},"classes":[]},{"id":27908,"url":"https:\/\/sakaba.mghosteur.com\/en\/product\/green-tangerine-vita-c-dark-spot-serum\/","url_meta":{"origin":24733,"position":1},"title":"GREEN TANGERINE VITA C DARK SPOT SERUM+","author":"admin","date":"November 29, 2022","format":false,"excerpt":"Le s\u00e9rum anti-taches brunes \u00e0 la vitamine C contient un puissant m\u00e9lange de 70 % d'extrait de mandarine verte fra\u00eeche, de 4 % de niacinamide et d'arbutine. Les mandarines vertes sont riches en antioxydants et contiennent 10 fois plus de vitamine C que les citrons. Gr\u00e2ce \u00e0 ce fruit, notre\u2026","rel":"","context":"Similar post","block_context":{"text":"Similar post","link":""},"img":{"alt_text":"","src":"","width":0,"height":0},"classes":[]},{"id":32977,"url":"https:\/\/sakaba.mghosteur.com\/en\/product\/bright-plus-serum-intensif-eclaircissant-anti-tach\/","url_meta":{"origin":24733,"position":2},"title":"BRIGHT PLUS SERUM INTENSIF ECLAIRCISSANT ANTI TACHE","author":"admin","date":"May 17, 2024","format":false,"excerpt":"S\u00e9rum puissant \u00e0 absorption rapide qui illumine visiblement, aide \u00e0 raviver la peau terne et cible les taches brunes caus\u00e9es par la pollution, les rayons UV nocifs et les imperfections. La formule avanc\u00e9e infus\u00e9e d'extraits de superfruits (nouveau myrte rose et graine de cerise ac\u00e9rola, mieux connue pour sa forte\u2026","rel":"","context":"Similar post","block_context":{"text":"Similar post","link":""},"img":{"alt_text":"","src":"","width":0,"height":0},"classes":[]},{"id":26926,"url":"https:\/\/sakaba.mghosteur.com\/en\/product\/kiehls-clearly-corrective-dark-spot-solution\/","url_meta":{"origin":24733,"position":3},"title":"KIEHL&#8217;S CLEARLY CORRECTIVE DARK SPOT SOLUTION","author":"admin","date":"November 28, 2022","format":false,"excerpt":"Kiehl's Clearly Corrective Dark Spot Solution est un s\u00e9rum pour le visage qui aide \u00e0 r\u00e9duire l'apparence des taches brunes, de l'hyperpigmentation et des marques post-acn\u00e9. Il s'agit d'un s\u00e9rum quotidien l\u00e9ger et \u00e0 absorption rapide. Il contient une forme stabilis\u00e9e de vitamine C appel\u00e9e C activ\u00e9e, ainsi que de\u2026","rel":"","context":"Similar post","block_context":{"text":"Similar post","link":""},"img":{"alt_text":"","src":"","width":0,"height":0},"classes":[]},{"id":29602,"url":"https:\/\/sakaba.mghosteur.com\/en\/product\/fenty-skin-watch-ya-tone-niacinamide-dard-spot-ser\/","url_meta":{"origin":24733,"position":4},"title":"FENTY SKIN WATCH YA TONE NIACINAMIDE DARD SPOT SER","author":"admin","date":"April 10, 2023","format":false,"excerpt":"D\u00e9couvrez le s\u00e9rum WATCH YA TONE NIACINAMIDE DARK SPOT de la marque FENTY, un traitement cibl\u00e9 pour une peau uniforme et lumineuse. Les taches sombres ne sont plus un probl\u00e8me avec ce cocktail concentr\u00e9 d'ingr\u00e9dients anti-taches. En seulement une semaine, vous verrez une am\u00e9lioration de l'apparence de votre peau, qui\u2026","rel":"","context":"Similar post","block_context":{"text":"Similar post","link":""},"img":{"alt_text":"","src":"","width":0,"height":0},"classes":[]},{"id":26972,"url":"https:\/\/sakaba.mghosteur.com\/en\/product\/exaglow-serum-5tranexamic-acid\/","url_meta":{"origin":24733,"position":5},"title":"FACETHEO S\u00e9rum Exaglow S10 5% acide tranexamique","author":"admin","date":"November 28, 2022","format":false,"excerpt":"D\u00e9couvrez le s\u00e9rum Exaglow S10 de FACETHEORY, un s\u00e9rum \u00e9claircissant qui utilise des actifs cl\u00e9s pour un maximum de r\u00e9sultats. Formul\u00e9 avec de l'acide tranexamique, de la vitamine C et de la r\u00e9glisse, ce s\u00e9rum est con\u00e7u pour \u00e9claircir les taches brunes et la pigmentation, ainsi que pour lisser les\u2026","rel":"","context":"Similar post","block_context":{"text":"Similar post","link":""},"img":{"alt_text":"","src":"","width":0,"height":0},"classes":[]}],"_links":{"self":[{"href":"https:\/\/sakaba.mghosteur.com\/en\/wp-json\/wp\/v2\/product\/24733","targetHints":{"allow":["GET"]}}],"collection":[{"href":"https:\/\/sakaba.mghosteur.com\/en\/wp-json\/wp\/v2\/product"}],"about":[{"href":"https:\/\/sakaba.mghosteur.com\/en\/wp-json\/wp\/v2\/types\/product"}],"replies":[{"embeddable":true,"href":"https:\/\/sakaba.mghosteur.com\/en\/wp-json\/wp\/v2\/comments?post=24733"}],"version-history":[{"count":0,"href":"https:\/\/sakaba.mghosteur.com\/en\/wp-json\/wp\/v2\/product\/24733\/revisions"}],"wp:attachment":[{"href":"https:\/\/sakaba.mghosteur.com\/en\/wp-json\/wp\/v2\/media?parent=24733"}],"wp:term":[{"taxonomy":"product_brand","embeddable":true,"href":"https:\/\/sakaba.mghosteur.com\/en\/wp-json\/wp\/v2\/product_brand?post=24733"},{"taxonomy":"product_cat","embeddable":true,"href":"https:\/\/sakaba.mghosteur.com\/en\/wp-json\/wp\/v2\/product_cat?post=24733"},{"taxonomy":"product_tag","embeddable":true,"href":"https:\/\/sakaba.mghosteur.com\/en\/wp-json\/wp\/v2\/product_tag?post=24733"}],"curies":[{"name":"wp","href":"https:\/\/api.w.org\/{rel}","templated":true}]}}