{"id":24761,"date":"2022-11-10T17:21:08","date_gmt":"2022-11-10T17:21:08","guid":{"rendered":"http:\/\/www.sakababeauty.com\/?post_type=product&#038;p=24761"},"modified":"2024-08-08T13:21:13","modified_gmt":"2024-08-08T13:21:13","slug":"mac-lip-pencil-crayon-a-levres","status":"publish","type":"product","link":"https:\/\/sakaba.mghosteur.com\/en\/product\/mac-lip-pencil-crayon-a-levres\/","title":{"rendered":"MAC LIP PENCIL CRAYON A LEVRES"},"content":{"rendered":"","protected":false},"excerpt":{"rendered":"","protected":false},"featured_media":0,"comment_status":"closed","ping_status":"closed","template":"","meta":[],"product_brand":[],"product_cat":[305,289],"product_tag":[],"class_list":{"0":"post-24761","1":"product","2":"type-product","3":"status-publish","5":"product_cat-levres","6":"product_cat-aaa-maquillage","8":"first","9":"instock","10":"shipping-taxable","11":"product-type-simple"},"jetpack-related-posts":[{"id":34131,"url":"https:\/\/sakaba.mghosteur.com\/en\/product\/charlotte-tilbury-kiss-n-tell-crayon-contour-levre\/","url_meta":{"origin":24761,"position":0},"title":"CHARLOTTE TILBURY KISS N TELL CRAYON CONTOUR LEVRE","author":"admin","date":"May 27, 2024","format":false,"excerpt":"","rel":"","context":"Similar post","block_context":{"text":"Similar post","link":""},"img":{"alt_text":"","src":"","width":0,"height":0},"classes":[]},{"id":34602,"url":"https:\/\/sakaba.mghosteur.com\/en\/product\/fenty-luscious-lip-balm-latte-lips\/","url_meta":{"origin":24761,"position":1},"title":"FENTY LUSCIOUS LIP BALM LATTE LIPS","author":"admin","date":"May 29, 2024","format":false,"excerpt":"Un baume \u00e0 l\u00e8vres cr\u00e9meux et hydratant dot\u00e9 d'un applicateur en forme de pied de biche moelleux qui lisse, adoucit et pr\u00e9pare vos l\u00e8vres pour des l\u00e8vres instantan\u00e9ment pulpeuses et dignes d'un baiser qui durent, dans des teintes transparentes con\u00e7ues pour tous les tons de peau. Description: Super cr\u00e9meux et\u2026","rel":"","context":"Similar post","block_context":{"text":"Similar post","link":""},"img":{"alt_text":"","src":"","width":0,"height":0},"classes":[]},{"id":31550,"url":"https:\/\/sakaba.mghosteur.com\/en\/product\/vaseline-lip-therapy-original\/","url_meta":{"origin":24761,"position":2},"title":"VASELINE LIP THERAPY ORIGINAL","author":"admin","date":"May 10, 2024","format":false,"excerpt":"Le baume \u00e0 l\u00e8vres Vaseline Lip Therapy Mini Original est un incontournable pour garder vos l\u00e8vres hydrat\u00e9es et en bonne sant\u00e9. Cliniquement prouv\u00e9 pour gu\u00e9rir les l\u00e8vres s\u00e8ches, sa formule non collante et douce fond d\u00e9licatement sur vos l\u00e8vres, procurant un soulagement durable. Pr\u00e9sent\u00e9 dans un emballage embl\u00e9matique, ce baume\u2026","rel":"","context":"Similar post","block_context":{"text":"Similar post","link":""},"img":{"alt_text":"","src":"","width":0,"height":0},"classes":[]},{"id":28834,"url":"https:\/\/sakaba.mghosteur.com\/en\/product\/vaseline-lip-therapy-rosy-lips-pink-lips\/","url_meta":{"origin":24761,"position":3},"title":"VASELINE LIP THERAPY ROSE MINI","author":"admin","date":"December 13, 2022","format":false,"excerpt":"D\u00e9couvrez Vaseline Lip Therapy Rosy Mini pour des l\u00e8vres plus douces, plus lisses et plus saines avec une touche de rose transparente. Sa formule non collante et son parfum de rose aident \u00e0 apaiser et \u00e0 soigner les l\u00e8vres s\u00e8ches en emprisonnant l'humidit\u00e9, pour des l\u00e8vres visiblement plus belles et\u2026","rel":"","context":"Similar post","block_context":{"text":"Similar post","link":""},"img":{"alt_text":"","src":"","width":0,"height":0},"classes":[]},{"id":29462,"url":"https:\/\/sakaba.mghosteur.com\/en\/product\/lip-plump-rafraichir-aha-bha-vitamine-c-levres-repulpantes\/","url_meta":{"origin":24761,"position":4},"title":"Lip Plump &#8211; Rafra\u00eechir AHA BHA Vitamine C L\u00e8vres Repulpantes","author":"admin","date":"April 4, 2023","format":false,"excerpt":"Le Lip Plump de la marque COSRX est un produit ultra-\u00e9clatant qui utilise des ingr\u00e9dients comme la volufiline et des d\u00e9riv\u00e9s de vitamines pour donner un effet repulpant \u00e0 vos l\u00e8vres. Ce produit est disponible en format de 0.70 fl.oz \/ 20g. Avec le Lip Plump, vos l\u00e8vres seront volumis\u00e9es\u2026","rel":"","context":"Similar post","block_context":{"text":"Similar post","link":""},"img":{"alt_text":"","src":"","width":0,"height":0},"classes":[]},{"id":23602,"url":"https:\/\/sakaba.mghosteur.com\/en\/product\/fenty-beauty-lip-loving-scrubstick\/","url_meta":{"origin":24761,"position":5},"title":"PRO KISS&#8217;R LIP-LOVING SCRUBSTICK","author":"admin","date":"November 2, 2022","format":false,"excerpt":"Le PRO KISS'R LIP-LOVING SCRUBSTICK est un stick exfoliant pour les l\u00e8vres qui vous donnera des l\u00e8vres douces et lisses en un rien de temps. Ce b\u00e2ton pratique contient des grains exfoliants de noyau d'abricot pour exfolier en douceur et nourrir les l\u00e8vres, sans le d\u00e9sordre des exfoliants traditionnels. Il\u2026","rel":"","context":"Similar post","block_context":{"text":"Similar post","link":""},"img":{"alt_text":"","src":"","width":0,"height":0},"classes":[]}],"_links":{"self":[{"href":"https:\/\/sakaba.mghosteur.com\/en\/wp-json\/wp\/v2\/product\/24761","targetHints":{"allow":["GET"]}}],"collection":[{"href":"https:\/\/sakaba.mghosteur.com\/en\/wp-json\/wp\/v2\/product"}],"about":[{"href":"https:\/\/sakaba.mghosteur.com\/en\/wp-json\/wp\/v2\/types\/product"}],"replies":[{"embeddable":true,"href":"https:\/\/sakaba.mghosteur.com\/en\/wp-json\/wp\/v2\/comments?post=24761"}],"version-history":[{"count":0,"href":"https:\/\/sakaba.mghosteur.com\/en\/wp-json\/wp\/v2\/product\/24761\/revisions"}],"wp:attachment":[{"href":"https:\/\/sakaba.mghosteur.com\/en\/wp-json\/wp\/v2\/media?parent=24761"}],"wp:term":[{"taxonomy":"product_brand","embeddable":true,"href":"https:\/\/sakaba.mghosteur.com\/en\/wp-json\/wp\/v2\/product_brand?post=24761"},{"taxonomy":"product_cat","embeddable":true,"href":"https:\/\/sakaba.mghosteur.com\/en\/wp-json\/wp\/v2\/product_cat?post=24761"},{"taxonomy":"product_tag","embeddable":true,"href":"https:\/\/sakaba.mghosteur.com\/en\/wp-json\/wp\/v2\/product_tag?post=24761"}],"curies":[{"name":"wp","href":"https:\/\/api.w.org\/{rel}","templated":true}]}}