{"id":24808,"date":"2022-11-11T10:16:09","date_gmt":"2022-11-11T10:16:09","guid":{"rendered":"http:\/\/www.sakababeauty.com\/?post_type=product&#038;p=24808"},"modified":"2024-08-14T03:42:37","modified_gmt":"2024-08-14T03:42:37","slug":"eos-100-natural-shea-lip-balm-sweet-mint","status":"publish","type":"product","link":"https:\/\/sakaba.mghosteur.com\/en\/product\/eos-100-natural-shea-lip-balm-sweet-mint\/","title":{"rendered":"EOS 100% Natural Shea Lip Balm Sweet Mint"},"content":{"rendered":"<p>Le baume \u00e0 l\u00e8vres EOS 100 % naturel au karit\u00e9 et \u00e0 la menthe douce est un baume \u00e0 l\u00e8vres 100 % naturel et biologique certifi\u00e9 USDA. Il contient du beurre de karit\u00e9 et de l&#8217;huile de jojoba pour garder les l\u00e8vres hydrat\u00e9es et lisses. Il contient \u00e9galement de la vitamine E et est sans gluten<\/p>","protected":false},"excerpt":{"rendered":"<p>Le baume \u00e0 l\u00e8vres EOS 100 % naturel au karit\u00e9 et \u00e0 la menthe douce est un baume \u00e0 l\u00e8vres 100 % naturel et biologique certifi\u00e9 USDA. Il contient du beurre de karit\u00e9 et de l&#8217;huile de jojoba pour garder les l\u00e8vres hydrat\u00e9es et lisses. Il contient \u00e9galement de la vitamine E et est sans<span class=\"read-more-faq\"><a href=\"https:\/\/sakaba.mghosteur.com\/en\/product\/eos-100-natural-shea-lip-balm-sweet-mint\/\">Read More<\/a><\/span><\/p>","protected":false},"featured_media":0,"comment_status":"closed","ping_status":"closed","template":"","meta":[],"product_brand":[],"product_cat":[1054,451],"product_tag":[],"class_list":{"0":"post-24808","1":"product","2":"type-product","3":"status-publish","5":"product_cat-soins-des-levres","6":"product_cat-aab-soin-du-visage","8":"first","9":"instock","10":"shipping-taxable","11":"product-type-simple"},"jetpack-related-posts":[{"id":24832,"url":"https:\/\/sakaba.mghosteur.com\/en\/product\/eos-100-natural-shea-lip-balm-vanilla-bean\/","url_meta":{"origin":24808,"position":0},"title":"EOS 100% Natural Shea Lip Balm Vanilla Bean","author":"admin","date":"November 11, 2022","format":false,"excerpt":"Le Baume \u00e0 L\u00e8vres B\u00e2ton Vanille de la marque EOS est un produit de beaut\u00e9 naturel et biologique qui hydrate et nourrit vos l\u00e8vres tout en leur offrant une saveur de vanille douce, riche et cr\u00e9meuse. Ce baume \u00e0 l\u00e8vres est compos\u00e9 d'ingr\u00e9dients de qualit\u00e9 sup\u00e9rieure, tels que l'huile de\u2026","rel":"","context":"Similar post","block_context":{"text":"Similar post","link":""},"img":{"alt_text":"","src":"","width":0,"height":0},"classes":[]},{"id":33249,"url":"https:\/\/sakaba.mghosteur.com\/en\/product\/eos-100-natural-shea-lip-balm-pomegranate-raspberry\/","url_meta":{"origin":24808,"position":1},"title":"EOS 100% Natural Shea Lip Balm Pomegranate Raspberry","author":"admin","date":"May 20, 2024","format":false,"excerpt":"Le go\u00fbt de grenade et de framboise a le go\u00fbt de grenade p\u00e9tillante et de framboise acidul\u00e9e et juteuse. Notre baume \u00e0 l\u00e8vres certifi\u00e9 biologique par l'USDA et recommand\u00e9 par les dermatologues est formul\u00e9 pour les peaux sensibles et fabriqu\u00e9 avec du beurre de karit\u00e9 apaisant, de l'huile de coco\u2026","rel":"","context":"Similar post","block_context":{"text":"Similar post","link":""},"img":{"alt_text":"","src":"","width":0,"height":0},"classes":[]},{"id":25404,"url":"https:\/\/sakaba.mghosteur.com\/en\/product\/eos-lip-balm-watermelon-frose\/","url_meta":{"origin":24808,"position":2},"title":"EOS LIP BALM WATERMELON FROS\u00c9","author":"admin","date":"November 14, 2022","format":false,"excerpt":"Le baume \u00e0 l\u00e8vres EOS Watermelon Fros\u00e9 est un baume \u00e0 l\u00e8vres 100 % naturel recommand\u00e9 par les dermatologues pour les peaux sensibles. Il est compos\u00e9 d'ingr\u00e9dients naturels et d'huiles essentielles qui nourrissent et hydratent les l\u00e8vres. Il a un doux parfum de past\u00e8que et combine les saveurs de la\u2026","rel":"","context":"Similar post","block_context":{"text":"Similar post","link":""},"img":{"alt_text":"","src":"","width":0,"height":0},"classes":[]},{"id":33252,"url":"https:\/\/sakaba.mghosteur.com\/en\/product\/eos-pink-champagne-strawberry-cheer\/","url_meta":{"origin":24808,"position":3},"title":"EOS PINK CHAMPAGNE STRAWBERRY CHEER","author":"admin","date":"May 20, 2024","format":false,"excerpt":"Ces baumes \u00e0 l\u00e8vres aux saveurs festives de champagne ros\u00e9 et de fraise en \u00e9dition limit\u00e9e s'associent \u00e0 du karit\u00e9 ultra doux pour cr\u00e9er des baumes \u00e0 l\u00e8vres joyeux que vous aurez certainement envie de partager. Avec une hydratation profonde et durable et des saveurs d\u00e9licieuses","rel":"","context":"Similar post","block_context":{"text":"Similar post","link":""},"img":{"alt_text":"","src":"","width":0,"height":0},"classes":[]},{"id":31456,"url":"https:\/\/sakaba.mghosteur.com\/en\/product\/laneige-baume-brillant-pour-les-levres-berry\/","url_meta":{"origin":24808,"position":4},"title":"LANEIGE BAUME BRILLANT POUR LES LEVRES BERRY","author":"admin","date":"May 10, 2024","format":false,"excerpt":"D\u00e9couvrez le partenaire id\u00e9al du Lip Sleeping Mask pour des l\u00e8vres prot\u00e9g\u00e9es et hydrat\u00e9es toute la journ\u00e9e ! Le Lip Glowy Balm fusionne les bienfaits d'un baume et d'un gloss en un seul produit ! Hydratant et nourrissant, ce baume contient des beurres de karit\u00e9 qui facilitent son application, laissant\u2026","rel":"","context":"Similar post","block_context":{"text":"Similar post","link":""},"img":{"alt_text":"","src":"","width":0,"height":0},"classes":[]},{"id":31469,"url":"https:\/\/sakaba.mghosteur.com\/en\/product\/laneige-lip-glowy-balm-baume-brillant-gummy-bear\/","url_meta":{"origin":24808,"position":5},"title":"LANEIGE LIP GLOWY BALM BAUME BRILLANT GUMMY BEAR","author":"admin","date":"May 10, 2024","format":false,"excerpt":"D\u00e9couvrez le baume \u00e0 l\u00e8vres teint\u00e9 et brillant, un indispensable de votre routine beaut\u00e9. Ce baume-gloss 2-en-1 de Laneige est con\u00e7u pour vous offrir un \u00e9clat subtil et naturel. Enrichi en beurres de karit\u00e9 et de murumuru, il nourrit vos l\u00e8vres tout en leur procurant un fini l\u00e9g\u00e8rement teint\u00e9 et\u2026","rel":"","context":"Similar post","block_context":{"text":"Similar post","link":""},"img":{"alt_text":"","src":"","width":0,"height":0},"classes":[]}],"_links":{"self":[{"href":"https:\/\/sakaba.mghosteur.com\/en\/wp-json\/wp\/v2\/product\/24808","targetHints":{"allow":["GET"]}}],"collection":[{"href":"https:\/\/sakaba.mghosteur.com\/en\/wp-json\/wp\/v2\/product"}],"about":[{"href":"https:\/\/sakaba.mghosteur.com\/en\/wp-json\/wp\/v2\/types\/product"}],"replies":[{"embeddable":true,"href":"https:\/\/sakaba.mghosteur.com\/en\/wp-json\/wp\/v2\/comments?post=24808"}],"version-history":[{"count":0,"href":"https:\/\/sakaba.mghosteur.com\/en\/wp-json\/wp\/v2\/product\/24808\/revisions"}],"wp:attachment":[{"href":"https:\/\/sakaba.mghosteur.com\/en\/wp-json\/wp\/v2\/media?parent=24808"}],"wp:term":[{"taxonomy":"product_brand","embeddable":true,"href":"https:\/\/sakaba.mghosteur.com\/en\/wp-json\/wp\/v2\/product_brand?post=24808"},{"taxonomy":"product_cat","embeddable":true,"href":"https:\/\/sakaba.mghosteur.com\/en\/wp-json\/wp\/v2\/product_cat?post=24808"},{"taxonomy":"product_tag","embeddable":true,"href":"https:\/\/sakaba.mghosteur.com\/en\/wp-json\/wp\/v2\/product_tag?post=24808"}],"curies":[{"name":"wp","href":"https:\/\/api.w.org\/{rel}","templated":true}]}}