{"id":24832,"date":"2022-11-11T10:16:59","date_gmt":"2022-11-11T10:16:59","guid":{"rendered":"http:\/\/www.sakababeauty.com\/?post_type=product&#038;p=24832"},"modified":"2024-08-14T03:43:42","modified_gmt":"2024-08-14T03:43:42","slug":"eos-100-natural-shea-lip-balm-vanilla-bean","status":"publish","type":"product","link":"https:\/\/sakaba.mghosteur.com\/en\/product\/eos-100-natural-shea-lip-balm-vanilla-bean\/","title":{"rendered":"EOS 100% Natural Shea Lip Balm Vanilla Bean"},"content":{"rendered":"<p>Le Baume \u00e0 L\u00e8vres B\u00e2ton Vanille de la marque EOS est un produit de beaut\u00e9 naturel et biologique qui hydrate et nourrit vos l\u00e8vres tout en leur offrant une saveur de vanille douce, riche et cr\u00e9meuse. Ce baume \u00e0 l\u00e8vres est compos\u00e9 d&#8217;ingr\u00e9dients de qualit\u00e9 sup\u00e9rieure, tels que l&#8217;huile de graines de tournesol, la cire d&#8217;abeille, l&#8217;huile de noix de coco, le beurre de karit\u00e9, l&#8217;huile de graines de jojoba, la cire de carnauba, l&#8217;huile d&#8217;olive, l&#8217;extrait de fruit de vanille, le tocoph\u00e9rol, l&#8217;extrait de feuille\/tige de stevia, le b\u00eata-sitost\u00e9rol, le squal\u00e8ne et l&#8217;alcool anisyle. Ce baume \u00e0 l\u00e8vres est certifi\u00e9 biologique par l&#8217;USDA et les ingr\u00e9dients sont d&#8217;origine durable. Offrez \u00e0 vos l\u00e8vres une hydratation naturelle avec le Baume \u00e0 L\u00e8vres B\u00e2ton Vanille EOS.<\/p>","protected":false},"excerpt":{"rendered":"<p>Le Baume \u00e0 L\u00e8vres B\u00e2ton Vanille de la marque EOS est un produit de beaut\u00e9 naturel et biologique qui hydrate et nourrit vos l\u00e8vres tout en leur offrant une saveur de vanille douce, riche et cr\u00e9meuse. Ce baume \u00e0 l\u00e8vres est compos\u00e9 d&#8217;ingr\u00e9dients de qualit\u00e9 sup\u00e9rieure, tels que l&#8217;huile de graines de tournesol, la cire<span class=\"read-more-faq\"><a href=\"https:\/\/sakaba.mghosteur.com\/en\/product\/eos-100-natural-shea-lip-balm-vanilla-bean\/\">Read More<\/a><\/span><\/p>","protected":false},"featured_media":0,"comment_status":"closed","ping_status":"closed","template":"","meta":[],"product_brand":[],"product_cat":[1054,451],"product_tag":[],"class_list":{"0":"post-24832","1":"product","2":"type-product","3":"status-publish","5":"product_cat-soins-des-levres","6":"product_cat-aab-soin-du-visage","8":"first","9":"instock","10":"shipping-taxable","11":"product-type-simple"},"jetpack-related-posts":[{"id":33249,"url":"https:\/\/sakaba.mghosteur.com\/en\/product\/eos-100-natural-shea-lip-balm-pomegranate-raspberry\/","url_meta":{"origin":24832,"position":0},"title":"EOS 100% Natural Shea Lip Balm Pomegranate Raspberry","author":"admin","date":"May 20, 2024","format":false,"excerpt":"Le go\u00fbt de grenade et de framboise a le go\u00fbt de grenade p\u00e9tillante et de framboise acidul\u00e9e et juteuse. Notre baume \u00e0 l\u00e8vres certifi\u00e9 biologique par l'USDA et recommand\u00e9 par les dermatologues est formul\u00e9 pour les peaux sensibles et fabriqu\u00e9 avec du beurre de karit\u00e9 apaisant, de l'huile de coco\u2026","rel":"","context":"Similar post","block_context":{"text":"Similar post","link":""},"img":{"alt_text":"","src":"","width":0,"height":0},"classes":[]},{"id":24808,"url":"https:\/\/sakaba.mghosteur.com\/en\/product\/eos-100-natural-shea-lip-balm-sweet-mint\/","url_meta":{"origin":24832,"position":1},"title":"EOS 100% Natural Shea Lip Balm Sweet Mint","author":"admin","date":"November 11, 2022","format":false,"excerpt":"Le baume \u00e0 l\u00e8vres EOS 100 % naturel au karit\u00e9 et \u00e0 la menthe douce est un baume \u00e0 l\u00e8vres 100 % naturel et biologique certifi\u00e9 USDA. Il contient du beurre de karit\u00e9 et de l'huile de jojoba pour garder les l\u00e8vres hydrat\u00e9es et lisses. Il contient \u00e9galement de la\u2026","rel":"","context":"Similar post","block_context":{"text":"Similar post","link":""},"img":{"alt_text":"","src":"","width":0,"height":0},"classes":[]},{"id":25404,"url":"https:\/\/sakaba.mghosteur.com\/en\/product\/eos-lip-balm-watermelon-frose\/","url_meta":{"origin":24832,"position":2},"title":"EOS LIP BALM WATERMELON FROS\u00c9","author":"admin","date":"November 14, 2022","format":false,"excerpt":"Le baume \u00e0 l\u00e8vres EOS Watermelon Fros\u00e9 est un baume \u00e0 l\u00e8vres 100 % naturel recommand\u00e9 par les dermatologues pour les peaux sensibles. Il est compos\u00e9 d'ingr\u00e9dients naturels et d'huiles essentielles qui nourrissent et hydratent les l\u00e8vres. Il a un doux parfum de past\u00e8que et combine les saveurs de la\u2026","rel":"","context":"Similar post","block_context":{"text":"Similar post","link":""},"img":{"alt_text":"","src":"","width":0,"height":0},"classes":[]},{"id":34599,"url":"https:\/\/sakaba.mghosteur.com\/en\/product\/fenty-luscious-lip-balm-cocoa-drizzle\/","url_meta":{"origin":24832,"position":3},"title":"FENTY LUSCIOUS LIP BALM COCOA DRIZZLE","author":"admin","date":"May 29, 2024","format":false,"excerpt":"Un baume \u00e0 l\u00e8vres cr\u00e9meux et hydratant dot\u00e9 d'un applicateur en forme de pied de biche moelleux qui lisse, adoucit et pr\u00e9pare vos l\u00e8vres pour des l\u00e8vres instantan\u00e9ment pulpeuses et dignes d'un baiser qui durent, dans des teintes transparentes con\u00e7ues pour tous les tons de peau. Description: Super cr\u00e9meux et\u2026","rel":"","context":"Similar post","block_context":{"text":"Similar post","link":""},"img":{"alt_text":"","src":"","width":0,"height":0},"classes":[]},{"id":34602,"url":"https:\/\/sakaba.mghosteur.com\/en\/product\/fenty-luscious-lip-balm-latte-lips\/","url_meta":{"origin":24832,"position":4},"title":"FENTY LUSCIOUS LIP BALM LATTE LIPS","author":"admin","date":"May 29, 2024","format":false,"excerpt":"Un baume \u00e0 l\u00e8vres cr\u00e9meux et hydratant dot\u00e9 d'un applicateur en forme de pied de biche moelleux qui lisse, adoucit et pr\u00e9pare vos l\u00e8vres pour des l\u00e8vres instantan\u00e9ment pulpeuses et dignes d'un baiser qui durent, dans des teintes transparentes con\u00e7ues pour tous les tons de peau. Description: Super cr\u00e9meux et\u2026","rel":"","context":"Similar post","block_context":{"text":"Similar post","link":""},"img":{"alt_text":"","src":"","width":0,"height":0},"classes":[]},{"id":29752,"url":"https:\/\/sakaba.mghosteur.com\/en\/product\/skin-success-moisturizing-lotion\/","url_meta":{"origin":24832,"position":5},"title":"SKIN SUCCESS MOISTURIZING LOTION","author":"admin","date":"April 19, 2023","format":false,"excerpt":"D\u00e9couvrez la lotion hydratante anti-taches sombres de Palmer's Skin Success. Cette lotion pour le corps est riche en ingr\u00e9dients naturels tels que le beurre de cacao, la vitamine E et le soja pour une peau douce et soyeuse. Elle est absorb\u00e9e rapidement et ne laisse pas d'effet gras, ce qui\u2026","rel":"","context":"Similar post","block_context":{"text":"Similar post","link":""},"img":{"alt_text":"","src":"","width":0,"height":0},"classes":[]}],"_links":{"self":[{"href":"https:\/\/sakaba.mghosteur.com\/en\/wp-json\/wp\/v2\/product\/24832","targetHints":{"allow":["GET"]}}],"collection":[{"href":"https:\/\/sakaba.mghosteur.com\/en\/wp-json\/wp\/v2\/product"}],"about":[{"href":"https:\/\/sakaba.mghosteur.com\/en\/wp-json\/wp\/v2\/types\/product"}],"replies":[{"embeddable":true,"href":"https:\/\/sakaba.mghosteur.com\/en\/wp-json\/wp\/v2\/comments?post=24832"}],"version-history":[{"count":0,"href":"https:\/\/sakaba.mghosteur.com\/en\/wp-json\/wp\/v2\/product\/24832\/revisions"}],"wp:attachment":[{"href":"https:\/\/sakaba.mghosteur.com\/en\/wp-json\/wp\/v2\/media?parent=24832"}],"wp:term":[{"taxonomy":"product_brand","embeddable":true,"href":"https:\/\/sakaba.mghosteur.com\/en\/wp-json\/wp\/v2\/product_brand?post=24832"},{"taxonomy":"product_cat","embeddable":true,"href":"https:\/\/sakaba.mghosteur.com\/en\/wp-json\/wp\/v2\/product_cat?post=24832"},{"taxonomy":"product_tag","embeddable":true,"href":"https:\/\/sakaba.mghosteur.com\/en\/wp-json\/wp\/v2\/product_tag?post=24832"}],"curies":[{"name":"wp","href":"https:\/\/api.w.org\/{rel}","templated":true}]}}