{"id":24853,"date":"2022-11-11T10:19:31","date_gmt":"2022-11-11T10:19:31","guid":{"rendered":"http:\/\/www.sakababeauty.com\/?post_type=product&#038;p=24853"},"modified":"2024-08-08T13:24:53","modified_gmt":"2024-08-08T13:24:53","slug":"mac-pro-longwear-paint-pot-peintures","status":"publish","type":"product","link":"https:\/\/sakaba.mghosteur.com\/en\/product\/mac-pro-longwear-paint-pot-peintures\/","title":{"rendered":"MAC PRO LONGWEAR PAINT POT PEINTURES"},"content":{"rendered":"","protected":false},"excerpt":{"rendered":"","protected":false},"featured_media":0,"comment_status":"closed","ping_status":"closed","template":"","meta":[],"product_brand":[],"product_cat":[289,297],"product_tag":[],"class_list":{"0":"post-24853","1":"product","2":"type-product","3":"status-publish","5":"product_cat-aaa-maquillage","6":"product_cat-yeux","8":"first","9":"instock","10":"shipping-taxable","11":"product-type-simple"},"jetpack-related-posts":[{"id":23075,"url":"https:\/\/sakaba.mghosteur.com\/en\/product\/fenty-beauty-pro-filtr-soft-matte-longwear-foundation-2\/","url_meta":{"origin":24853,"position":0},"title":"Fenty Beauty Pro Filt&#8217;r Soft Matte Longwear Foundation","author":"admin","date":"October 25, 2022","format":false,"excerpt":"D\u00e9couvrez le fond de teint Pro Filt\u2019r Soft Matte Longwear de Fenty Beauty, le choix parfait pour un teint frais et mat tout au long de la journ\u00e9e et de la nuit. Avec sa technologie adaptative au climat, ce fond de teint r\u00e9siste \u00e0 la chaleur, la sueur et les\u2026","rel":"","context":"Similar post","block_context":{"text":"Similar post","link":""},"img":{"alt_text":"","src":"","width":0,"height":0},"classes":[]},{"id":22992,"url":"https:\/\/sakaba.mghosteur.com\/en\/product\/fenty-beauty-pro-filtr-soft-matte-longwear-foundation\/","url_meta":{"origin":24853,"position":1},"title":"Fenty Beauty Pro Filt&#8217;r Soft Matte Longwear Foundation","author":"admin","date":"October 25, 2022","format":false,"excerpt":"Le fond de teint prim\u00e9 qui a chang\u00e9 la donne pour toujours, d\u00e9sormais disponible en poudre longue tenue, l\u00e9g\u00e8re comme l'air, pour une couvrance l\u00e9g\u00e8re \u00e0 totale dans un fini mat doux et non p\u00e2teux. C'est rapide, impeccable et facile. Description; Longue tenue, l\u00e9g\u00e8re comme l'air, sans effet flashback Complexe\u2026","rel":"","context":"Similar post","block_context":{"text":"Similar post","link":""},"img":{"alt_text":"","src":"","width":0,"height":0},"classes":[]},{"id":34992,"url":"https:\/\/sakaba.mghosteur.com\/en\/product\/nars-natural-radiant-longwear-foundation-cadiz\/","url_meta":{"origin":24853,"position":2},"title":"NARS NATURAL RADIANT LONGWEAR FOUNDATION CADIZ","author":"admin","date":"June 5, 2024","format":false,"excerpt":"Il y a la tenue longue dur\u00e9e. Et puis il y a la tenue intense. Voici le premier fond de teint NARS qui tient 16 heures et reste actif gr\u00e2ce au pouvoir de l'\u00e9clat. Ind\u00e9tectable. Inarr\u00eatable. Contrairement \u00e0 tout autre produit. La tenue longue dur\u00e9e est enfin l\u00e9g\u00e8re et \u00e9clatante.\u2026","rel":"","context":"Similar post","block_context":{"text":"Similar post","link":""},"img":{"alt_text":"","src":"","width":0,"height":0},"classes":[]},{"id":34995,"url":"https:\/\/sakaba.mghosteur.com\/en\/product\/nars-natural-radiant-longwear-foundation-caracas\/","url_meta":{"origin":24853,"position":3},"title":"NARS NATURAL RADIANT LONGWEAR FOUNDATION CARACAS","author":"admin","date":"June 5, 2024","format":false,"excerpt":"Il y a la tenue longue dur\u00e9e. Et puis il y a la tenue intense. Voici le premier fond de teint NARS qui tient 16 heures et reste actif gr\u00e2ce au pouvoir de l'\u00e9clat. Ind\u00e9tectable. Inarr\u00eatable. Contrairement \u00e0 tout autre produit. La tenue longue dur\u00e9e est enfin l\u00e9g\u00e8re et \u00e9clatante.\u2026","rel":"","context":"Similar post","block_context":{"text":"Similar post","link":""},"img":{"alt_text":"","src":"","width":0,"height":0},"classes":[]},{"id":34998,"url":"https:\/\/sakaba.mghosteur.com\/en\/product\/nars-natural-radiant-longwear-foundation-huahine\/","url_meta":{"origin":24853,"position":4},"title":"NARS NATURAL RADIANT LONGWEAR FOUNDATION HUAHINE","author":"admin","date":"June 5, 2024","format":false,"excerpt":"Il y a la tenue longue dur\u00e9e. Et puis il y a la tenue intense. Voici le premier fond de teint NARS qui tient 16 heures et reste actif gr\u00e2ce au pouvoir de l'\u00e9clat. Ind\u00e9tectable. Inarr\u00eatable. Contrairement \u00e0 tout autre produit. La tenue longue dur\u00e9e est enfin l\u00e9g\u00e8re et \u00e9clatante.\u2026","rel":"","context":"Similar post","block_context":{"text":"Similar post","link":""},"img":{"alt_text":"","src":"","width":0,"height":0},"classes":[]},{"id":35004,"url":"https:\/\/sakaba.mghosteur.com\/en\/product\/nars-natural-radiant-longwear-foundation-macao\/","url_meta":{"origin":24853,"position":5},"title":"NARS NATURAL RADIANT LONGWEAR FOUNDATION MACAO","author":"admin","date":"June 5, 2024","format":false,"excerpt":"Il y a la tenue longue dur\u00e9e. Et puis il y a la tenue intense. Voici le premier fond de teint NARS qui tient 16 heures et reste actif gr\u00e2ce au pouvoir de l'\u00e9clat. Ind\u00e9tectable. Inarr\u00eatable. Contrairement \u00e0 tout autre produit. La tenue longue dur\u00e9e est enfin l\u00e9g\u00e8re et \u00e9clatante.\u2026","rel":"","context":"Similar post","block_context":{"text":"Similar post","link":""},"img":{"alt_text":"","src":"","width":0,"height":0},"classes":[]}],"_links":{"self":[{"href":"https:\/\/sakaba.mghosteur.com\/en\/wp-json\/wp\/v2\/product\/24853","targetHints":{"allow":["GET"]}}],"collection":[{"href":"https:\/\/sakaba.mghosteur.com\/en\/wp-json\/wp\/v2\/product"}],"about":[{"href":"https:\/\/sakaba.mghosteur.com\/en\/wp-json\/wp\/v2\/types\/product"}],"replies":[{"embeddable":true,"href":"https:\/\/sakaba.mghosteur.com\/en\/wp-json\/wp\/v2\/comments?post=24853"}],"version-history":[{"count":0,"href":"https:\/\/sakaba.mghosteur.com\/en\/wp-json\/wp\/v2\/product\/24853\/revisions"}],"wp:attachment":[{"href":"https:\/\/sakaba.mghosteur.com\/en\/wp-json\/wp\/v2\/media?parent=24853"}],"wp:term":[{"taxonomy":"product_brand","embeddable":true,"href":"https:\/\/sakaba.mghosteur.com\/en\/wp-json\/wp\/v2\/product_brand?post=24853"},{"taxonomy":"product_cat","embeddable":true,"href":"https:\/\/sakaba.mghosteur.com\/en\/wp-json\/wp\/v2\/product_cat?post=24853"},{"taxonomy":"product_tag","embeddable":true,"href":"https:\/\/sakaba.mghosteur.com\/en\/wp-json\/wp\/v2\/product_tag?post=24853"}],"curies":[{"name":"wp","href":"https:\/\/api.w.org\/{rel}","templated":true}]}}