{"id":24884,"date":"2022-11-11T10:32:18","date_gmt":"2022-11-11T10:32:18","guid":{"rendered":"http:\/\/www.sakababeauty.com\/?post_type=product&#038;p=24884"},"modified":"2023-03-06T17:58:44","modified_gmt":"2023-03-06T17:58:44","slug":"la-roche-posay-lipika-balm-ap","status":"publish","type":"product","link":"https:\/\/sakaba.mghosteur.com\/en\/product\/la-roche-posay-lipika-balm-ap\/","title":{"rendered":"La Roche-Posay Lipika Balm AP+"},"content":{"rendered":"<p>D\u00e9couvrez Lipikar Balm AP+ Body Cream for Extra Dry Skin de La Roche-Posay, une cr\u00e8me hydratante sp\u00e9cialement con\u00e7ue pour nourrir en profondeur les peaux s\u00e8ches et sensibles. Cette cr\u00e8me pour le corps est enrichie en niacinamide et beurre de karit\u00e9 pour offrir une hydratation longue dur\u00e9e et apaiser les sympt\u00f4mes d&#8217;ecz\u00e9ma, d&#8217;hypersensibilit\u00e9 et de s\u00e9cheresse. Sa texture onctueuse et sa formule non grasse laissent votre peau douce et soyeuse tout au long de l&#8217;ann\u00e9e.<\/p>\n<p>Cliniquement prouv\u00e9e pour r\u00e9duire les peaux s\u00e8ches et rugueuses, Lipikar Balm AP+ est une cr\u00e8me pour tout le corps qui convient m\u00eame aux peaux les plus d\u00e9licates. Elle est \u00e9galement accept\u00e9e par la National Eczema Association et recommand\u00e9e par les dermatologues et les p\u00e9diatres. Offrez \u00e0 votre peau l&#8217;hydratation qu&#8217;elle m\u00e9rite avec Lipikar Balm AP+ de La Roche-Posay.<\/p>","protected":false},"excerpt":{"rendered":"<p>D\u00e9couvrez Lipikar Balm AP+ Body Cream for Extra Dry Skin de La Roche-Posay, une cr\u00e8me hydratante sp\u00e9cialement con\u00e7ue pour nourrir en profondeur les peaux s\u00e8ches et sensibles. Cette cr\u00e8me pour le corps est enrichie en niacinamide et beurre de karit\u00e9 pour offrir une hydratation longue dur\u00e9e et apaiser les sympt\u00f4mes d&#8217;ecz\u00e9ma, d&#8217;hypersensibilit\u00e9 et de s\u00e9cheresse.<span class=\"read-more-faq\"><a href=\"https:\/\/sakaba.mghosteur.com\/en\/product\/la-roche-posay-lipika-balm-ap\/\">Read More<\/a><\/span><\/p>","protected":false},"featured_media":0,"comment_status":"closed","ping_status":"closed","template":"","meta":[],"product_brand":[],"product_cat":[355,450],"product_tag":[],"class_list":{"0":"post-24884","1":"product","2":"type-product","3":"status-publish","5":"product_cat-hydratant-corps","6":"product_cat-soin-de-la-peau","8":"first","9":"instock","10":"shipping-taxable","11":"product-type-simple"},"jetpack-related-posts":[],"_links":{"self":[{"href":"https:\/\/sakaba.mghosteur.com\/en\/wp-json\/wp\/v2\/product\/24884","targetHints":{"allow":["GET"]}}],"collection":[{"href":"https:\/\/sakaba.mghosteur.com\/en\/wp-json\/wp\/v2\/product"}],"about":[{"href":"https:\/\/sakaba.mghosteur.com\/en\/wp-json\/wp\/v2\/types\/product"}],"replies":[{"embeddable":true,"href":"https:\/\/sakaba.mghosteur.com\/en\/wp-json\/wp\/v2\/comments?post=24884"}],"version-history":[{"count":0,"href":"https:\/\/sakaba.mghosteur.com\/en\/wp-json\/wp\/v2\/product\/24884\/revisions"}],"wp:attachment":[{"href":"https:\/\/sakaba.mghosteur.com\/en\/wp-json\/wp\/v2\/media?parent=24884"}],"wp:term":[{"taxonomy":"product_brand","embeddable":true,"href":"https:\/\/sakaba.mghosteur.com\/en\/wp-json\/wp\/v2\/product_brand?post=24884"},{"taxonomy":"product_cat","embeddable":true,"href":"https:\/\/sakaba.mghosteur.com\/en\/wp-json\/wp\/v2\/product_cat?post=24884"},{"taxonomy":"product_tag","embeddable":true,"href":"https:\/\/sakaba.mghosteur.com\/en\/wp-json\/wp\/v2\/product_tag?post=24884"}],"curies":[{"name":"wp","href":"https:\/\/api.w.org\/{rel}","templated":true}]}}