{"id":24894,"date":"2022-11-11T10:40:30","date_gmt":"2022-11-11T10:40:30","guid":{"rendered":"http:\/\/www.sakababeauty.com\/?post_type=product&#038;p=24894"},"modified":"2022-11-11T10:40:31","modified_gmt":"2022-11-11T10:40:31","slug":"trunature-prostate-plus-health-complex","status":"publish","type":"product","link":"https:\/\/sakaba.mghosteur.com\/en\/product\/trunature-prostate-plus-health-complex\/","title":{"rendered":"TRUNATURE PROSTATE PLUS HEALTH COMPLEX"},"content":{"rendered":"","protected":false},"excerpt":{"rendered":"","protected":false},"featured_media":0,"comment_status":"closed","ping_status":"closed","template":"","meta":[],"product_brand":[],"product_cat":[381],"product_tag":[],"class_list":{"0":"post-24894","1":"product","2":"type-product","3":"status-publish","5":"product_cat-vitamine-et-complements","7":"first","8":"instock","9":"shipping-taxable","10":"product-type-simple"},"jetpack-related-posts":[{"id":25098,"url":"https:\/\/sakaba.mghosteur.com\/en\/product\/trunature-coq10\/","url_meta":{"origin":24894,"position":0},"title":"TRUNATURE COQ10","author":"admin","date":"November 11, 2022","format":false,"excerpt":"","rel":"","context":"Similar post","block_context":{"text":"Similar post","link":""},"img":{"alt_text":"","src":"","width":0,"height":0},"classes":[]},{"id":24285,"url":"https:\/\/sakaba.mghosteur.com\/en\/product\/the-ordinary-hair-care-multi-peptide-serum\/","url_meta":{"origin":24894,"position":1},"title":"THE ORDINARY LASH AND BROW SERUM","author":"admin","date":"November 9, 2022","format":false,"excerpt":"Obtenez des cils et des sourcils plus \u00e9pais et plus sains avec le s\u00e9rum multi-peptide pour les cils et les sourcils de The Ordinary. Cette formule l\u00e9g\u00e8re et non grasse contient 11 ingr\u00e9dients actifs, dont quatre complexes peptidiques et une s\u00e9rie d'extraits naturels, pour aider \u00e0 nourrir et \u00e0 prot\u00e9ger\u2026","rel":"","context":"Similar post","block_context":{"text":"Similar post","link":""},"img":{"alt_text":"","src":"","width":0,"height":0},"classes":[]},{"id":28064,"url":"https:\/\/sakaba.mghosteur.com\/en\/product\/naturium-vitamin-c-complex-serum\/","url_meta":{"origin":24894,"position":2},"title":"NATURIUM VITAMIN C COMPLEX SERUM","author":"admin","date":"November 29, 2022","format":false,"excerpt":"Le puissant s\u00e9rum \u00e0 la vitamine C est formul\u00e9 avec un complexe de vitamine C \u00e0 base d'or et d'acide L-ascorbique hautement stabilis\u00e9, du phosphate d'ascorbyle de sodium et un m\u00e9lange de fruits bioactifs qui aide \u00e0 d\u00e9fendre la peau contre les facteurs de stress environnementaux, favorisant ainsi une peau\u2026","rel":"","context":"Similar post","block_context":{"text":"Similar post","link":""},"img":{"alt_text":"","src":"","width":0,"height":0},"classes":[]},{"id":26340,"url":"https:\/\/sakaba.mghosteur.com\/en\/product\/paula-choice-omega-complex-serum\/","url_meta":{"origin":24894,"position":3},"title":"PAULA CHOICE OMEGA + COMPLEX SERUM","author":"admin","date":"November 25, 2022","format":false,"excerpt":"Le S\u00e9rum Complexe Om\u00e9ga+ est un produit de soin pour la peau qui agit comme un super aliment pour la peau. Gr\u00e2ce aux acides gras om\u00e9ga qu'il contient, ce s\u00e9rum renforce la surface de votre peau en lui apportant les nutriments essentiels pour une peau saine, hydrat\u00e9e et visiblement plus\u2026","rel":"","context":"Similar post","block_context":{"text":"Similar post","link":""},"img":{"alt_text":"","src":"","width":0,"height":0},"classes":[]},{"id":31865,"url":"https:\/\/sakaba.mghosteur.com\/en\/product\/olay-vitamin-c-lait-de-corps\/","url_meta":{"origin":24894,"position":4},"title":"OLAY VITAMIN C LAIT DE CORPS","author":"admin","date":"May 10, 2024","format":false,"excerpt":"Qui ne voudrait pas d\u2019un teint plus \u00e9clatant ? Illuminez votre peau terne avec la lotion revitalisante et hydratante pour les mains et le corps d\u2019Olay. Cette lotion hydratante a une formule riche en nutriments \u00e9labor\u00e9e avec de la vitamine C et notre complexe de vitamine B3 et a \u00e9t\u00e9\u2026","rel":"","context":"Similar post","block_context":{"text":"Similar post","link":""},"img":{"alt_text":"","src":"","width":0,"height":0},"classes":[]},{"id":27657,"url":"https:\/\/sakaba.mghosteur.com\/en\/product\/carrot-vitamin-c-vitamin-c-serum\/","url_meta":{"origin":24894,"position":5},"title":"40 CARROT VITAMIN SERUM + VITAMIN C","author":"admin","date":"November 29, 2022","format":false,"excerpt":"Soins de la peau riches en r\u00e9tinol 40 Carrots contiennent un complexe exclusif Betanol Age-Radiance. Ce complexe unique est une combinaison de b\u00eata-carot\u00e8ne \u00e9claircissant et de r\u00e9tinol (vitamine A) antirides recommand\u00e9 par les dermatologues. Ce puissant combo aide \u00e0 r\u00e9duire l'apparence des ridules et des rides tout en lissant le\u2026","rel":"","context":"Similar post","block_context":{"text":"Similar post","link":""},"img":{"alt_text":"","src":"","width":0,"height":0},"classes":[]}],"_links":{"self":[{"href":"https:\/\/sakaba.mghosteur.com\/en\/wp-json\/wp\/v2\/product\/24894","targetHints":{"allow":["GET"]}}],"collection":[{"href":"https:\/\/sakaba.mghosteur.com\/en\/wp-json\/wp\/v2\/product"}],"about":[{"href":"https:\/\/sakaba.mghosteur.com\/en\/wp-json\/wp\/v2\/types\/product"}],"replies":[{"embeddable":true,"href":"https:\/\/sakaba.mghosteur.com\/en\/wp-json\/wp\/v2\/comments?post=24894"}],"version-history":[{"count":0,"href":"https:\/\/sakaba.mghosteur.com\/en\/wp-json\/wp\/v2\/product\/24894\/revisions"}],"wp:attachment":[{"href":"https:\/\/sakaba.mghosteur.com\/en\/wp-json\/wp\/v2\/media?parent=24894"}],"wp:term":[{"taxonomy":"product_brand","embeddable":true,"href":"https:\/\/sakaba.mghosteur.com\/en\/wp-json\/wp\/v2\/product_brand?post=24894"},{"taxonomy":"product_cat","embeddable":true,"href":"https:\/\/sakaba.mghosteur.com\/en\/wp-json\/wp\/v2\/product_cat?post=24894"},{"taxonomy":"product_tag","embeddable":true,"href":"https:\/\/sakaba.mghosteur.com\/en\/wp-json\/wp\/v2\/product_tag?post=24894"}],"curies":[{"name":"wp","href":"https:\/\/api.w.org\/{rel}","templated":true}]}}