{"id":24896,"date":"2022-11-11T10:41:45","date_gmt":"2022-11-11T10:41:45","guid":{"rendered":"http:\/\/www.sakababeauty.com\/?post_type=product&#038;p=24896"},"modified":"2022-11-11T10:41:45","modified_gmt":"2022-11-11T10:41:45","slug":"vicks-dayquil-cold-flu","status":"publish","type":"product","link":"https:\/\/sakaba.mghosteur.com\/en\/product\/vicks-dayquil-cold-flu\/","title":{"rendered":"VICKS DAYQUIL COLD &#038; FLU"},"content":{"rendered":"","protected":false},"excerpt":{"rendered":"","protected":false},"featured_media":0,"comment_status":"closed","ping_status":"closed","template":"","meta":[],"product_brand":[],"product_cat":[381],"product_tag":[],"class_list":{"0":"post-24896","1":"product","2":"type-product","3":"status-publish","5":"product_cat-vitamine-et-complements","7":"first","8":"instock","9":"shipping-taxable","10":"product-type-simple"},"jetpack-related-posts":[{"id":24903,"url":"https:\/\/sakaba.mghosteur.com\/en\/product\/vicks-nyquil-cold-flu\/","url_meta":{"origin":24896,"position":0},"title":"VICKS NYQUIL COLD &#038;FLU","author":"admin","date":"November 11, 2022","format":false,"excerpt":"","rel":"","context":"Similar post","block_context":{"text":"Similar post","link":""},"img":{"alt_text":"","src":"","width":0,"height":0},"classes":[]},{"id":29269,"url":"https:\/\/sakaba.mghosteur.com\/en\/product\/pure-cold-pressed-rosehip-seed-oil\/","url_meta":{"origin":24896,"position":1},"title":"PURE COLD-PRESSED ROSEHIP SEED OIL","author":"admin","date":"March 22, 2023","format":false,"excerpt":"D\u00e9couvrez l'Huile de Graines de Rose Musqu\u00e9e Pure Press\u00e9e \u00e0 Froid de Good Molecules - un produit de soin de la peau naturel et durable pour le visage. Cette huile l\u00e9g\u00e8re et hydratante est riche en antioxydants, en vitamine A naturelle et aide \u00e0 restaurer l'\u00e9lasticit\u00e9 de la peau. Cultiv\u00e9e\u2026","rel":"","context":"Similar post","block_context":{"text":"Similar post","link":""},"img":{"alt_text":"","src":"","width":0,"height":0},"classes":[]},{"id":28199,"url":"https:\/\/sakaba.mghosteur.com\/en\/product\/100-organic-cold-pressed-rose-hip-seed-oil\/","url_meta":{"origin":24896,"position":2},"title":"THE ORDINARY 100% ORGANIC COLD-PRESSED  ROSE HIP SEED OIL","author":"admin","date":"November 30, 2022","format":false,"excerpt":"L'huile de graines de rose musqu\u00e9e 100 % biologique press\u00e9e \u00e0 froid de la marque The Ordinary est un produit de soin de la peau naturel et puissant. Cette huile hydratante est con\u00e7ue pour lutter contre les signes du vieillissement et \u00e9claircir et \u00e9quilibrer le teint de mani\u00e8re naturelle. Elle\u2026","rel":"","context":"Similar post","block_context":{"text":"Similar post","link":""},"img":{"alt_text":"","src":"","width":0,"height":0},"classes":[]}],"_links":{"self":[{"href":"https:\/\/sakaba.mghosteur.com\/en\/wp-json\/wp\/v2\/product\/24896","targetHints":{"allow":["GET"]}}],"collection":[{"href":"https:\/\/sakaba.mghosteur.com\/en\/wp-json\/wp\/v2\/product"}],"about":[{"href":"https:\/\/sakaba.mghosteur.com\/en\/wp-json\/wp\/v2\/types\/product"}],"replies":[{"embeddable":true,"href":"https:\/\/sakaba.mghosteur.com\/en\/wp-json\/wp\/v2\/comments?post=24896"}],"version-history":[{"count":0,"href":"https:\/\/sakaba.mghosteur.com\/en\/wp-json\/wp\/v2\/product\/24896\/revisions"}],"wp:attachment":[{"href":"https:\/\/sakaba.mghosteur.com\/en\/wp-json\/wp\/v2\/media?parent=24896"}],"wp:term":[{"taxonomy":"product_brand","embeddable":true,"href":"https:\/\/sakaba.mghosteur.com\/en\/wp-json\/wp\/v2\/product_brand?post=24896"},{"taxonomy":"product_cat","embeddable":true,"href":"https:\/\/sakaba.mghosteur.com\/en\/wp-json\/wp\/v2\/product_cat?post=24896"},{"taxonomy":"product_tag","embeddable":true,"href":"https:\/\/sakaba.mghosteur.com\/en\/wp-json\/wp\/v2\/product_tag?post=24896"}],"curies":[{"name":"wp","href":"https:\/\/api.w.org\/{rel}","templated":true}]}}