{"id":24915,"date":"2022-11-11T10:49:06","date_gmt":"2022-11-11T10:49:06","guid":{"rendered":"http:\/\/www.sakababeauty.com\/?post_type=product&#038;p=24915"},"modified":"2022-11-11T10:49:07","modified_gmt":"2022-11-11T10:49:07","slug":"centrum-men-120-tablets-multivitamin","status":"publish","type":"product","link":"https:\/\/sakaba.mghosteur.com\/en\/product\/centrum-men-120-tablets-multivitamin\/","title":{"rendered":"CENTRUM MEN 120 TABLETS MULTIVITAMIN"},"content":{"rendered":"","protected":false},"excerpt":{"rendered":"","protected":false},"featured_media":0,"comment_status":"closed","ping_status":"closed","template":"","meta":[],"product_brand":[],"product_cat":[381],"product_tag":[],"class_list":{"0":"post-24915","1":"product","2":"type-product","3":"status-publish","5":"product_cat-vitamine-et-complements","7":"first","8":"instock","9":"shipping-taxable","10":"product-type-simple"},"jetpack-related-posts":[{"id":24932,"url":"https:\/\/sakaba.mghosteur.com\/en\/product\/centrum-silver-65-tablets-multivitamin-men-50\/","url_meta":{"origin":24915,"position":0},"title":"CENTRUM SILVER 65 TABLETS MULTIVITAMIN  MEN 50+","author":"admin","date":"November 11, 2022","format":false,"excerpt":"","rel":"","context":"Similar post","block_context":{"text":"Similar post","link":""},"img":{"alt_text":"","src":"","width":0,"height":0},"classes":[]},{"id":32842,"url":"https:\/\/sakaba.mghosteur.com\/en\/product\/centrum-women-120-tablets-multivitamin-supplement\/","url_meta":{"origin":24915,"position":1},"title":"CENTRUM WOMEN 120 TABLETS MULTIVITAMIN SUPPLEMENT","author":"admin","date":"May 16, 2024","format":false,"excerpt":"Compl\u00e9ment multivitamin\u00e9\/multimin\u00e9ral contenant des micronutriments pour nourrir vos cellules et aider \u00e0 soutenir le bien-\u00eatre de tout le corps. Cette vitamine pour femmes avec fer contient des nutriments essentiels, notamment de la vitamine D et du calcium pour soutenir des os solides et des vitamines B pour aider \u00e0 promouvoir\u2026","rel":"","context":"Similar post","block_context":{"text":"Similar post","link":""},"img":{"alt_text":"","src":"","width":0,"height":0},"classes":[]},{"id":32833,"url":"https:\/\/sakaba.mghosteur.com\/en\/product\/centrum-silver-men-50-100-tablets\/","url_meta":{"origin":24915,"position":2},"title":"CENTRUM SILVER MEN 50+ 100 TABLETS","author":"admin","date":"May 16, 2024","format":false,"excerpt":"Compl\u00e9ment multivitamin\u00e9 et multimin\u00e9ral contenant des vitamines et des min\u00e9raux con\u00e7us pour r\u00e9pondre aux besoins nutritionnels des hommes de plus de 50 ans. Le compl\u00e9ment est destin\u00e9 \u00e0 aider les hommes \u00e0 maintenir un mode de vie actif \u00e0 mesure qu'ils vieillissent en soutenant leur sant\u00e9 et leur bien-\u00eatre g\u00e9n\u00e9ral.\u2026","rel":"","context":"Similar post","block_context":{"text":"Similar post","link":""},"img":{"alt_text":"","src":"","width":0,"height":0},"classes":[]},{"id":32839,"url":"https:\/\/sakaba.mghosteur.com\/en\/product\/centrum-silvermen-men-50\/","url_meta":{"origin":24915,"position":3},"title":"CENTRUM SILVER MEN  50+ 100 TABLETS","author":"admin","date":"May 16, 2024","format":false,"excerpt":"Compl\u00e9ment multivitamin\u00e9 et multimin\u00e9ral quotidien pour hommes de plus de 50 ans contenant des vitamines et des min\u00e9raux pour favoriser la sant\u00e9 et le bien-\u00eatre g\u00e9n\u00e9ral. Il est con\u00e7u pour aider les hommes \u00e0 maintenir un mode de vie actif \u00e0 mesure qu'ils vieillissent en soutenant\u00a0: Sant\u00e9 musculaire\u00a0: vitamine D,\u2026","rel":"","context":"Similar post","block_context":{"text":"Similar post","link":""},"img":{"alt_text":"","src":"","width":0,"height":0},"classes":[]},{"id":28815,"url":"https:\/\/sakaba.mghosteur.com\/en\/product\/centrum-silver-multivitamin-50men\/","url_meta":{"origin":24915,"position":4},"title":"CENTRUM SILVER MULTIVITAMIN 50+MEN","author":"admin","date":"December 12, 2022","format":false,"excerpt":"","rel":"","context":"Similar post","block_context":{"text":"Similar post","link":""},"img":{"alt_text":"","src":"","width":0,"height":0},"classes":[]},{"id":32830,"url":"https:\/\/sakaba.mghosteur.com\/en\/product\/centrum-silver-65-tablets-multivitamin-supplement\/","url_meta":{"origin":24915,"position":5},"title":"CENTRUM SILVER 65 TABLETS MULTIVITAMIN SUPPLEMENT","author":"admin","date":"May 16, 2024","format":false,"excerpt":"Compl\u00e9ment multivitamin\u00e9\/multimin\u00e9ral contenant des micronutriments pour nourrir vos cellules et aider \u00e0 soutenir le bien-\u00eatre de tout le corps. Cette vitamine pour femmes avec fer contient des nutriments essentiels, notamment de la vitamine D et du calcium pour soutenir des os solides et des vitamines B pour aider \u00e0 promouvoir\u2026","rel":"","context":"Similar post","block_context":{"text":"Similar post","link":""},"img":{"alt_text":"","src":"","width":0,"height":0},"classes":[]}],"_links":{"self":[{"href":"https:\/\/sakaba.mghosteur.com\/en\/wp-json\/wp\/v2\/product\/24915","targetHints":{"allow":["GET"]}}],"collection":[{"href":"https:\/\/sakaba.mghosteur.com\/en\/wp-json\/wp\/v2\/product"}],"about":[{"href":"https:\/\/sakaba.mghosteur.com\/en\/wp-json\/wp\/v2\/types\/product"}],"replies":[{"embeddable":true,"href":"https:\/\/sakaba.mghosteur.com\/en\/wp-json\/wp\/v2\/comments?post=24915"}],"version-history":[{"count":0,"href":"https:\/\/sakaba.mghosteur.com\/en\/wp-json\/wp\/v2\/product\/24915\/revisions"}],"wp:attachment":[{"href":"https:\/\/sakaba.mghosteur.com\/en\/wp-json\/wp\/v2\/media?parent=24915"}],"wp:term":[{"taxonomy":"product_brand","embeddable":true,"href":"https:\/\/sakaba.mghosteur.com\/en\/wp-json\/wp\/v2\/product_brand?post=24915"},{"taxonomy":"product_cat","embeddable":true,"href":"https:\/\/sakaba.mghosteur.com\/en\/wp-json\/wp\/v2\/product_cat?post=24915"},{"taxonomy":"product_tag","embeddable":true,"href":"https:\/\/sakaba.mghosteur.com\/en\/wp-json\/wp\/v2\/product_tag?post=24915"}],"curies":[{"name":"wp","href":"https:\/\/api.w.org\/{rel}","templated":true}]}}