{"id":24941,"date":"2022-11-11T11:00:18","date_gmt":"2022-11-11T11:00:18","guid":{"rendered":"http:\/\/www.sakababeauty.com\/?post_type=product&#038;p=24941"},"modified":"2022-11-11T11:00:18","modified_gmt":"2022-11-11T11:00:18","slug":"osteo-bi-flex-joint-health-glucosamine-with-joint","status":"publish","type":"product","link":"https:\/\/sakaba.mghosteur.com\/en\/product\/osteo-bi-flex-joint-health-glucosamine-with-joint\/","title":{"rendered":"OSTEO BI FLEX JOINT HEALTH GLUCOSAMINE WITH JOINT"},"content":{"rendered":"","protected":false},"excerpt":{"rendered":"","protected":false},"featured_media":0,"comment_status":"closed","ping_status":"closed","template":"","meta":[],"product_brand":[],"product_cat":[381],"product_tag":[],"class_list":{"0":"post-24941","1":"product","2":"type-product","3":"status-publish","5":"product_cat-vitamine-et-complements","7":"first","8":"instock","9":"shipping-taxable","10":"product-type-simple"},"jetpack-related-posts":[{"id":24894,"url":"https:\/\/sakaba.mghosteur.com\/en\/product\/trunature-prostate-plus-health-complex\/","url_meta":{"origin":24941,"position":0},"title":"TRUNATURE PROSTATE PLUS HEALTH COMPLEX","author":"admin","date":"November 11, 2022","format":false,"excerpt":"","rel":"","context":"Similar post","block_context":{"text":"Similar post","link":""},"img":{"alt_text":"","src":"","width":0,"height":0},"classes":[]},{"id":25107,"url":"https:\/\/sakaba.mghosteur.com\/en\/product\/nature-made-diabetes-health-pack\/","url_meta":{"origin":24941,"position":1},"title":"NATURE MADE DIABETES HEALTH PACK","author":"admin","date":"November 11, 2022","format":false,"excerpt":"","rel":"","context":"Similar post","block_context":{"text":"Similar post","link":""},"img":{"alt_text":"","src":"","width":0,"height":0},"classes":[]},{"id":29018,"url":"https:\/\/sakaba.mghosteur.com\/en\/product\/cerave-comforting-eye-makeup-remove\/","url_meta":{"origin":24941,"position":2},"title":"CERAVE COMFORTING EYE MAKEUP REMOVE","author":"admin","date":"March 9, 2023","format":false,"excerpt":"Le d\u00e9maquillant yeux r\u00e9confortant de CeraVe est un choix id\u00e9al pour enlever en douceur votre maquillage des yeux tenace tout en prenant soin de votre peau d\u00e9licate. Sa formule bi-phase \u00e0 la texture douce et laiteuse \u00e9limine rapidement et facilement le maquillage, y compris le mascara imperm\u00e9able et le maquillage\u2026","rel":"","context":"Similar post","block_context":{"text":"Similar post","link":""},"img":{"alt_text":"","src":"","width":0,"height":0},"classes":[]},{"id":27100,"url":"https:\/\/sakaba.mghosteur.com\/en\/product\/beard-oil-with-grotein\/","url_meta":{"origin":24941,"position":3},"title":"Beard oil with grotein","author":"admin","date":"November 28, 2022","format":false,"excerpt":"","rel":"","context":"Similar post","block_context":{"text":"Similar post","link":""},"img":{"alt_text":"","src":"","width":0,"height":0},"classes":[]},{"id":25206,"url":"https:\/\/sakaba.mghosteur.com\/en\/product\/puritans-pride-c-1000mg-with-bioflavonoids\/","url_meta":{"origin":24941,"position":4},"title":"PURITAN&#8217;S PRIDE C 1000MG WITH BIOFLAVONOIDS","author":"admin","date":"November 14, 2022","format":false,"excerpt":"","rel":"","context":"Similar post","block_context":{"text":"Similar post","link":""},"img":{"alt_text":"","src":"","width":0,"height":0},"classes":[]},{"id":27232,"url":"https:\/\/sakaba.mghosteur.com\/en\/product\/beard-serum-with-grotein\/","url_meta":{"origin":24941,"position":5},"title":"Beard serum with Grotein","author":"admin","date":"November 29, 2022","format":false,"excerpt":"","rel":"","context":"Similar post","block_context":{"text":"Similar post","link":""},"img":{"alt_text":"","src":"","width":0,"height":0},"classes":[]}],"_links":{"self":[{"href":"https:\/\/sakaba.mghosteur.com\/en\/wp-json\/wp\/v2\/product\/24941","targetHints":{"allow":["GET"]}}],"collection":[{"href":"https:\/\/sakaba.mghosteur.com\/en\/wp-json\/wp\/v2\/product"}],"about":[{"href":"https:\/\/sakaba.mghosteur.com\/en\/wp-json\/wp\/v2\/types\/product"}],"replies":[{"embeddable":true,"href":"https:\/\/sakaba.mghosteur.com\/en\/wp-json\/wp\/v2\/comments?post=24941"}],"version-history":[{"count":0,"href":"https:\/\/sakaba.mghosteur.com\/en\/wp-json\/wp\/v2\/product\/24941\/revisions"}],"wp:attachment":[{"href":"https:\/\/sakaba.mghosteur.com\/en\/wp-json\/wp\/v2\/media?parent=24941"}],"wp:term":[{"taxonomy":"product_brand","embeddable":true,"href":"https:\/\/sakaba.mghosteur.com\/en\/wp-json\/wp\/v2\/product_brand?post=24941"},{"taxonomy":"product_cat","embeddable":true,"href":"https:\/\/sakaba.mghosteur.com\/en\/wp-json\/wp\/v2\/product_cat?post=24941"},{"taxonomy":"product_tag","embeddable":true,"href":"https:\/\/sakaba.mghosteur.com\/en\/wp-json\/wp\/v2\/product_tag?post=24941"}],"curies":[{"name":"wp","href":"https:\/\/api.w.org\/{rel}","templated":true}]}}