{"id":24943,"date":"2022-11-11T11:02:45","date_gmt":"2022-11-11T11:02:45","guid":{"rendered":"http:\/\/www.sakababeauty.com\/?post_type=product&#038;p=24943"},"modified":"2022-11-11T11:02:45","modified_gmt":"2022-11-11T11:02:45","slug":"one-a-day-womens-multivitamin","status":"publish","type":"product","link":"https:\/\/sakaba.mghosteur.com\/en\/product\/one-a-day-womens-multivitamin\/","title":{"rendered":"ONE A DAY WOMEN&#8217;s multivitamin"},"content":{"rendered":"","protected":false},"excerpt":{"rendered":"","protected":false},"featured_media":0,"comment_status":"closed","ping_status":"closed","template":"","meta":[],"product_brand":[],"product_cat":[381],"product_tag":[],"class_list":{"0":"post-24943","1":"product","2":"type-product","3":"status-publish","5":"product_cat-vitamine-et-complements","7":"first","8":"instock","9":"shipping-taxable","10":"product-type-simple"},"jetpack-related-posts":[{"id":24945,"url":"https:\/\/sakaba.mghosteur.com\/en\/product\/one-a-day-multivitamin-women-50\/","url_meta":{"origin":24943,"position":0},"title":"ONE A DAY MULTIVITAMIN  WOMEN 50+","author":"admin","date":"November 11, 2022","format":false,"excerpt":"","rel":"","context":"Similar post","block_context":{"text":"Similar post","link":""},"img":{"alt_text":"","src":"","width":0,"height":0},"classes":[]},{"id":34405,"url":"https:\/\/sakaba.mghosteur.com\/en\/product\/one-a-day-multivitamin-mens-50-100-tablets\/","url_meta":{"origin":24943,"position":1},"title":"ONE A DAY MULTIVITAMIN MEN&#8217;S 50+ 100 TABLETS","author":"admin","date":"May 28, 2024","format":false,"excerpt":"","rel":"","context":"Similar post","block_context":{"text":"Similar post","link":""},"img":{"alt_text":"","src":"","width":0,"height":0},"classes":[]},{"id":32812,"url":"https:\/\/sakaba.mghosteur.com\/en\/product\/centrum-200tablets-multivitamin-adults\/","url_meta":{"origin":24943,"position":2},"title":"CENTRUM 200TABLETS MULTIVITAMIN ADULTS","author":"admin","date":"May 16, 2024","format":false,"excerpt":"Compl\u00e9ment multivitamin\u00e9\/multimin\u00e9ral complet formul\u00e9 pour les adultes. Ce compl\u00e9ment multivitamin\u00e9 quotidien pour adultes contient 23 micronutriments, dont de la vitamine D3. Ces vitamines pour adultes contiennent \u00e9galement des vitamines B et du fer pour aider \u00e0 soutenir les niveaux d'\u00e9nergie quotidiens et \u00e0 favoriser le m\u00e9tabolisme des macronutriments, ainsi que\u2026","rel":"","context":"Similar post","block_context":{"text":"Similar post","link":""},"img":{"alt_text":"","src":"","width":0,"height":0},"classes":[]},{"id":32830,"url":"https:\/\/sakaba.mghosteur.com\/en\/product\/centrum-silver-65-tablets-multivitamin-supplement\/","url_meta":{"origin":24943,"position":3},"title":"CENTRUM SILVER 65 TABLETS MULTIVITAMIN SUPPLEMENT","author":"admin","date":"May 16, 2024","format":false,"excerpt":"Compl\u00e9ment multivitamin\u00e9\/multimin\u00e9ral contenant des micronutriments pour nourrir vos cellules et aider \u00e0 soutenir le bien-\u00eatre de tout le corps. Cette vitamine pour femmes avec fer contient des nutriments essentiels, notamment de la vitamine D et du calcium pour soutenir des os solides et des vitamines B pour aider \u00e0 promouvoir\u2026","rel":"","context":"Similar post","block_context":{"text":"Similar post","link":""},"img":{"alt_text":"","src":"","width":0,"height":0},"classes":[]},{"id":32842,"url":"https:\/\/sakaba.mghosteur.com\/en\/product\/centrum-women-120-tablets-multivitamin-supplement\/","url_meta":{"origin":24943,"position":4},"title":"CENTRUM WOMEN 120 TABLETS MULTIVITAMIN SUPPLEMENT","author":"admin","date":"May 16, 2024","format":false,"excerpt":"Compl\u00e9ment multivitamin\u00e9\/multimin\u00e9ral contenant des micronutriments pour nourrir vos cellules et aider \u00e0 soutenir le bien-\u00eatre de tout le corps. Cette vitamine pour femmes avec fer contient des nutriments essentiels, notamment de la vitamine D et du calcium pour soutenir des os solides et des vitamines B pour aider \u00e0 promouvoir\u2026","rel":"","context":"Similar post","block_context":{"text":"Similar post","link":""},"img":{"alt_text":"","src":"","width":0,"height":0},"classes":[]},{"id":34402,"url":"https:\/\/sakaba.mghosteur.com\/en\/product\/one-a-day-mens-300tablets\/","url_meta":{"origin":24943,"position":5},"title":"ONE A DAY MEN&#8217;S 300TABLETS","author":"admin","date":"May 28, 2024","format":false,"excerpt":"","rel":"","context":"Similar post","block_context":{"text":"Similar post","link":""},"img":{"alt_text":"","src":"","width":0,"height":0},"classes":[]}],"_links":{"self":[{"href":"https:\/\/sakaba.mghosteur.com\/en\/wp-json\/wp\/v2\/product\/24943","targetHints":{"allow":["GET"]}}],"collection":[{"href":"https:\/\/sakaba.mghosteur.com\/en\/wp-json\/wp\/v2\/product"}],"about":[{"href":"https:\/\/sakaba.mghosteur.com\/en\/wp-json\/wp\/v2\/types\/product"}],"replies":[{"embeddable":true,"href":"https:\/\/sakaba.mghosteur.com\/en\/wp-json\/wp\/v2\/comments?post=24943"}],"version-history":[{"count":0,"href":"https:\/\/sakaba.mghosteur.com\/en\/wp-json\/wp\/v2\/product\/24943\/revisions"}],"wp:attachment":[{"href":"https:\/\/sakaba.mghosteur.com\/en\/wp-json\/wp\/v2\/media?parent=24943"}],"wp:term":[{"taxonomy":"product_brand","embeddable":true,"href":"https:\/\/sakaba.mghosteur.com\/en\/wp-json\/wp\/v2\/product_brand?post=24943"},{"taxonomy":"product_cat","embeddable":true,"href":"https:\/\/sakaba.mghosteur.com\/en\/wp-json\/wp\/v2\/product_cat?post=24943"},{"taxonomy":"product_tag","embeddable":true,"href":"https:\/\/sakaba.mghosteur.com\/en\/wp-json\/wp\/v2\/product_tag?post=24943"}],"curies":[{"name":"wp","href":"https:\/\/api.w.org\/{rel}","templated":true}]}}