{"id":24959,"date":"2022-11-11T11:15:11","date_gmt":"2022-11-11T11:15:11","guid":{"rendered":"http:\/\/www.sakababeauty.com\/?post_type=product&#038;p=24959"},"modified":"2022-11-11T11:15:12","modified_gmt":"2022-11-11T11:15:12","slug":"now-fenugreek-500mg","status":"publish","type":"product","link":"https:\/\/sakaba.mghosteur.com\/en\/product\/now-fenugreek-500mg\/","title":{"rendered":"NOW FENUGREEK 500MG"},"content":{"rendered":"","protected":false},"excerpt":{"rendered":"","protected":false},"featured_media":0,"comment_status":"closed","ping_status":"closed","template":"","meta":[],"product_brand":[],"product_cat":[381],"product_tag":[],"class_list":{"0":"post-24959","1":"product","2":"type-product","3":"status-publish","5":"product_cat-vitamine-et-complements","7":"first","8":"instock","9":"shipping-taxable","10":"product-type-simple"},"jetpack-related-posts":[{"id":32918,"url":"https:\/\/sakaba.mghosteur.com\/en\/product\/now-niacinamide-500mg\/","url_meta":{"origin":24959,"position":0},"title":"NOW NIACINAMIDE 500MG","author":"admin","date":"May 16, 2024","format":false,"excerpt":"","rel":"","context":"Similar post","block_context":{"text":"Similar post","link":""},"img":{"alt_text":"","src":"","width":0,"height":0},"classes":[]},{"id":24969,"url":"https:\/\/sakaba.mghosteur.com\/en\/product\/tylenol-acetaminophen-325comprimes-500mg\/","url_meta":{"origin":24959,"position":1},"title":"TYLENOL  acetaminophen 325COMPRIMES 500MG","author":"admin","date":"November 11, 2022","format":false,"excerpt":"","rel":"","context":"Similar post","block_context":{"text":"Similar post","link":""},"img":{"alt_text":"","src":"","width":0,"height":0},"classes":[]},{"id":25157,"url":"https:\/\/sakaba.mghosteur.com\/en\/product\/nature-made-calcium-500mg\/","url_meta":{"origin":24959,"position":2},"title":"NATURE MADE CALCIUM 500mg","author":"admin","date":"November 11, 2022","format":false,"excerpt":"","rel":"","context":"Similar post","block_context":{"text":"Similar post","link":""},"img":{"alt_text":"","src":"","width":0,"height":0},"classes":[]},{"id":23826,"url":"https:\/\/sakaba.mghosteur.com\/en\/product\/satin-skinz-hithion-plus\/","url_meta":{"origin":24959,"position":3},"title":"SATIN SKINZ HITHION PLUS","author":"admin","date":"November 8, 2022","format":false,"excerpt":"Le produit Satin Skinz Hithion Plus de la marque Satin Skin est une formule de blanchiment avanc\u00e9e, sp\u00e9cialement con\u00e7ue pour les peaux brunes \u00e0 tr\u00e8s fonc\u00e9es. Elle est dix fois plus puissante que le L-Glutathion et est formul\u00e9e avec des ingr\u00e9dients de haute qualit\u00e9 tels que la Pureway C, l'Appleh\u00e9non,\u2026","rel":"","context":"Similar post","block_context":{"text":"Similar post","link":""},"img":{"alt_text":"","src":"","width":0,"height":0},"classes":[]},{"id":30010,"url":"https:\/\/sakaba.mghosteur.com\/en\/product\/satin-skinz-b-beau-l-glutathione-500mg-capsule\/","url_meta":{"origin":24959,"position":4},"title":"SATIN SKINZ B BEAU L GLUTATHIONE 500MG CAPSULE","author":"admin","date":"May 2, 2023","format":false,"excerpt":"D\u00e9couvrez le B'beau L-Glutathion de Satin Skin, une g\u00e9lule qui aide \u00e0 am\u00e9liorer l'\u00e9tat de votre peau. Associ\u00e9 \u00e0 2 g\u00e9lules de B'beau Vitamine C Plus, ce compl\u00e9ment alimentaire est id\u00e9al pour votre routine matinale. Pour des r\u00e9sultats optimaux, \u00e9vitez la caf\u00e9ine, les boissons gazeuses, l'alcool, les cigarettes et adoptez\u2026","rel":"","context":"Similar post","block_context":{"text":"Similar post","link":""},"img":{"alt_text":"","src":"","width":0,"height":0},"classes":[]},{"id":23834,"url":"https:\/\/sakaba.mghosteur.com\/en\/product\/satin-skinz-b-beau\/","url_meta":{"origin":24959,"position":5},"title":"SATIN SKINZ B BEAU PWITEZ PEARL 500MG CAPSULE","author":"admin","date":"November 8, 2022","format":false,"excerpt":"D\u00e9couvrez la perle B'Beau Pwitez de Satin Skin, le l\u00e9gendaire roi des tr\u00e9sors de l'oc\u00e9an de perle. Si vous avez des probl\u00e8mes de peau tels que la haute teneur en m\u00e9lanine, les taches de rousseur, la peau s\u00e8che et squameuse, la peau sujette \u00e0 l'acn\u00e9, le visage fatigu\u00e9 et p\u00e2le,\u2026","rel":"","context":"Similar post","block_context":{"text":"Similar post","link":""},"img":{"alt_text":"","src":"","width":0,"height":0},"classes":[]}],"_links":{"self":[{"href":"https:\/\/sakaba.mghosteur.com\/en\/wp-json\/wp\/v2\/product\/24959","targetHints":{"allow":["GET"]}}],"collection":[{"href":"https:\/\/sakaba.mghosteur.com\/en\/wp-json\/wp\/v2\/product"}],"about":[{"href":"https:\/\/sakaba.mghosteur.com\/en\/wp-json\/wp\/v2\/types\/product"}],"replies":[{"embeddable":true,"href":"https:\/\/sakaba.mghosteur.com\/en\/wp-json\/wp\/v2\/comments?post=24959"}],"version-history":[{"count":0,"href":"https:\/\/sakaba.mghosteur.com\/en\/wp-json\/wp\/v2\/product\/24959\/revisions"}],"wp:attachment":[{"href":"https:\/\/sakaba.mghosteur.com\/en\/wp-json\/wp\/v2\/media?parent=24959"}],"wp:term":[{"taxonomy":"product_brand","embeddable":true,"href":"https:\/\/sakaba.mghosteur.com\/en\/wp-json\/wp\/v2\/product_brand?post=24959"},{"taxonomy":"product_cat","embeddable":true,"href":"https:\/\/sakaba.mghosteur.com\/en\/wp-json\/wp\/v2\/product_cat?post=24959"},{"taxonomy":"product_tag","embeddable":true,"href":"https:\/\/sakaba.mghosteur.com\/en\/wp-json\/wp\/v2\/product_tag?post=24959"}],"curies":[{"name":"wp","href":"https:\/\/api.w.org\/{rel}","templated":true}]}}