{"id":24961,"date":"2022-11-11T11:16:51","date_gmt":"2022-11-11T11:16:51","guid":{"rendered":"http:\/\/www.sakababeauty.com\/?post_type=product&#038;p=24961"},"modified":"2022-11-11T11:16:51","modified_gmt":"2022-11-11T11:16:51","slug":"kirklans-signature-ibuprofen-tablets-usp-200-mg","status":"publish","type":"product","link":"https:\/\/sakaba.mghosteur.com\/en\/product\/kirklans-signature-ibuprofen-tablets-usp-200-mg\/","title":{"rendered":"KIRKLANS SIGNATURE IBUPROFEN TABLETS USP 200 MG"},"content":{"rendered":"","protected":false},"excerpt":{"rendered":"","protected":false},"featured_media":0,"comment_status":"closed","ping_status":"closed","template":"","meta":[],"product_brand":[],"product_cat":[381],"product_tag":[],"class_list":{"0":"post-24961","1":"product","2":"type-product","3":"status-publish","5":"product_cat-vitamine-et-complements","7":"first","8":"instock","9":"shipping-taxable","10":"product-type-simple"},"jetpack-related-posts":[{"id":25187,"url":"https:\/\/sakaba.mghosteur.com\/en\/product\/nature-made-vitamine-c-1000-mg-365-tablet\/","url_meta":{"origin":24961,"position":0},"title":"NATURE MADE VITAMINE C 1000 MG 365 TABLET","author":"admin","date":"November 14, 2022","format":false,"excerpt":"","rel":"","context":"Similar post","block_context":{"text":"Similar post","link":""},"img":{"alt_text":"","src":"","width":0,"height":0},"classes":[]},{"id":31918,"url":"https:\/\/sakaba.mghosteur.com\/en\/product\/youtheory-collagen-6000-mg-120-tablets\/","url_meta":{"origin":24961,"position":1},"title":"YOUTHEORY  COLLAGEN 6000 MG 120 TABLETS","author":"admin","date":"May 10, 2024","format":false,"excerpt":"Profitez des cheveux dynamiques, d\u2019une peau jeune, et des ongles sains avec les comprim\u00e9s au collag\u00e8ne et vitamine C de Youtheory. Ce produit aide \u00e0 lutter contre les effets du vieillissement en revitalisant la peau, les cheveux, les ongles, les tendons et les ligaments. Fournissant 6000 mg de peptides de\u2026","rel":"","context":"Similar post","block_context":{"text":"Similar post","link":""},"img":{"alt_text":"","src":"","width":0,"height":0},"classes":[]},{"id":31915,"url":"https:\/\/sakaba.mghosteur.com\/en\/product\/youtheory-collagen-6000-mg-290-tablets\/","url_meta":{"origin":24961,"position":2},"title":"YOUTHEORY COLLAGEN 6000 MG 290 TABLETS","author":"admin","date":"May 10, 2024","format":false,"excerpt":"Formule pour la peau, les cheveux & les ongles 6000\u00a0mg Enrichi en vitamine\u00a0C Compl\u00e9ment alimentaire Sans produits laitiers Sans soja Ingr\u00e9dients sans gluten Sans agents de remplissage ni agents liants 6000\u00a0mg de collag\u00e8ne par portion Restaure les prot\u00e9ines synonymes de beaut\u00e9 Lutte contre le vieillissement de la peau Revitalise la\u2026","rel":"","context":"Similar post","block_context":{"text":"Similar post","link":""},"img":{"alt_text":"","src":"","width":0,"height":0},"classes":[]},{"id":26556,"url":"https:\/\/sakaba.mghosteur.com\/en\/product\/hydroquinone-cream-usp-melalite-forte-cream\/","url_meta":{"origin":24961,"position":3},"title":"HYDROQUINONE CREAM USP MELALITE FORTE CREAM","author":"admin","date":"November 25, 2022","format":false,"excerpt":"","rel":"","context":"Similar post","block_context":{"text":"Similar post","link":""},"img":{"alt_text":"","src":"","width":0,"height":0},"classes":[]},{"id":26578,"url":"https:\/\/sakaba.mghosteur.com\/en\/product\/tretinoin-gel-usp-0-05-w-w\/","url_meta":{"origin":24961,"position":4},"title":"TRETINOIN GEL USP 0.05% W\/W","author":"admin","date":"November 25, 2022","format":false,"excerpt":"","rel":"","context":"Similar post","block_context":{"text":"Similar post","link":""},"img":{"alt_text":"","src":"","width":0,"height":0},"classes":[]},{"id":34448,"url":"https:\/\/sakaba.mghosteur.com\/en\/product\/tretinoin-gel-usp-as-microsphere-0-04-w-w-trunex-15g\/","url_meta":{"origin":24961,"position":5},"title":"TRETINOIN GEL USP AS MICROSPHERE 0.04% W W TRUNEX 15G","author":"admin","date":"May 28, 2024","format":false,"excerpt":"Le gel aqueux Trunex MS est une forme de vitamine A utilis\u00e9e pour traiter l'acn\u00e9 qui appara\u00eet sous forme de taches ou de boutons sur le visage, la poitrine ou le dos. Il aide \u00e9galement \u00e0 lisser la peau rugueuse du visage et \u00e0 r\u00e9duire les ridules de la peau.","rel":"","context":"Similar post","block_context":{"text":"Similar post","link":""},"img":{"alt_text":"","src":"","width":0,"height":0},"classes":[]}],"_links":{"self":[{"href":"https:\/\/sakaba.mghosteur.com\/en\/wp-json\/wp\/v2\/product\/24961","targetHints":{"allow":["GET"]}}],"collection":[{"href":"https:\/\/sakaba.mghosteur.com\/en\/wp-json\/wp\/v2\/product"}],"about":[{"href":"https:\/\/sakaba.mghosteur.com\/en\/wp-json\/wp\/v2\/types\/product"}],"replies":[{"embeddable":true,"href":"https:\/\/sakaba.mghosteur.com\/en\/wp-json\/wp\/v2\/comments?post=24961"}],"version-history":[{"count":0,"href":"https:\/\/sakaba.mghosteur.com\/en\/wp-json\/wp\/v2\/product\/24961\/revisions"}],"wp:attachment":[{"href":"https:\/\/sakaba.mghosteur.com\/en\/wp-json\/wp\/v2\/media?parent=24961"}],"wp:term":[{"taxonomy":"product_brand","embeddable":true,"href":"https:\/\/sakaba.mghosteur.com\/en\/wp-json\/wp\/v2\/product_brand?post=24961"},{"taxonomy":"product_cat","embeddable":true,"href":"https:\/\/sakaba.mghosteur.com\/en\/wp-json\/wp\/v2\/product_cat?post=24961"},{"taxonomy":"product_tag","embeddable":true,"href":"https:\/\/sakaba.mghosteur.com\/en\/wp-json\/wp\/v2\/product_tag?post=24961"}],"curies":[{"name":"wp","href":"https:\/\/api.w.org\/{rel}","templated":true}]}}