{"id":24965,"date":"2022-11-11T11:19:21","date_gmt":"2022-11-11T11:19:21","guid":{"rendered":"http:\/\/www.sakababeauty.com\/?post_type=product&#038;p=24965"},"modified":"2022-11-11T11:19:22","modified_gmt":"2022-11-11T11:19:22","slug":"clear-eyes-maximum-redness-relief","status":"publish","type":"product","link":"https:\/\/sakaba.mghosteur.com\/en\/product\/clear-eyes-maximum-redness-relief\/","title":{"rendered":"CLEAR EYES MAXIMUM REDNESS RELIEF"},"content":{"rendered":"","protected":false},"excerpt":{"rendered":"","protected":false},"featured_media":0,"comment_status":"closed","ping_status":"closed","template":"","meta":[],"product_brand":[],"product_cat":[297],"product_tag":[],"class_list":{"0":"post-24965","1":"product","2":"type-product","3":"status-publish","5":"product_cat-yeux","7":"first","8":"instock","9":"shipping-taxable","10":"product-type-simple"},"jetpack-related-posts":[{"id":34423,"url":"https:\/\/sakaba.mghosteur.com\/en\/product\/peach-slices-redness-relief-azelaic-acid-serum\/","url_meta":{"origin":24965,"position":0},"title":"PEACH SLICES REDNESS RELIEF AZELAIC ACID SERUM","author":"admin","date":"May 28, 2024","format":false,"excerpt":"","rel":"","context":"Similar post","block_context":{"text":"Similar post","link":""},"img":{"alt_text":"","src":"","width":0,"height":0},"classes":[]},{"id":25582,"url":"https:\/\/sakaba.mghosteur.com\/en\/product\/eucerin-redness-relief-cleansing-gel\/","url_meta":{"origin":24965,"position":1},"title":"EUCERIN REDNESS RELIEF CLEANSING GEL","author":"admin","date":"November 14, 2022","format":false,"excerpt":"Gel doux sans savon qui nettoie le maquillage et les impuret\u00e9s. Contient de la licochalcone naturelle, un extrait apaisant de la racine de r\u00e9glisse. Maintient l'\u00e9quilibre hydrique de la peau sans laisser de sensation de s\u00e9cheresse et de tiraillement. Le nettoyant apaisant anti-rougeurs Eucerin nettoie en douceur mais efficacement tout\u2026","rel":"","context":"Similar post","block_context":{"text":"Similar post","link":""},"img":{"alt_text":"","src":"","width":0,"height":0},"classes":[]},{"id":29195,"url":"https:\/\/sakaba.mghosteur.com\/en\/product\/the-inkey-list-redness-relief-solution-10-azelaic\/","url_meta":{"origin":24965,"position":2},"title":"THE INKEY LIST REDNESS RELIEF SOLUTION 10% AZELAIC","author":"admin","date":"March 21, 2023","format":false,"excerpt":"D\u00e9couvrez la solution de soulagement des rougeurs de la marque The Inkey List, cr\u00e9\u00e9e en partenariat avec des dermatologues. Cette formule innovante contient des particules micro-fines de couleur verte qui masquent les rougeurs et de l'allanto\u00efne \u00e0 0,3% pour apaiser la peau. Elle peut \u00eatre facilement associ\u00e9e \u00e0 d'autres produits\u2026","rel":"","context":"Similar post","block_context":{"text":"Similar post","link":""},"img":{"alt_text":"","src":"","width":0,"height":0},"classes":[]},{"id":27796,"url":"https:\/\/sakaba.mghosteur.com\/en\/product\/anti-redness-serum-antioxidant-booster\/","url_meta":{"origin":24965,"position":3},"title":"ANTI REDNESS SERUM ANTIOXIDANT BOOSTER","author":"admin","date":"November 29, 2022","format":false,"excerpt":"","rel":"","context":"Similar post","block_context":{"text":"Similar post","link":""},"img":{"alt_text":"","src":"","width":0,"height":0},"classes":[]},{"id":24716,"url":"https:\/\/sakaba.mghosteur.com\/en\/product\/cetaphil-foaming-face-wash-redness\/","url_meta":{"origin":24965,"position":4},"title":"CETAPHIL FOAMING FACE WASH REDNESS","author":"admin","date":"November 10, 2022","format":false,"excerpt":"Peaux sujettes aux rougeurs. Nettoie en douceur sans dess\u00e9cher. Non com\u00e9dog\u00e8ne. Laisse la peau apais\u00e9e et \u00e9quilibr\u00e9e. Sans dess\u00e9cher, ce nettoyant extra doux \u00e9limine la salet\u00e9, les impuret\u00e9s et le maquillage qui peuvent obstruer les pores et irriter les peaux sensibles. Assez doux pour un usage quotidien.","rel":"","context":"Similar post","block_context":{"text":"Similar post","link":""},"img":{"alt_text":"","src":"","width":0,"height":0},"classes":[]},{"id":26358,"url":"https:\/\/sakaba.mghosteur.com\/en\/product\/paulas-choice-anti-redness-exfoliating-solution\/","url_meta":{"origin":24965,"position":5},"title":"PAULA&#8217;S CHOICE ANTI REDNESS EXFOLIATING SOLUTION","author":"admin","date":"November 25, 2022","format":false,"excerpt":"La Solution exfoliante anti-rougeurs de force r\u00e9guli\u00e8re avec 2% d'acide salicylique de la marque Paula's Choice est un produit de soin de la peau id\u00e9al pour les personnes souffrant d'acn\u00e9 l\u00e9g\u00e8re \u00e0 mod\u00e9r\u00e9e. Cette solution douce et sans rin\u00e7age contient de l'acide salicylique qui aide \u00e0 \u00e9liminer les \u00e9ruptions cutan\u00e9es,\u2026","rel":"","context":"Similar post","block_context":{"text":"Similar post","link":""},"img":{"alt_text":"","src":"","width":0,"height":0},"classes":[]}],"_links":{"self":[{"href":"https:\/\/sakaba.mghosteur.com\/en\/wp-json\/wp\/v2\/product\/24965","targetHints":{"allow":["GET"]}}],"collection":[{"href":"https:\/\/sakaba.mghosteur.com\/en\/wp-json\/wp\/v2\/product"}],"about":[{"href":"https:\/\/sakaba.mghosteur.com\/en\/wp-json\/wp\/v2\/types\/product"}],"replies":[{"embeddable":true,"href":"https:\/\/sakaba.mghosteur.com\/en\/wp-json\/wp\/v2\/comments?post=24965"}],"version-history":[{"count":0,"href":"https:\/\/sakaba.mghosteur.com\/en\/wp-json\/wp\/v2\/product\/24965\/revisions"}],"wp:attachment":[{"href":"https:\/\/sakaba.mghosteur.com\/en\/wp-json\/wp\/v2\/media?parent=24965"}],"wp:term":[{"taxonomy":"product_brand","embeddable":true,"href":"https:\/\/sakaba.mghosteur.com\/en\/wp-json\/wp\/v2\/product_brand?post=24965"},{"taxonomy":"product_cat","embeddable":true,"href":"https:\/\/sakaba.mghosteur.com\/en\/wp-json\/wp\/v2\/product_cat?post=24965"},{"taxonomy":"product_tag","embeddable":true,"href":"https:\/\/sakaba.mghosteur.com\/en\/wp-json\/wp\/v2\/product_tag?post=24965"}],"curies":[{"name":"wp","href":"https:\/\/api.w.org\/{rel}","templated":true}]}}