{"id":24977,"date":"2022-11-11T11:23:08","date_gmt":"2022-11-11T11:23:08","guid":{"rendered":"http:\/\/www.sakababeauty.com\/?post_type=product&#038;p=24977"},"modified":"2022-11-11T11:23:08","modified_gmt":"2022-11-11T11:23:08","slug":"excedrin-tension-headache","status":"publish","type":"product","link":"https:\/\/sakaba.mghosteur.com\/en\/product\/excedrin-tension-headache\/","title":{"rendered":"EXCEDRIN TENSION HEADACHE"},"content":{"rendered":"","protected":false},"excerpt":{"rendered":"","protected":false},"featured_media":0,"comment_status":"closed","ping_status":"closed","template":"","meta":[],"product_brand":[],"product_cat":[381],"product_tag":[],"class_list":{"0":"post-24977","1":"product","2":"type-product","3":"status-publish","5":"product_cat-vitamine-et-complements","7":"first","8":"instock","9":"shipping-taxable","10":"product-type-simple"},"jetpack-related-posts":[{"id":24986,"url":"https:\/\/sakaba.mghosteur.com\/en\/product\/excedrin-extra-strength\/","url_meta":{"origin":24977,"position":0},"title":"EXCEDRIN EXTRA STRENGTH","author":"admin","date":"November 11, 2022","format":false,"excerpt":"","rel":"","context":"Similar post","block_context":{"text":"Similar post","link":""},"img":{"alt_text":"","src":"","width":0,"height":0},"classes":[]},{"id":24988,"url":"https:\/\/sakaba.mghosteur.com\/en\/product\/excedrin-extra-strength-100-caplets\/","url_meta":{"origin":24977,"position":1},"title":"EXCEDRIN EXTRA STRENGTH 100 CAPLETS","author":"admin","date":"November 11, 2022","format":false,"excerpt":"","rel":"","context":"Similar post","block_context":{"text":"Similar post","link":""},"img":{"alt_text":"","src":"","width":0,"height":0},"classes":[]},{"id":31708,"url":"https:\/\/sakaba.mghosteur.com\/en\/product\/haruhara-wonder-black-rice-hyaluronic-cream-50ml\/","url_meta":{"origin":24977,"position":2},"title":"HARUHARA WONDER BLACK RICE HYALURONIC CREAM 50ml","author":"admin","date":"May 10, 2024","format":false,"excerpt":"Retenant l'hydratation de la peau en cr\u00e9ant une barri\u00e8re protectrice pour \u00e9viter la perte d'humidit\u00e9, ce produit exploite l'acide hyaluronique hautement concentr\u00e9 ainsi que d'autres propri\u00e9t\u00e9s nourrissantes. Certifi\u00e9 v\u00e9g\u00e9talien et non test\u00e9 sur les animaux, il est compos\u00e9 \u00e0 95 % d'ingr\u00e9dients naturels, conforme aux normes EWG-Green. D'une contenance de\u2026","rel":"","context":"Similar post","block_context":{"text":"Similar post","link":""},"img":{"alt_text":"","src":"","width":0,"height":0},"classes":[]}],"_links":{"self":[{"href":"https:\/\/sakaba.mghosteur.com\/en\/wp-json\/wp\/v2\/product\/24977","targetHints":{"allow":["GET"]}}],"collection":[{"href":"https:\/\/sakaba.mghosteur.com\/en\/wp-json\/wp\/v2\/product"}],"about":[{"href":"https:\/\/sakaba.mghosteur.com\/en\/wp-json\/wp\/v2\/types\/product"}],"replies":[{"embeddable":true,"href":"https:\/\/sakaba.mghosteur.com\/en\/wp-json\/wp\/v2\/comments?post=24977"}],"version-history":[{"count":0,"href":"https:\/\/sakaba.mghosteur.com\/en\/wp-json\/wp\/v2\/product\/24977\/revisions"}],"wp:attachment":[{"href":"https:\/\/sakaba.mghosteur.com\/en\/wp-json\/wp\/v2\/media?parent=24977"}],"wp:term":[{"taxonomy":"product_brand","embeddable":true,"href":"https:\/\/sakaba.mghosteur.com\/en\/wp-json\/wp\/v2\/product_brand?post=24977"},{"taxonomy":"product_cat","embeddable":true,"href":"https:\/\/sakaba.mghosteur.com\/en\/wp-json\/wp\/v2\/product_cat?post=24977"},{"taxonomy":"product_tag","embeddable":true,"href":"https:\/\/sakaba.mghosteur.com\/en\/wp-json\/wp\/v2\/product_tag?post=24977"}],"curies":[{"name":"wp","href":"https:\/\/api.w.org\/{rel}","templated":true}]}}