{"id":24999,"date":"2022-11-11T11:30:53","date_gmt":"2022-11-11T11:30:53","guid":{"rendered":"http:\/\/www.sakababeauty.com\/?post_type=product&#038;p=24999"},"modified":"2024-09-01T04:19:26","modified_gmt":"2024-09-01T04:19:26","slug":"nyx-jumbo-eye-pencil","status":"publish","type":"product","link":"https:\/\/sakaba.mghosteur.com\/en\/product\/nyx-jumbo-eye-pencil\/","title":{"rendered":"NYX JUMBO EYE PENCIL"},"content":{"rendered":"","protected":false},"excerpt":{"rendered":"","protected":false},"featured_media":0,"comment_status":"closed","ping_status":"closed","template":"","meta":[],"product_brand":[],"product_cat":[289,297],"product_tag":[],"class_list":{"0":"post-24999","1":"product","2":"type-product","3":"status-publish","5":"product_cat-aaa-maquillage","6":"product_cat-yeux","8":"first","9":"instock","10":"shipping-taxable","11":"product-type-simple"},"jetpack-related-posts":[{"id":56209,"url":"https:\/\/sakaba.mghosteur.com\/en\/product\/radiance-glowing-jumbo-essence-pad\/","url_meta":{"origin":24999,"position":0},"title":"Radiance Glowing Jumbo Essence Pad","author":"Sope DIA","date":"January 2, 2026","format":false,"excerpt":"ALLUMEZ l'\u00e9clat de votre peau avec 50 ingr\u00e9dients ferment\u00e9s !","rel":"","context":"Similar post","block_context":{"text":"Similar post","link":""},"img":{"alt_text":"","src":"","width":0,"height":0},"classes":[]},{"id":24752,"url":"https:\/\/sakaba.mghosteur.com\/en\/product\/micro-brow-pencil\/","url_meta":{"origin":24999,"position":1},"title":"MICRO BROW PENCIL","author":"admin","date":"November 10, 2022","format":false,"excerpt":"","rel":"","context":"Similar post","block_context":{"text":"Similar post","link":""},"img":{"alt_text":"","src":"","width":0,"height":0},"classes":[]},{"id":24885,"url":"https:\/\/sakaba.mghosteur.com\/en\/product\/morphe-micro-brown-pencil\/","url_meta":{"origin":24999,"position":2},"title":"Morphe Micro Brown Pencil","author":"admin","date":"November 11, 2022","format":false,"excerpt":"","rel":"","context":"Similar post","block_context":{"text":"Similar post","link":""},"img":{"alt_text":"","src":"","width":0,"height":0},"classes":[]},{"id":24908,"url":"https:\/\/sakaba.mghosteur.com\/en\/product\/anastasia-beverly-hills-perfect-brown-pencil\/","url_meta":{"origin":24999,"position":3},"title":"Anastasia Beverly hills Perfect Brown Pencil","author":"admin","date":"November 11, 2022","format":false,"excerpt":"","rel":"","context":"Similar post","block_context":{"text":"Similar post","link":""},"img":{"alt_text":"","src":"","width":0,"height":0},"classes":[]},{"id":24759,"url":"https:\/\/sakaba.mghosteur.com\/en\/product\/anastasia-brow-definer-triangular-brow-pencil-choc\/","url_meta":{"origin":24999,"position":4},"title":"ANASTASIA BROW DEFINER TRIANGULAR BROW PENCIL CHOC","author":"admin","date":"November 10, 2022","format":false,"excerpt":"","rel":"","context":"Similar post","block_context":{"text":"Similar post","link":""},"img":{"alt_text":"","src":"","width":0,"height":0},"classes":[]},{"id":24761,"url":"https:\/\/sakaba.mghosteur.com\/en\/product\/mac-lip-pencil-crayon-a-levres\/","url_meta":{"origin":24999,"position":5},"title":"MAC LIP PENCIL CRAYON A LEVRES","author":"admin","date":"November 10, 2022","format":false,"excerpt":"","rel":"","context":"Similar post","block_context":{"text":"Similar post","link":""},"img":{"alt_text":"","src":"","width":0,"height":0},"classes":[]}],"_links":{"self":[{"href":"https:\/\/sakaba.mghosteur.com\/en\/wp-json\/wp\/v2\/product\/24999","targetHints":{"allow":["GET"]}}],"collection":[{"href":"https:\/\/sakaba.mghosteur.com\/en\/wp-json\/wp\/v2\/product"}],"about":[{"href":"https:\/\/sakaba.mghosteur.com\/en\/wp-json\/wp\/v2\/types\/product"}],"replies":[{"embeddable":true,"href":"https:\/\/sakaba.mghosteur.com\/en\/wp-json\/wp\/v2\/comments?post=24999"}],"version-history":[{"count":0,"href":"https:\/\/sakaba.mghosteur.com\/en\/wp-json\/wp\/v2\/product\/24999\/revisions"}],"wp:attachment":[{"href":"https:\/\/sakaba.mghosteur.com\/en\/wp-json\/wp\/v2\/media?parent=24999"}],"wp:term":[{"taxonomy":"product_brand","embeddable":true,"href":"https:\/\/sakaba.mghosteur.com\/en\/wp-json\/wp\/v2\/product_brand?post=24999"},{"taxonomy":"product_cat","embeddable":true,"href":"https:\/\/sakaba.mghosteur.com\/en\/wp-json\/wp\/v2\/product_cat?post=24999"},{"taxonomy":"product_tag","embeddable":true,"href":"https:\/\/sakaba.mghosteur.com\/en\/wp-json\/wp\/v2\/product_tag?post=24999"}],"curies":[{"name":"wp","href":"https:\/\/api.w.org\/{rel}","templated":true}]}}