{"id":25014,"date":"2022-11-11T11:37:39","date_gmt":"2022-11-11T11:37:39","guid":{"rendered":"http:\/\/www.sakababeauty.com\/?post_type=product&#038;p=25014"},"modified":"2024-08-08T18:37:29","modified_gmt":"2024-08-08T18:37:29","slug":"youtheory-collagenbiotin-390tablets","status":"publish","type":"product","link":"https:\/\/sakaba.mghosteur.com\/en\/product\/youtheory-collagenbiotin-390tablets\/","title":{"rendered":"YOUTHEORY COLLAGEN+biotin 390TABLETS"},"content":{"rendered":"","protected":false},"excerpt":{"rendered":"","protected":false},"featured_media":0,"comment_status":"closed","ping_status":"closed","template":"","meta":[],"product_brand":[],"product_cat":[391,381],"product_tag":[],"class_list":{"0":"post-25014","1":"product","2":"type-product","3":"status-publish","5":"product_cat-aae-bien-etre","6":"product_cat-vitamine-et-complements","8":"first","9":"instock","10":"shipping-taxable","11":"product-type-simple"},"jetpack-related-posts":[{"id":29991,"url":"https:\/\/sakaba.mghosteur.com\/en\/product\/neocell-super-collagen-vitamin-biotin-c-type-1-3-180-tablets\/","url_meta":{"origin":25014,"position":0},"title":"NeoCell Super Collagen + Vitamin Biotin C Type 1 &amp; 3 &#8211; 180 tablets","author":"admin","date":"May 1, 2023","format":false,"excerpt":"Le Super Collag\u00e8ne + Vitamine C & Biotine de NeoCell est une formule pratique pour nourrir votre peau en profondeur. Ce compl\u00e9ment alimentaire contient du collag\u00e8ne de types 1 et 3 pour stimuler la production de collag\u00e8ne et favoriser une peau jeune et belle. La vitamine C fournit \u00e9galement un\u2026","rel":"","context":"Similar post","block_context":{"text":"Similar post","link":""},"img":{"alt_text":"","src":"","width":0,"height":0},"classes":[]},{"id":31918,"url":"https:\/\/sakaba.mghosteur.com\/en\/product\/youtheory-collagen-6000-mg-120-tablets\/","url_meta":{"origin":25014,"position":1},"title":"YOUTHEORY  COLLAGEN 6000 MG 120 TABLETS","author":"admin","date":"May 10, 2024","format":false,"excerpt":"Profitez des cheveux dynamiques, d\u2019une peau jeune, et des ongles sains avec les comprim\u00e9s au collag\u00e8ne et vitamine C de Youtheory. Ce produit aide \u00e0 lutter contre les effets du vieillissement en revitalisant la peau, les cheveux, les ongles, les tendons et les ligaments. Fournissant 6000 mg de peptides de\u2026","rel":"","context":"Similar post","block_context":{"text":"Similar post","link":""},"img":{"alt_text":"","src":"","width":0,"height":0},"classes":[]},{"id":25025,"url":"https:\/\/sakaba.mghosteur.com\/en\/product\/super-collagen-vitamin-c-biotin\/","url_meta":{"origin":25014,"position":2},"title":"SUPER COLLAGEN +VITAMIN C &#038; BIOTIN","author":"admin","date":"November 11, 2022","format":false,"excerpt":"","rel":"","context":"Similar post","block_context":{"text":"Similar post","link":""},"img":{"alt_text":"","src":"","width":0,"height":0},"classes":[]},{"id":31915,"url":"https:\/\/sakaba.mghosteur.com\/en\/product\/youtheory-collagen-6000-mg-290-tablets\/","url_meta":{"origin":25014,"position":3},"title":"YOUTHEORY COLLAGEN 6000 MG 290 TABLETS","author":"admin","date":"May 10, 2024","format":false,"excerpt":"Formule pour la peau, les cheveux & les ongles 6000\u00a0mg Enrichi en vitamine\u00a0C Compl\u00e9ment alimentaire Sans produits laitiers Sans soja Ingr\u00e9dients sans gluten Sans agents de remplissage ni agents liants 6000\u00a0mg de collag\u00e8ne par portion Restaure les prot\u00e9ines synonymes de beaut\u00e9 Lutte contre le vieillissement de la peau Revitalise la\u2026","rel":"","context":"Similar post","block_context":{"text":"Similar post","link":""},"img":{"alt_text":"","src":"","width":0,"height":0},"classes":[]},{"id":30002,"url":"https:\/\/sakaba.mghosteur.com\/en\/product\/super-collagen-vitamin-c-biotin-360-tablets\/","url_meta":{"origin":25014,"position":4},"title":"SUPER COLLAGEN +VITAMIN C &amp; BIOTIN 360 TABLETS","author":"admin","date":"May 1, 2023","format":false,"excerpt":"D\u00e9couvrez le Super Collag\u00e8ne de NeoCell, un compl\u00e9ment alimentaire contenant 360 comprim\u00e9s de collag\u00e8ne, vitamine C et biotine. Ce produit vous aide \u00e0 minimiser les rides et ridules en am\u00e9liorant l'\u00e9lasticit\u00e9 de votre peau et en retenant l'humidit\u00e9 dans celle-ci. De plus, il renforce et nourrit vos ligaments, tendons, articulations\u2026","rel":"","context":"Similar post","block_context":{"text":"Similar post","link":""},"img":{"alt_text":"","src":"","width":0,"height":0},"classes":[]},{"id":31886,"url":"https:\/\/sakaba.mghosteur.com\/en\/product\/super-collagen-vitamin-c-biotin-90t\/","url_meta":{"origin":25014,"position":5},"title":"SUPER COLLAGEN + VITAMIN C &amp; BIOTIN 90T","author":"admin","date":"May 10, 2024","format":false,"excerpt":"Les comprim\u00e9s NeoCell Super Collagen sont formul\u00e9s pour soutenir votre beaut\u00e9 radieuse de l'int\u00e9rieur, favoriser la sant\u00e9 des articulations et soutenir les cheveux, la peau et les ongles (1). Avec du collag\u00e8ne nourri \u00e0 l'herbe de types 1 et 3, ces capsules de collag\u00e8ne donnent \u00e0 votre corps les \u00e9l\u00e9ments\u2026","rel":"","context":"Similar post","block_context":{"text":"Similar post","link":""},"img":{"alt_text":"","src":"","width":0,"height":0},"classes":[]}],"_links":{"self":[{"href":"https:\/\/sakaba.mghosteur.com\/en\/wp-json\/wp\/v2\/product\/25014","targetHints":{"allow":["GET"]}}],"collection":[{"href":"https:\/\/sakaba.mghosteur.com\/en\/wp-json\/wp\/v2\/product"}],"about":[{"href":"https:\/\/sakaba.mghosteur.com\/en\/wp-json\/wp\/v2\/types\/product"}],"replies":[{"embeddable":true,"href":"https:\/\/sakaba.mghosteur.com\/en\/wp-json\/wp\/v2\/comments?post=25014"}],"version-history":[{"count":0,"href":"https:\/\/sakaba.mghosteur.com\/en\/wp-json\/wp\/v2\/product\/25014\/revisions"}],"wp:attachment":[{"href":"https:\/\/sakaba.mghosteur.com\/en\/wp-json\/wp\/v2\/media?parent=25014"}],"wp:term":[{"taxonomy":"product_brand","embeddable":true,"href":"https:\/\/sakaba.mghosteur.com\/en\/wp-json\/wp\/v2\/product_brand?post=25014"},{"taxonomy":"product_cat","embeddable":true,"href":"https:\/\/sakaba.mghosteur.com\/en\/wp-json\/wp\/v2\/product_cat?post=25014"},{"taxonomy":"product_tag","embeddable":true,"href":"https:\/\/sakaba.mghosteur.com\/en\/wp-json\/wp\/v2\/product_tag?post=25014"}],"curies":[{"name":"wp","href":"https:\/\/api.w.org\/{rel}","templated":true}]}}