{"id":25062,"date":"2022-11-11T12:07:41","date_gmt":"2022-11-11T12:07:41","guid":{"rendered":"http:\/\/www.sakababeauty.com\/?post_type=product&#038;p=25062"},"modified":"2022-11-11T12:07:42","modified_gmt":"2022-11-11T12:07:42","slug":"cleanse-protect-azo-cranberry","status":"publish","type":"product","link":"https:\/\/sakaba.mghosteur.com\/en\/product\/cleanse-protect-azo-cranberry\/","title":{"rendered":"CLEANSE &#038; PROTECT AZO CRANBERRY"},"content":{"rendered":"","protected":false},"excerpt":{"rendered":"","protected":false},"featured_media":0,"comment_status":"closed","ping_status":"closed","template":"","meta":[],"product_brand":[],"product_cat":[381],"product_tag":[],"class_list":{"0":"post-25062","1":"product","2":"type-product","3":"status-publish","5":"product_cat-vitamine-et-complements","7":"first","8":"instock","9":"shipping-taxable","10":"product-type-simple"},"jetpack-related-posts":[{"id":32103,"url":"https:\/\/sakaba.mghosteur.com\/en\/product\/naturium-vitamine-c-complex-cleanser-210ml\/","url_meta":{"origin":25062,"position":0},"title":"NATURIUM VITAMINE C COMPLEX CLEANSER 210ML","author":"admin","date":"May 13, 2024","format":false,"excerpt":"Le nettoyant complexe \u00e0 la vitamine C est formul\u00e9 avec deux formes de vitamine C, l'acide phytique et les enzymes de fruits, dont la papa\u00efne et la brom\u00e9la\u00efne, qui exfolient en douceur pour \u00e9claircir instantan\u00e9ment la peau. Ce gel nettoyant agit \u00e9galement pour dissoudre le maquillage, le s\u00e9bum, la salet\u00e9\u2026","rel":"","context":"Similar post","block_context":{"text":"Similar post","link":""},"img":{"alt_text":"","src":"","width":0,"height":0},"classes":[]},{"id":24295,"url":"https:\/\/sakaba.mghosteur.com\/en\/product\/neutrogena-ultra-gentle-hydrating-daily-facial-cleanser-for-sensitive-skin\/","url_meta":{"origin":25062,"position":1},"title":"Neutrogena Ultra Gentle Hydrating Daily Facial Cleanser for Sensitive Skin 171ML","author":"admin","date":"November 9, 2022","format":false,"excerpt":"D\u00e9couvrez le Nettoyant quotidien ultra doux Neutrogena, con\u00e7u pour r\u00e9pondre aux besoins des peaux sensibles. Sa formule brevet\u00e9e efficace mais douce nettoie en profondeur sans perturber la barri\u00e8re d'hydratation naturelle de la peau, laisse votre peau fra\u00eeche et propre sans r\u00e9sidu. Ce nettoyant moussant est hypoallerg\u00e9nique, non com\u00e9dog\u00e8ne, sans huile\u2026","rel":"","context":"Similar post","block_context":{"text":"Similar post","link":""},"img":{"alt_text":"","src":"","width":0,"height":0},"classes":[]},{"id":30488,"url":"https:\/\/sakaba.mghosteur.com\/en\/product\/facetheory-clarifying-cleanser-c2-pro\/","url_meta":{"origin":25062,"position":2},"title":"FACETHEORY Clarifying Cleanser C2 Pro","author":"admin","date":"May 11, 2023","format":false,"excerpt":"D\u00e9couvrez le Clarifying Cleanser C2 Pro de la marque FACETHEORY, un nettoyant visage clarifiant qui utilise deux m\u00e9thodes diff\u00e9rentes de nettoyage pour \u00e9liminer les impuret\u00e9s et d\u00e9bloquer les pores de votre peau. Avec une forte concentration d'actifs, ce nettoyant contient de l'acide glycolique (4%), de l'acide lactique (1%) et de\u2026","rel":"","context":"Similar post","block_context":{"text":"Similar post","link":""},"img":{"alt_text":"","src":"","width":0,"height":0},"classes":[]},{"id":26945,"url":"https:\/\/sakaba.mghosteur.com\/en\/product\/clarifying-cleanser\/","url_meta":{"origin":25062,"position":3},"title":"FACETHEORY Clarifying Cleanser C2","author":"admin","date":"November 28, 2022","format":false,"excerpt":"Le FACETHEORY Clarifying Cleanser C2 est une cr\u00e8me nettoyante clarifiante qui contient un puissant m\u00e9lange d'acides \u00e0 faible pH pour les peaux mixtes ou grasses, congestionn\u00e9es et sujettes aux imperfections. Il contient 2% d'acide salicylique qui p\u00e9n\u00e8tre profond\u00e9ment dans les pores pour \u00e9liminer la salet\u00e9 emprisonn\u00e9e et r\u00e9duire l'apparence des\u2026","rel":"","context":"Similar post","block_context":{"text":"Similar post","link":""},"img":{"alt_text":"","src":"","width":0,"height":0},"classes":[]},{"id":27523,"url":"https:\/\/sakaba.mghosteur.com\/en\/product\/glycolic-acid-cleanser\/","url_meta":{"origin":25062,"position":4},"title":"GLYCOLIC ACID CLEANSER","author":"admin","date":"November 29, 2022","format":false,"excerpt":"","rel":"","context":"Similar post","block_context":{"text":"Similar post","link":""},"img":{"alt_text":"","src":"","width":0,"height":0},"classes":[]},{"id":24208,"url":"https:\/\/sakaba.mghosteur.com\/en\/product\/cerave-sa-cleanser-bar\/","url_meta":{"origin":25062,"position":5},"title":"CERAVE SA CLEANSER BAR","author":"admin","date":"November 9, 2022","format":false,"excerpt":"","rel":"","context":"Similar post","block_context":{"text":"Similar post","link":""},"img":{"alt_text":"","src":"","width":0,"height":0},"classes":[]}],"_links":{"self":[{"href":"https:\/\/sakaba.mghosteur.com\/en\/wp-json\/wp\/v2\/product\/25062","targetHints":{"allow":["GET"]}}],"collection":[{"href":"https:\/\/sakaba.mghosteur.com\/en\/wp-json\/wp\/v2\/product"}],"about":[{"href":"https:\/\/sakaba.mghosteur.com\/en\/wp-json\/wp\/v2\/types\/product"}],"replies":[{"embeddable":true,"href":"https:\/\/sakaba.mghosteur.com\/en\/wp-json\/wp\/v2\/comments?post=25062"}],"version-history":[{"count":0,"href":"https:\/\/sakaba.mghosteur.com\/en\/wp-json\/wp\/v2\/product\/25062\/revisions"}],"wp:attachment":[{"href":"https:\/\/sakaba.mghosteur.com\/en\/wp-json\/wp\/v2\/media?parent=25062"}],"wp:term":[{"taxonomy":"product_brand","embeddable":true,"href":"https:\/\/sakaba.mghosteur.com\/en\/wp-json\/wp\/v2\/product_brand?post=25062"},{"taxonomy":"product_cat","embeddable":true,"href":"https:\/\/sakaba.mghosteur.com\/en\/wp-json\/wp\/v2\/product_cat?post=25062"},{"taxonomy":"product_tag","embeddable":true,"href":"https:\/\/sakaba.mghosteur.com\/en\/wp-json\/wp\/v2\/product_tag?post=25062"}],"curies":[{"name":"wp","href":"https:\/\/api.w.org\/{rel}","templated":true}]}}