{"id":25066,"date":"2022-11-11T12:11:14","date_gmt":"2022-11-11T12:11:14","guid":{"rendered":"http:\/\/www.sakababeauty.com\/?post_type=product&#038;p=25066"},"modified":"2022-11-11T12:11:15","modified_gmt":"2022-11-11T12:11:15","slug":"nutrafaza-skin-whitening-2000mg-90capsules","status":"publish","type":"product","link":"https:\/\/sakaba.mghosteur.com\/en\/product\/nutrafaza-skin-whitening-2000mg-90capsules\/","title":{"rendered":"NUTRAFAZA SKIN WHITENING 2000MG 90CAPSULES"},"content":{"rendered":"","protected":false},"excerpt":{"rendered":"","protected":false},"featured_media":0,"comment_status":"closed","ping_status":"closed","template":"","meta":[],"product_brand":[],"product_cat":[381],"product_tag":[],"class_list":{"0":"post-25066","1":"product","2":"type-product","3":"status-publish","5":"product_cat-vitamine-et-complements","7":"first","8":"instock","9":"shipping-taxable","10":"product-type-simple"},"jetpack-related-posts":[{"id":26287,"url":"https:\/\/sakaba.mghosteur.com\/en\/product\/frontrow-1-skin-whitening-bar-with-glutathione-skin-vitamin\/","url_meta":{"origin":25066,"position":0},"title":"FRONTROW 1 SKIN WHITENING BAR WITH GLUTATHIONE +SKIN VITAMIN","author":"admin","date":"November 24, 2022","format":false,"excerpt":"","rel":"","context":"Similar post","block_context":{"text":"Similar post","link":""},"img":{"alt_text":"","src":"","width":0,"height":0},"classes":[]},{"id":26194,"url":"https:\/\/sakaba.mghosteur.com\/en\/product\/gluta-c-whitening-toner-whitening-anti-aging\/","url_meta":{"origin":25066,"position":1},"title":"GLUTA-C WHITENING TONER WHITENING +ANTI AGING","author":"admin","date":"November 24, 2022","format":false,"excerpt":"","rel":"","context":"Similar post","block_context":{"text":"Similar post","link":""},"img":{"alt_text":"","src":"","width":0,"height":0},"classes":[]},{"id":23826,"url":"https:\/\/sakaba.mghosteur.com\/en\/product\/satin-skinz-hithion-plus\/","url_meta":{"origin":25066,"position":2},"title":"SATIN SKINZ HITHION PLUS","author":"admin","date":"November 8, 2022","format":false,"excerpt":"Le produit Satin Skinz Hithion Plus de la marque Satin Skin est une formule de blanchiment avanc\u00e9e, sp\u00e9cialement con\u00e7ue pour les peaux brunes \u00e0 tr\u00e8s fonc\u00e9es. Elle est dix fois plus puissante que le L-Glutathion et est formul\u00e9e avec des ingr\u00e9dients de haute qualit\u00e9 tels que la Pureway C, l'Appleh\u00e9non,\u2026","rel":"","context":"Similar post","block_context":{"text":"Similar post","link":""},"img":{"alt_text":"","src":"","width":0,"height":0},"classes":[]},{"id":24664,"url":"https:\/\/sakaba.mghosteur.com\/en\/product\/colgate-total-advanced-whitening\/","url_meta":{"origin":25066,"position":3},"title":"COLGATE TOTAL ADVANCED WHITENING","author":"admin","date":"November 10, 2022","format":false,"excerpt":"","rel":"","context":"Similar post","block_context":{"text":"Similar post","link":""},"img":{"alt_text":"","src":"","width":0,"height":0},"classes":[]},{"id":26279,"url":"https:\/\/sakaba.mghosteur.com\/en\/product\/belo-underarm-whitening-cream\/","url_meta":{"origin":25066,"position":4},"title":"BELO UNDERARM WHITENING CREAM","author":"admin","date":"November 24, 2022","format":false,"excerpt":"","rel":"","context":"Similar post","block_context":{"text":"Similar post","link":""},"img":{"alt_text":"","src":"","width":0,"height":0},"classes":[]},{"id":26285,"url":"https:\/\/sakaba.mghosteur.com\/en\/product\/gluta-c-whitening-deodorant-24h\/","url_meta":{"origin":25066,"position":5},"title":"GLUTA-C WHITENING DEODORANT 24H","author":"admin","date":"November 24, 2022","format":false,"excerpt":"","rel":"","context":"Similar post","block_context":{"text":"Similar post","link":""},"img":{"alt_text":"","src":"","width":0,"height":0},"classes":[]}],"_links":{"self":[{"href":"https:\/\/sakaba.mghosteur.com\/en\/wp-json\/wp\/v2\/product\/25066","targetHints":{"allow":["GET"]}}],"collection":[{"href":"https:\/\/sakaba.mghosteur.com\/en\/wp-json\/wp\/v2\/product"}],"about":[{"href":"https:\/\/sakaba.mghosteur.com\/en\/wp-json\/wp\/v2\/types\/product"}],"replies":[{"embeddable":true,"href":"https:\/\/sakaba.mghosteur.com\/en\/wp-json\/wp\/v2\/comments?post=25066"}],"version-history":[{"count":0,"href":"https:\/\/sakaba.mghosteur.com\/en\/wp-json\/wp\/v2\/product\/25066\/revisions"}],"wp:attachment":[{"href":"https:\/\/sakaba.mghosteur.com\/en\/wp-json\/wp\/v2\/media?parent=25066"}],"wp:term":[{"taxonomy":"product_brand","embeddable":true,"href":"https:\/\/sakaba.mghosteur.com\/en\/wp-json\/wp\/v2\/product_brand?post=25066"},{"taxonomy":"product_cat","embeddable":true,"href":"https:\/\/sakaba.mghosteur.com\/en\/wp-json\/wp\/v2\/product_cat?post=25066"},{"taxonomy":"product_tag","embeddable":true,"href":"https:\/\/sakaba.mghosteur.com\/en\/wp-json\/wp\/v2\/product_tag?post=25066"}],"curies":[{"name":"wp","href":"https:\/\/api.w.org\/{rel}","templated":true}]}}