{"id":25069,"date":"2022-11-11T12:20:02","date_gmt":"2022-11-11T12:20:02","guid":{"rendered":"http:\/\/www.sakababeauty.com\/?post_type=product&#038;p=25069"},"modified":"2022-11-11T12:22:08","modified_gmt":"2022-11-11T12:22:08","slug":"milani-conceal-perfect-2-in-1-09-tan-hale","status":"publish","type":"product","link":"https:\/\/sakaba.mghosteur.com\/en\/product\/milani-conceal-perfect-2-in-1-09-tan-hale\/","title":{"rendered":"MILANI Conceal +Perfect 2-IN-1 09 Tan Hal\u00e9"},"content":{"rendered":"","protected":false},"excerpt":{"rendered":"","protected":false},"featured_media":0,"comment_status":"closed","ping_status":"closed","template":"","meta":[],"product_brand":[],"product_cat":[377],"product_tag":[],"class_list":{"0":"post-25069","1":"product","2":"type-product","3":"status-publish","5":"product_cat-bath-body-works","7":"first","8":"instock","9":"shipping-taxable","10":"product-type-variable"},"jetpack-related-posts":[{"id":24935,"url":"https:\/\/sakaba.mghosteur.com\/en\/product\/maybelline-instant-age-rewind-effaceur-146-tan-haler\/","url_meta":{"origin":25069,"position":0},"title":"Maybelline Instant Age Rewind Effaceur 146-Tan Haler","author":"admin","date":"November 11, 2022","format":false,"excerpt":"","rel":"","context":"Similar post","block_context":{"text":"Similar post","link":""},"img":{"alt_text":"","src":"","width":0,"height":0},"classes":[]},{"id":34921,"url":"https:\/\/sakaba.mghosteur.com\/en\/product\/huda-beauty-glowish-poudre-compacte-09-extra-tan-2\/","url_meta":{"origin":25069,"position":1},"title":"HUDA BEAUTY GLOWISH POUDRE COMPACTE 09-EXTRA TAN","author":"admin","date":"June 3, 2024","format":false,"excerpt":"","rel":"","context":"Similar post","block_context":{"text":"Similar post","link":""},"img":{"alt_text":"","src":"","width":0,"height":0},"classes":[]},{"id":34918,"url":"https:\/\/sakaba.mghosteur.com\/en\/product\/huda-beauty-glowish-poudre-compacte-09-extra-tan\/","url_meta":{"origin":25069,"position":2},"title":"HUDA BEAUTY GLOWISH POUDRE COMPACTE 09-EXTRA TAN","author":"admin","date":"June 3, 2024","format":false,"excerpt":"","rel":"","context":"Similar post","block_context":{"text":"Similar post","link":""},"img":{"alt_text":"","src":"","width":0,"height":0},"classes":[]},{"id":33619,"url":"https:\/\/sakaba.mghosteur.com\/en\/product\/l-a-girl-pro-conceal-gc-996-2\/","url_meta":{"origin":25069,"position":3},"title":"L.A.GIRL Pro Conceal GC-996","author":"admin","date":"May 22, 2024","format":false,"excerpt":"","rel":"","context":"Similar post","block_context":{"text":"Similar post","link":""},"img":{"alt_text":"","src":"","width":0,"height":0},"classes":[]},{"id":35016,"url":"https:\/\/sakaba.mghosteur.com\/en\/product\/nars-radiant-creamy-concealer-ginger-medium-2-2\/","url_meta":{"origin":25069,"position":4},"title":"NARS RADIANT CREAMY CONCEALER GINGER MEDIUM 2","author":"admin","date":"June 5, 2024","format":false,"excerpt":"un anti-cernes polyvalent qui illumine, corrige et perfectionne jusqu'\u00e0 16 heures avec une couvrance cr\u00e9meuse moyenne \u00e0 modulable et un fini naturel et \u00e9clatant.","rel":"","context":"Similar post","block_context":{"text":"Similar post","link":""},"img":{"alt_text":"","src":"","width":0,"height":0},"classes":[]},{"id":35013,"url":"https:\/\/sakaba.mghosteur.com\/en\/product\/nars-radiant-creamy-concealer-ginger-medium-2\/","url_meta":{"origin":25069,"position":5},"title":"NARS RADIANT CREAMY CONCEALER GINGER MEDIUM 2","author":"admin","date":"June 5, 2024","format":false,"excerpt":"un anti-cernes polyvalent qui illumine, corrige et perfectionne jusqu'\u00e0 16 heures avec une couvrance cr\u00e9meuse moyenne \u00e0 modulable et un fini naturel et \u00e9clatant.","rel":"","context":"Similar post","block_context":{"text":"Similar post","link":""},"img":{"alt_text":"","src":"","width":0,"height":0},"classes":[]}],"_links":{"self":[{"href":"https:\/\/sakaba.mghosteur.com\/en\/wp-json\/wp\/v2\/product\/25069","targetHints":{"allow":["GET"]}}],"collection":[{"href":"https:\/\/sakaba.mghosteur.com\/en\/wp-json\/wp\/v2\/product"}],"about":[{"href":"https:\/\/sakaba.mghosteur.com\/en\/wp-json\/wp\/v2\/types\/product"}],"replies":[{"embeddable":true,"href":"https:\/\/sakaba.mghosteur.com\/en\/wp-json\/wp\/v2\/comments?post=25069"}],"version-history":[{"count":0,"href":"https:\/\/sakaba.mghosteur.com\/en\/wp-json\/wp\/v2\/product\/25069\/revisions"}],"wp:attachment":[{"href":"https:\/\/sakaba.mghosteur.com\/en\/wp-json\/wp\/v2\/media?parent=25069"}],"wp:term":[{"taxonomy":"product_brand","embeddable":true,"href":"https:\/\/sakaba.mghosteur.com\/en\/wp-json\/wp\/v2\/product_brand?post=25069"},{"taxonomy":"product_cat","embeddable":true,"href":"https:\/\/sakaba.mghosteur.com\/en\/wp-json\/wp\/v2\/product_cat?post=25069"},{"taxonomy":"product_tag","embeddable":true,"href":"https:\/\/sakaba.mghosteur.com\/en\/wp-json\/wp\/v2\/product_tag?post=25069"}],"curies":[{"name":"wp","href":"https:\/\/api.w.org\/{rel}","templated":true}]}}