{"id":25070,"date":"2022-11-11T12:15:13","date_gmt":"2022-11-11T12:15:13","guid":{"rendered":"http:\/\/www.sakababeauty.com\/?post_type=product&#038;p=25070"},"modified":"2022-11-11T12:15:13","modified_gmt":"2022-11-11T12:15:13","slug":"sr-evening-primrose-13000mg","status":"publish","type":"product","link":"https:\/\/sakaba.mghosteur.com\/en\/product\/sr-evening-primrose-13000mg\/","title":{"rendered":"SR EVENING PRIMROSE 13000MG"},"content":{"rendered":"","protected":false},"excerpt":{"rendered":"","protected":false},"featured_media":0,"comment_status":"closed","ping_status":"closed","template":"","meta":[],"product_brand":[],"product_cat":[381],"product_tag":[],"class_list":{"0":"post-25070","1":"product","2":"type-product","3":"status-publish","5":"product_cat-vitamine-et-complements","7":"first","8":"instock","9":"shipping-taxable","10":"product-type-simple"},"jetpack-related-posts":[{"id":25593,"url":"https:\/\/sakaba.mghosteur.com\/en\/product\/now-evening-primrose-oil-100-pure-moisturizing-oil\/","url_meta":{"origin":25070,"position":0},"title":"NOW EVENING PRIMROSE OIL 100% PURE MOISTURIZING OIL","author":"admin","date":"November 14, 2022","format":false,"excerpt":"","rel":"","context":"Similar post","block_context":{"text":"Similar post","link":""},"img":{"alt_text":"","src":"","width":0,"height":0},"classes":[]},{"id":26344,"url":"https:\/\/sakaba.mghosteur.com\/en\/product\/paulas-choice-enriched-calming-toner-with-vitamin-eprimrose\/","url_meta":{"origin":25070,"position":1},"title":"PAULA&#8217;S CHOICE ENRICHED CALMING TONER WITH VITAMIN E+PRIMROSE","author":"admin","date":"November 25, 2022","format":false,"excerpt":"Le Tonique Calmant Enrichi de la marque Paula's Choice est un toner hydratant qui apaise la peau s\u00e8che et squameuse, tout en revitalisant et en restaurant l'humidit\u00e9 perdue. Cette formule lact\u00e9e et hydratante nourrit et r\u00e9conforte les peaux s\u00e8ches, gr\u00e2ce aux huiles v\u00e9g\u00e9tales riches en antioxydants qui apaisent et prot\u00e8gent\u2026","rel":"","context":"Similar post","block_context":{"text":"Similar post","link":""},"img":{"alt_text":"","src":"","width":0,"height":0},"classes":[]}],"_links":{"self":[{"href":"https:\/\/sakaba.mghosteur.com\/en\/wp-json\/wp\/v2\/product\/25070","targetHints":{"allow":["GET"]}}],"collection":[{"href":"https:\/\/sakaba.mghosteur.com\/en\/wp-json\/wp\/v2\/product"}],"about":[{"href":"https:\/\/sakaba.mghosteur.com\/en\/wp-json\/wp\/v2\/types\/product"}],"replies":[{"embeddable":true,"href":"https:\/\/sakaba.mghosteur.com\/en\/wp-json\/wp\/v2\/comments?post=25070"}],"version-history":[{"count":0,"href":"https:\/\/sakaba.mghosteur.com\/en\/wp-json\/wp\/v2\/product\/25070\/revisions"}],"wp:attachment":[{"href":"https:\/\/sakaba.mghosteur.com\/en\/wp-json\/wp\/v2\/media?parent=25070"}],"wp:term":[{"taxonomy":"product_brand","embeddable":true,"href":"https:\/\/sakaba.mghosteur.com\/en\/wp-json\/wp\/v2\/product_brand?post=25070"},{"taxonomy":"product_cat","embeddable":true,"href":"https:\/\/sakaba.mghosteur.com\/en\/wp-json\/wp\/v2\/product_cat?post=25070"},{"taxonomy":"product_tag","embeddable":true,"href":"https:\/\/sakaba.mghosteur.com\/en\/wp-json\/wp\/v2\/product_tag?post=25070"}],"curies":[{"name":"wp","href":"https:\/\/api.w.org\/{rel}","templated":true}]}}